{"id":5240,"date":"2023-01-13T11:50:31","date_gmt":"2023-01-13T11:50:31","guid":{"rendered":"https:\/\/www.mysexualfantasy.eu\/?post_type=product&#038;p=5240"},"modified":"2023-12-06T15:56:31","modified_gmt":"2023-12-06T15:56:31","slug":"cute-secret-conejito-vibrador-12-velocidades","status":"publish","type":"product","link":"https:\/\/www.mysexualfantasy.eu\/en\/product\/cute-secret-conejito-vibrador-12-velocidades\/","title":{"rendered":"CUTE SECRET CONEJITO VIBRADOR 12 VELOCIDADES"},"content":{"rendered":"<p>Este conejito que con sus orejitas te har\u00e1n sentir nuevas emociones!!<\/p>\n<p>Su sencillo funcionamiento ( Mando con Cable) te permitir\u00e1 jugar en un sin fin de posibilidades, har\u00e1 f\u00e1cil la diversi\u00f3n. Mant\u00e9n pulsadas las teclas 12, los ritmos van cambiando.<\/p>\n<ul>\n<li>Es totalmente acuatica.<\/li>\n<li>Utilizalo como estimulador y juega!!<\/li>\n<li>Fabricado en silicona ABS\/TPR, respetar\u00e1 tu cuerpo y tu piel.<\/li>\n<li>Medidas del huevo: 65mm x 70mm.<\/li>\n<li>Color Lila.<\/li>\n<\/ul>\n<p>Utiliza pilas  AAA que las puedes encontrar en las seccion pilas y no estan INCLUIDAS. <\/p>","protected":false},"excerpt":{"rendered":"<p>BAILE CUTE SECRET RABBIT VIBRATOR PURPLE 12 SPEED<\/p>","protected":false},"featured_media":43968,"comment_status":"open","ping_status":"closed","template":"","meta":{"_monsterinsights_skip_tracking":false,"_monsterinsights_sitenote_active":false,"_monsterinsights_sitenote_note":"","_monsterinsights_sitenote_category":0,"_joinchat":[]},"product_brand":[],"product_cat":[1156,1152,1155,1165,1294,1153],"product_tag":[],"class_list":{"0":"post-5240","1":"product","2":"type-product","3":"status-publish","4":"has-post-thumbnail","6":"product_cat-juguetes-bienestar-juguetes-para-mujeresestimuladores","7":"product_cat-juguetes-bienestar","8":"product_cat-juguetes-bienestar-juguetes-para-mujeres","9":"product_cat-juguetes-bienestar-juguetes-para-mujeresmasturbadores-para-ellas","10":"product_cat-juguetes-bienestar-vibradoresmini-vibradores","11":"product_cat-juguetes-bienestar-vibradores","12":"yith_product_brand-baile","13":"yith_product_brand-bailebaile-stimulating","15":"first","16":"instock","17":"taxable","18":"shipping-taxable","19":"purchasable","20":"product-type-simple"},"aioseo_notices":[],"_links":{"self":[{"href":"https:\/\/www.mysexualfantasy.eu\/en\/wp-json\/wp\/v2\/product\/5240","targetHints":{"allow":["GET"]}}],"collection":[{"href":"https:\/\/www.mysexualfantasy.eu\/en\/wp-json\/wp\/v2\/product"}],"about":[{"href":"https:\/\/www.mysexualfantasy.eu\/en\/wp-json\/wp\/v2\/types\/product"}],"replies":[{"embeddable":true,"href":"https:\/\/www.mysexualfantasy.eu\/en\/wp-json\/wp\/v2\/comments?post=5240"}],"wp:featuredmedia":[{"embeddable":true,"href":"https:\/\/www.mysexualfantasy.eu\/en\/wp-json\/wp\/v2\/media\/43968"}],"wp:attachment":[{"href":"https:\/\/www.mysexualfantasy.eu\/en\/wp-json\/wp\/v2\/media?parent=5240"}],"wp:term":[{"taxonomy":"product_brand","embeddable":true,"href":"https:\/\/www.mysexualfantasy.eu\/en\/wp-json\/wp\/v2\/product_brand?post=5240"},{"taxonomy":"product_cat","embeddable":true,"href":"https:\/\/www.mysexualfantasy.eu\/en\/wp-json\/wp\/v2\/product_cat?post=5240"},{"taxonomy":"product_tag","embeddable":true,"href":"https:\/\/www.mysexualfantasy.eu\/en\/wp-json\/wp\/v2\/product_tag?post=5240"}],"curies":[{"name":"wp","href":"https:\/\/api.w.org\/{rel}","templated":true}]}}