{"id":52684,"date":"2023-01-13T12:41:21","date_gmt":"2023-01-13T12:41:21","guid":{"rendered":"https:\/\/www.mysexualfantasy.eu\/?post_type=product&#038;p=52684"},"modified":"2023-12-06T15:05:44","modified_gmt":"2023-12-06T15:05:44","slug":"black-hole-gel-base-agua-dilatacion-anal-150-ml","status":"publish","type":"product","link":"https:\/\/www.mysexualfantasy.eu\/en\/product\/black-hole-gel-base-agua-dilatacion-anal-150-ml\/","title":{"rendered":"BLACK HOLE &#8211; GEL BASE AGUA DILATACION ANAL 150 ML"},"content":{"rendered":"<p>Black Hole , Sin dudarlo la mejor opci\u00f3n ,dilatador y relajante est\u00e1 pensado especialmente para la pr\u00e1ctica de relaciones sexuales anales, siendo el lubricante dilatador por excelencia. Se trata de un lubricante anal de muy alta calidad recomendado tanto para todos aquellos que quieren iniciarse en la pr\u00e1ctica del sexo anal como para usuarios experimentados.\u00a0 Muchas parejas sienten curiosidad, pero muchas no se atreven a probarlo&#8230; La idea de que pueda causar dolor hace que se deje de lado muchas veces est\u00e1 pr\u00e1ctica, siendo una de las m\u00e1s placenteras.<\/p>\n<p>Black Hole Anal Relax fue desarrollado especialmente para el placer anal. Debido al efecto ligeramente adormecedor, el esf\u00ednter se relaja de manera efectiva y, por lo tanto, garantiza una penetraci\u00f3n indolora sin p\u00e9rdida de sensibilidad. Simplemente masajee suavemente en el ano, d\u00e9jelo actuar por un corto tiempo y comience su aventura de amor anal relajado.<\/p>\n<p>La composici\u00f3n especial sin grasa del lubricante soluble en agua y, por lo tanto, se puede lavar f\u00e1cilmente con agua, no tiene colorantes y no deja rastros, ni siquiera en los momentos apasionantes. Con una consistencia suave y sedosa que hace que la piel se sienta agradable y con una cobertura \u00f3ptima, El Black Hole Anal realax es ideal para hacer el amor satisfactoriamente y sin preocupaciones. \u00a1Calidad fabricada en Europa!<\/p>\n<p>Caracter\u00edsticas:<\/p>\n<ul>\n<li>Alto poder relajante y dilatador<\/li>\n<li>Lubricante a base de agua<\/li>\n<li>Especial para fuertes dilataciones (ej. Fisting)<\/li>\n<li>Compatible con preservativos<\/li>\n<li>Incoloro, inodoro e ins\u00edpido<\/li>\n<li>No graso<\/li>\n<li>Formato: 150 ml<\/li>\n<\/ul>\n<p>BLACK HOLE ANAL RELAX<\/p>\n<p>Fabricamos en base a la \u00a0experiencia y \u00a0lo importante que es probar cosas nuevas y ampliar sus horizontes sexuales. El eterno tema tab\u00fa del sexo anal es ahora socialmente aceptable y se practica de forma normal en millones de personas . Este lubricante ligeramente adormecedor se desarroll\u00f3 para que le resulte m\u00e1s f\u00e1cil comenzar con el coito anal<\/p>\n<p style=\"text-align: center;\"><iframe allow=\"autoplay; fullscreen; picture-in-picture\" allowfullscreen=\"\" frameborder=\"0\" height=\"360\" scrolling=\"no\" src=\"https:\/\/player.vimeo.com\/video\/600932351?h=e391ff8f46\" width=\"550\"><\/iframe><\/p>","protected":false},"excerpt":{"rendered":"<p>PACKAGING DISPONIBLE EN: \/es\/en\/fr\/de\/pt\/it\/ro\/el\/ru\/hu\/<\/p>","protected":false},"featured_media":52685,"comment_status":"open","ping_status":"closed","template":"","meta":{"_monsterinsights_skip_tracking":false,"_monsterinsights_sitenote_active":false,"_monsterinsights_sitenote_note":"","_monsterinsights_sitenote_category":0,"_joinchat":[]},"product_brand":[],"product_cat":[1211,1215,1203,1206],"product_tag":[],"class_list":{"0":"post-52684","1":"product","2":"type-product","3":"status-publish","4":"has-post-thumbnail","6":"product_cat-drogueria-lubricantesanal","7":"product_cat-drogueria-lubricantesanal-con-relajante","8":"product_cat-drogueria","9":"product_cat-drogueria-lubricantes","10":"yith_product_brand-black-hole","12":"first","13":"instock","14":"taxable","15":"shipping-taxable","16":"purchasable","17":"product-type-simple"},"aioseo_notices":[],"_links":{"self":[{"href":"https:\/\/www.mysexualfantasy.eu\/en\/wp-json\/wp\/v2\/product\/52684","targetHints":{"allow":["GET"]}}],"collection":[{"href":"https:\/\/www.mysexualfantasy.eu\/en\/wp-json\/wp\/v2\/product"}],"about":[{"href":"https:\/\/www.mysexualfantasy.eu\/en\/wp-json\/wp\/v2\/types\/product"}],"replies":[{"embeddable":true,"href":"https:\/\/www.mysexualfantasy.eu\/en\/wp-json\/wp\/v2\/comments?post=52684"}],"wp:featuredmedia":[{"embeddable":true,"href":"https:\/\/www.mysexualfantasy.eu\/en\/wp-json\/wp\/v2\/media\/52685"}],"wp:attachment":[{"href":"https:\/\/www.mysexualfantasy.eu\/en\/wp-json\/wp\/v2\/media?parent=52684"}],"wp:term":[{"taxonomy":"product_brand","embeddable":true,"href":"https:\/\/www.mysexualfantasy.eu\/en\/wp-json\/wp\/v2\/product_brand?post=52684"},{"taxonomy":"product_cat","embeddable":true,"href":"https:\/\/www.mysexualfantasy.eu\/en\/wp-json\/wp\/v2\/product_cat?post=52684"},{"taxonomy":"product_tag","embeddable":true,"href":"https:\/\/www.mysexualfantasy.eu\/en\/wp-json\/wp\/v2\/product_tag?post=52684"}],"curies":[{"name":"wp","href":"https:\/\/api.w.org\/{rel}","templated":true}]}}