{"id":52786,"date":"2023-01-13T12:42:17","date_gmt":"2023-01-13T12:42:17","guid":{"rendered":"https:\/\/www.mysexualfantasy.eu\/?post_type=product&#038;p=52786"},"modified":"2023-12-06T15:05:05","modified_gmt":"2023-12-06T15:05:05","slug":"xpower-lubricante-relajante-anal-base-agua-100-ml","status":"publish","type":"product","link":"https:\/\/www.mysexualfantasy.eu\/en\/product\/xpower-lubricante-relajante-anal-base-agua-100-ml\/","title":{"rendered":"XPOWER LUBRICANTE RELAJANTE ANAL BASE AGUA 100 ML"},"content":{"rendered":"<p>Labophyto presenta el Lubricante anal a base de agua gruesa de la l\u00ednea Xpower, un lubricante a base de agua dise\u00f1ado para uso anal. Con su textura espesa y resbaladiza tendr\u00e1s sensaciones intensas y t\u00f3rridas durante la sodom\u00eda. El confort extremo de este lubricante te permitir\u00e1 disfrutar al m\u00e1ximo. Su f\u00f3rmula con PH neutro y vegano respeta tu piel y ofrece una eficacia \u00f3ptima durante la sodom\u00eda.<\/p>\n<p><strong>El lubricante anal a base de agua espeso es, por lo tanto, el producto perfecto para:<\/strong><\/p>\n<ul>\n<li>Lubrica el coito anal gracias a su textura espesa y resbaladiza<\/li>\n<li>Asegurar el placer y la comodidad durante la sodom\u00eda<\/li>\n<li>Respeta la piel con su ph neutro y su f\u00f3rmula vegana<\/li>\n<\/ul>\n<p><strong>Instrucciones de uso:<\/strong><\/p>\n<p>Aplicar el Lubricante Anal a base de Agua Gruesa de la gama Xpower en la zona deseada del cuerpo. Esparce el producto f\u00e1cilmente debido a su composici\u00f3n a base de agua. Recuerda volver a aplicar lubricante durante el sexo anal si la piel lo absorbe para asegurar un placer continuo. El material se lava f\u00e1cilmente despu\u00e9s de su uso.<\/p>\n<p><strong>Peso neto:<\/strong><\/p>\n<p>100ml<\/p>\n<p><strong>Ingredientes:<\/strong><\/p>\n<p>Aqua, glicerina, hidroxietilcelulosa, benzoato de sodio, sorbato de potasio, hidr\u00f3xido de sodio, acetato de sodio, alcohol isoprop\u00edlico, celulosa, \u00e1cido c\u00edtrico<\/p>\n<p>Antes de usar el lubricante de forma habitual, aplica una peque\u00f1a cantidad en el antebrazo. Si se produce una reacci\u00f3n al\u00e9rgica, suspenda su uso. Mantener fuera del alcance de los ni\u00f1os. Conservar en un lugar fresco y oscuro. Despu\u00e9s de abrir, usar dentro de unos meses.<\/p>","protected":false},"excerpt":{"rendered":"<p>PACKAGING DISPONIBLE EN: \/fr\/en\/es\/it\/de\/nl\/<\/p>","protected":false},"featured_media":52787,"comment_status":"open","ping_status":"closed","template":"","meta":{"_monsterinsights_skip_tracking":false,"_monsterinsights_sitenote_active":false,"_monsterinsights_sitenote_note":"","_monsterinsights_sitenote_category":0,"_joinchat":[]},"product_brand":[],"product_cat":[1162,1211,1203,1152,1206],"product_tag":[],"class_list":{"0":"post-52786","1":"product","2":"type-product","3":"status-publish","4":"has-post-thumbnail","6":"product_cat-juguetes-bienestar-anal","7":"product_cat-drogueria-lubricantesanal","8":"product_cat-drogueria","9":"product_cat-juguetes-bienestar","10":"product_cat-drogueria-lubricantes","11":"yith_product_brand-labophyto","12":"yith_product_brand-labophytoxpower","14":"first","15":"instock","16":"taxable","17":"shipping-taxable","18":"purchasable","19":"product-type-simple"},"aioseo_notices":[],"_links":{"self":[{"href":"https:\/\/www.mysexualfantasy.eu\/en\/wp-json\/wp\/v2\/product\/52786","targetHints":{"allow":["GET"]}}],"collection":[{"href":"https:\/\/www.mysexualfantasy.eu\/en\/wp-json\/wp\/v2\/product"}],"about":[{"href":"https:\/\/www.mysexualfantasy.eu\/en\/wp-json\/wp\/v2\/types\/product"}],"replies":[{"embeddable":true,"href":"https:\/\/www.mysexualfantasy.eu\/en\/wp-json\/wp\/v2\/comments?post=52786"}],"wp:featuredmedia":[{"embeddable":true,"href":"https:\/\/www.mysexualfantasy.eu\/en\/wp-json\/wp\/v2\/media\/52787"}],"wp:attachment":[{"href":"https:\/\/www.mysexualfantasy.eu\/en\/wp-json\/wp\/v2\/media?parent=52786"}],"wp:term":[{"taxonomy":"product_brand","embeddable":true,"href":"https:\/\/www.mysexualfantasy.eu\/en\/wp-json\/wp\/v2\/product_brand?post=52786"},{"taxonomy":"product_cat","embeddable":true,"href":"https:\/\/www.mysexualfantasy.eu\/en\/wp-json\/wp\/v2\/product_cat?post=52786"},{"taxonomy":"product_tag","embeddable":true,"href":"https:\/\/www.mysexualfantasy.eu\/en\/wp-json\/wp\/v2\/product_tag?post=52786"}],"curies":[{"name":"wp","href":"https:\/\/api.w.org\/{rel}","templated":true}]}}