{"id":53455,"date":"2023-01-13T12:47:56","date_gmt":"2023-01-13T12:47:56","guid":{"rendered":"https:\/\/www.mysexualfantasy.eu\/?post_type=product&#038;p=53455"},"modified":"2023-12-06T16:20:23","modified_gmt":"2023-12-06T16:20:23","slug":"taloka-brazilian-balls-gel-excitante-efecto-calor-y-frio-5-bolas","status":"publish","type":"product","link":"https:\/\/www.mysexualfantasy.eu\/en\/product\/taloka-brazilian-balls-gel-excitante-efecto-calor-y-frio-5-bolas\/","title":{"rendered":"TALOKA &#8211; BRAZILIAN BALLS GEL EXCITANTE EFECTO CALOR Y FR\u00cdO 5 BOLAS"},"content":{"rendered":"<p><strong>PACK 5\u00a0BRAZILIAN BALLS GEL EXCITANTE- EFECTO CALOR Y FR\u00cdO<\/strong><\/p>\n<p>5 bolas brasile\u00f1as con LUBRICANTE DE GEL EXCITANTE EFECTO CONFORT PROPORCIONA UNA EXPLOSION DE PLACER Y UNA SENSACION DE CALOR Y FRIO, QUE LES PROPORCIONA UNA AVENTURA SIN IGUAL AL CONTACTO CON EL CALOR DEL CUERPO.<\/p>\n<p>Ideal para masajes. Al contacto con el calor del cuerpo, la bola se disuelve en poco tiempo, liberando el lubricante con el sabor que contienen.<\/p>\n<p>MODO DE USO: Enjuague sus manos con agua y envuelva la bola brasile\u00f1a durante 3 a 4 minutos hasta que comience a disolver un poco de aceite, luego col\u00f3quelo en la zona erogena y masaj\u00e9 suavemente hasta que se libere todo su aceite, poporcionando una explosi\u00f3n de placer y aroma.<\/p>\n<p>PRECAUCIONES: Conservar a temperatura ambiente y protegido de la luz solar y la humedad, mantener fuera del alcance de los ni\u00f1os y no colocar en el area de los ojos o en heridas.\u00a0Pueden ser usadas anal y vaginal. No son compatibles con el uso de preservativos al estar compuestas de aceite. NO INGERIR.<\/p>\n<p>DALE RIENDA SUELTA A TU IMAGINACION.<\/p>\n<p><strong>Diablo Picante<\/strong>, pioneros en Espa\u00f1a en la fabricaci\u00f3n\u00a0de art\u00edculos divertidos con tem\u00e1tica er\u00f3tica para todo tipo de celebraciones:\u00a0despedidas, cumplea\u00f1os, jubilaciones, bromas, fiestas y cualquier otro evento con amigos y compa\u00f1eros.<\/p>","protected":false},"excerpt":{"rendered":"<p>TALOKA &#8211; 5 BRAZILIAN BALLS HOT  COLD EFFECT EXCITING GEL<\/p>","protected":false},"featured_media":53456,"comment_status":"open","ping_status":"closed","template":"","meta":{"_monsterinsights_skip_tracking":false,"_monsterinsights_sitenote_active":false,"_monsterinsights_sitenote_note":"","_monsterinsights_sitenote_category":0,"_joinchat":[]},"product_brand":[],"product_cat":[1351,1203,1366,1365,1206],"product_tag":[],"class_list":{"0":"post-53455","1":"product","2":"type-product","3":"status-publish","4":"has-post-thumbnail","6":"product_cat-drogueria-lubricantesbolas-brazilian-balls","7":"product_cat-drogueria","8":"product_cat-drogueria-lubricantesefecto-calor","9":"product_cat-drogueria-lubricantesefecto-frio","10":"product_cat-drogueria-lubricantes","11":"yith_product_brand-diverty-sex","12":"yith_product_brand-diverty-sextaloka","14":"first","15":"instock","16":"taxable","17":"shipping-taxable","18":"purchasable","19":"product-type-simple"},"aioseo_notices":[],"_links":{"self":[{"href":"https:\/\/www.mysexualfantasy.eu\/en\/wp-json\/wp\/v2\/product\/53455","targetHints":{"allow":["GET"]}}],"collection":[{"href":"https:\/\/www.mysexualfantasy.eu\/en\/wp-json\/wp\/v2\/product"}],"about":[{"href":"https:\/\/www.mysexualfantasy.eu\/en\/wp-json\/wp\/v2\/types\/product"}],"replies":[{"embeddable":true,"href":"https:\/\/www.mysexualfantasy.eu\/en\/wp-json\/wp\/v2\/comments?post=53455"}],"wp:featuredmedia":[{"embeddable":true,"href":"https:\/\/www.mysexualfantasy.eu\/en\/wp-json\/wp\/v2\/media\/53456"}],"wp:attachment":[{"href":"https:\/\/www.mysexualfantasy.eu\/en\/wp-json\/wp\/v2\/media?parent=53455"}],"wp:term":[{"taxonomy":"product_brand","embeddable":true,"href":"https:\/\/www.mysexualfantasy.eu\/en\/wp-json\/wp\/v2\/product_brand?post=53455"},{"taxonomy":"product_cat","embeddable":true,"href":"https:\/\/www.mysexualfantasy.eu\/en\/wp-json\/wp\/v2\/product_cat?post=53455"},{"taxonomy":"product_tag","embeddable":true,"href":"https:\/\/www.mysexualfantasy.eu\/en\/wp-json\/wp\/v2\/product_tag?post=53455"}],"curies":[{"name":"wp","href":"https:\/\/api.w.org\/{rel}","templated":true}]}}