{"id":53671,"date":"2023-01-13T12:49:42","date_gmt":"2023-01-13T12:49:42","guid":{"rendered":"https:\/\/www.mysexualfantasy.eu\/?post_type=product&#038;p=53671"},"modified":"2023-12-06T16:19:36","modified_gmt":"2023-12-06T16:19:36","slug":"shunga-gel-estrechamiento-vaginal","status":"publish","type":"product","link":"https:\/\/www.mysexualfantasy.eu\/en\/product\/shunga-gel-estrechamiento-vaginal\/","title":{"rendered":"SHUNGA &#8211; GEL ESTRECHAMIENTO VAGINAL"},"content":{"rendered":"<p>Es una crema especialmente concebida para ayudar a tonificar los m\u00fasculos fl\u00e1cidos y a estrechar el conducto vaginal, gracias a su efecto astringente.<\/p>\n<p>Se aplica suavemente sobre las paredes vaginales.<br \/>Con este producto descubrir\u00e1s sensaciones nuevas que te llevar\u00e1n al paroxismo del orgasmo.<\/p>\n<p>Como cada mujer tiene una diferente sensibilidad, puedes aplicarlo repetidamente hasta obtener el punto perfecto y la sensaci\u00f3n m\u00e1s agradable.<\/p>\n<p>Conduzca a su pareja a la exaltaci\u00f3n pura envolviendolo vigorosamente y redescubra el placer sexual alcanzando niveles de intimidad que usted pens\u00f3 perdidos para siempre&#8230;.<\/p>\n<p>Cantidad 30 ml.<\/p>\n<p>Shunga es L\u00edder mundia en cosmetica Erotica, sus ingredientes naturales fusionado con principios activos logran un gran resultado<\/p>\n<p>Entrar en el mundo er\u00f3tico de Shunga es viajar al pasado. Traducido literalmente, Shunga significa \u2018imagen de primavera, una manera delicada de decir \u2018relaciones sexuales entre personas.<\/p>\n<p>Esta palabra se usaba para designar las pinturas er\u00f3ticas japonesas del siglo XVI, XVII y XVIII, un tipo llamado ukiyo-e, que no eran otra cosa que obras sobre madera o pergamino con escenas sensuales y episodios de amor carnal, siempre elaborados con mucho cuidado y buen gusto.<\/p>\n<p>El arte Shunga, aunque oculto durante siglos, marc\u00f3 el principio de la industria pornogr\u00e1fica para la clase media nipona y sirvi\u00f3 durante generaciones como ense\u00f1anza para los hijos y las hijas de muchas familias.<\/p>\n<p><img decoding=\"async\" alt=\"\" src=\"https:\/\/store.dreamlove.es\/UserFiles\/image\/banderas.png\" style=\"width: 121px; height: 35px;\" \/><\/p>","protected":false},"excerpt":{"rendered":"<p>PACKAGING DISPONIBLE EN: \/es\/en\/fr\/de\/<\/p>","protected":false},"featured_media":53672,"comment_status":"open","ping_status":"closed","template":"","meta":{"_monsterinsights_skip_tracking":false,"_monsterinsights_sitenote_active":false,"_monsterinsights_sitenote_note":"","_monsterinsights_sitenote_category":0,"_joinchat":[]},"product_brand":[],"product_cat":[1203,1209,1354],"product_tag":[],"class_list":{"0":"post-53671","1":"product","2":"type-product","3":"status-publish","4":"has-post-thumbnail","6":"product_cat-drogueria","7":"product_cat-drogueria-estimulantes-para-ellas","8":"product_cat-drogueria-estimulantes-para-ellasestrechamiento-vaginal","9":"yith_product_brand-shunga","10":"yith_product_brand-shungashunga-aphrodisiacs","12":"first","13":"instock","14":"taxable","15":"shipping-taxable","16":"purchasable","17":"product-type-simple"},"aioseo_notices":[],"_links":{"self":[{"href":"https:\/\/www.mysexualfantasy.eu\/en\/wp-json\/wp\/v2\/product\/53671","targetHints":{"allow":["GET"]}}],"collection":[{"href":"https:\/\/www.mysexualfantasy.eu\/en\/wp-json\/wp\/v2\/product"}],"about":[{"href":"https:\/\/www.mysexualfantasy.eu\/en\/wp-json\/wp\/v2\/types\/product"}],"replies":[{"embeddable":true,"href":"https:\/\/www.mysexualfantasy.eu\/en\/wp-json\/wp\/v2\/comments?post=53671"}],"wp:featuredmedia":[{"embeddable":true,"href":"https:\/\/www.mysexualfantasy.eu\/en\/wp-json\/wp\/v2\/media\/53672"}],"wp:attachment":[{"href":"https:\/\/www.mysexualfantasy.eu\/en\/wp-json\/wp\/v2\/media?parent=53671"}],"wp:term":[{"taxonomy":"product_brand","embeddable":true,"href":"https:\/\/www.mysexualfantasy.eu\/en\/wp-json\/wp\/v2\/product_brand?post=53671"},{"taxonomy":"product_cat","embeddable":true,"href":"https:\/\/www.mysexualfantasy.eu\/en\/wp-json\/wp\/v2\/product_cat?post=53671"},{"taxonomy":"product_tag","embeddable":true,"href":"https:\/\/www.mysexualfantasy.eu\/en\/wp-json\/wp\/v2\/product_tag?post=53671"}],"curies":[{"name":"wp","href":"https:\/\/api.w.org\/{rel}","templated":true}]}}