{"id":53877,"date":"2023-01-13T12:51:36","date_gmt":"2023-01-13T12:51:36","guid":{"rendered":"https:\/\/www.mysexualfantasy.eu\/?post_type=product&#038;p=53877"},"modified":"2023-12-06T16:19:48","modified_gmt":"2023-12-06T16:19:48","slug":"mensize-xl-capsulas-aumento-ereccion-60-unid","status":"publish","type":"product","link":"https:\/\/www.mysexualfantasy.eu\/en\/product\/mensize-xl-capsulas-aumento-ereccion-60-unid\/","title":{"rendered":"MENSIZE XL CAPSULAS AUMENTO ERECCION 60 UNID"},"content":{"rendered":"<p>Para qui\u00e9n?<\/p>\n<ul>\n<li>Hombres que quieren un pene m\u00e1s largo y grueso Hombres que quieren erecciones m\u00e1s fuertes<\/li>\n<\/ul>\n<p>Los ingredientes activos<\/p>\n<ul>\n<li>Lovage: Esta planta mejora la resistencia sexual y fortalece la virilidad<\/li>\n<li>Ginseng : Ayuda a inducir y mejorar las erecciones Piper Nigrum: Aumenta la circulaci\u00f3n sangu\u00ednea a trav\u00e9s de los peque\u00f1os vasos sangu\u00edneos y capilares<\/li>\n<li>Tr\u00e9bol dulce: Se utiliza para mejorar la circulaci\u00f3n sangu\u00ednea en los micro vasos<\/li>\n<li>Boswellia: El extracto de este \u00e1rbol apoya el rendimiento sexual de los hombres<\/li>\n<li>Tribulus.: Ayuda a mantener los niveles de testosterona<\/li>\n<\/ul>\n<p>Dosificaci\u00f3n<\/p>\n<ul>\n<li>2 c\u00e1psulas al d\u00eda con un vaso grande de agua, preferiblemente por la ma\u00f1ana<\/li>\n<\/ul>\n<p>No se puede sustituir por una dieta variada y equilibrada. Para ser tomado como parte de un estilo de vida saludable. Mantener fuera del alcance de los ni\u00f1os. No exceda la dosis diaria recomendada. Reservado exclusivamente para hombres adultos. No debe utilizarse en mujeres, ni\u00f1os o adolescentes. No se recomienda para la terapia antihipertensiva o agentes antidiab\u00e9ticos. Almacenar en un lugar seco lejos de la luz<\/p>","protected":false},"excerpt":{"rendered":"<p>PACKAGING DISPONIBLE EN: \/fr\/en\/es\/it\/de\/<\/p>","protected":false},"featured_media":53878,"comment_status":"open","ping_status":"closed","template":"","meta":{"_monsterinsights_skip_tracking":false,"_monsterinsights_sitenote_active":false,"_monsterinsights_sitenote_note":"","_monsterinsights_sitenote_category":0,"_joinchat":[]},"product_brand":[],"product_cat":[1345,1359,1355,1203,1342],"product_tag":[],"class_list":{"0":"post-53877","1":"product","2":"type-product","3":"status-publish","4":"has-post-thumbnail","6":"product_cat-drogueria-estimulantes-para-elloscapsulas","7":"product_cat-drogueria-complementos-alimenticioscapsulas-para-hombres","8":"product_cat-drogueria-complementos-alimenticios","9":"product_cat-drogueria","10":"product_cat-drogueria-estimulantes-para-ellos","11":"yith_product_brand-labophyto","13":"first","14":"instock","15":"taxable","16":"shipping-taxable","17":"purchasable","18":"product-type-simple"},"aioseo_notices":[],"_links":{"self":[{"href":"https:\/\/www.mysexualfantasy.eu\/en\/wp-json\/wp\/v2\/product\/53877","targetHints":{"allow":["GET"]}}],"collection":[{"href":"https:\/\/www.mysexualfantasy.eu\/en\/wp-json\/wp\/v2\/product"}],"about":[{"href":"https:\/\/www.mysexualfantasy.eu\/en\/wp-json\/wp\/v2\/types\/product"}],"replies":[{"embeddable":true,"href":"https:\/\/www.mysexualfantasy.eu\/en\/wp-json\/wp\/v2\/comments?post=53877"}],"wp:featuredmedia":[{"embeddable":true,"href":"https:\/\/www.mysexualfantasy.eu\/en\/wp-json\/wp\/v2\/media\/53878"}],"wp:attachment":[{"href":"https:\/\/www.mysexualfantasy.eu\/en\/wp-json\/wp\/v2\/media?parent=53877"}],"wp:term":[{"taxonomy":"product_brand","embeddable":true,"href":"https:\/\/www.mysexualfantasy.eu\/en\/wp-json\/wp\/v2\/product_brand?post=53877"},{"taxonomy":"product_cat","embeddable":true,"href":"https:\/\/www.mysexualfantasy.eu\/en\/wp-json\/wp\/v2\/product_cat?post=53877"},{"taxonomy":"product_tag","embeddable":true,"href":"https:\/\/www.mysexualfantasy.eu\/en\/wp-json\/wp\/v2\/product_tag?post=53877"}],"curies":[{"name":"wp","href":"https:\/\/api.w.org\/{rel}","templated":true}]}}