{"id":53885,"date":"2023-01-13T12:51:39","date_gmt":"2023-01-13T12:51:39","guid":{"rendered":"https:\/\/www.mysexualfantasy.eu\/?post_type=product&#038;p=53885"},"modified":"2023-12-06T16:19:48","modified_gmt":"2023-12-06T16:19:48","slug":"testoman-complemento-alimenticio-testosterona-60-capsulas","status":"publish","type":"product","link":"https:\/\/www.mysexualfantasy.eu\/en\/product\/testoman-complemento-alimenticio-testosterona-60-capsulas\/","title":{"rendered":"TESTOMAN COMPLEMENTO ALIMENTICIO TESTOSTERONA 60 CAPSULAS"},"content":{"rendered":"<p>Para qui\u00e9n?<\/p>\n<ul>\n<li>Hombres que quieren aumentar su virilidad Hombres que quieren mejorar su resistencia sexual<\/li>\n<\/ul>\n<p>Los ingredientes activos<\/p>\n<ul>\n<li>Gugul: esta planta india ayuda a mantener el buen funcionamiento de la pr\u00f3stata<\/li>\n<li>B\u00e1lsamo de lim\u00f3n: esta planta ayuda a mantener el equilibrio hormonal natural del cuerpo humano<\/li>\n<li>Tribulus: esta planta promueve el deseo sexual y el rendimiento<\/li>\n<li>Vitamina D: ayuda a mantener la funci\u00f3n muscular<\/li>\n<li>Vitamina B6: ayuda a regular la actividad hormonal<\/li>\n<li>Tribulus y zinc: ayudar a mantener los niveles normales de testosterona en la sangre<\/li>\n<li>Zinc: este oligoelemento contribuye a la fertilidad y reproducci\u00f3n normales<\/li>\n<\/ul>\n<p>Dosificaci\u00f3n<\/p>\n<ul>\n<li>2 c\u00e1psulas al d\u00eda con un vaso grande de agua, preferiblemente por la ma\u00f1ana<\/li>\n<\/ul>","protected":false},"excerpt":{"rendered":"<p>PACKAGING DISPONIBLE EN: \/fr\/en\/de\/<\/p>","protected":false},"featured_media":53886,"comment_status":"open","ping_status":"closed","template":"","meta":{"_monsterinsights_skip_tracking":false,"_monsterinsights_sitenote_active":false,"_monsterinsights_sitenote_note":"","_monsterinsights_sitenote_category":0,"_joinchat":[]},"product_brand":[],"product_cat":[1359,1355,1203],"product_tag":[],"class_list":{"0":"post-53885","1":"product","2":"type-product","3":"status-publish","4":"has-post-thumbnail","6":"product_cat-drogueria-complementos-alimenticioscapsulas-para-hombres","7":"product_cat-drogueria-complementos-alimenticios","8":"product_cat-drogueria","9":"yith_product_brand-labophyto","11":"first","12":"instock","13":"taxable","14":"shipping-taxable","15":"purchasable","16":"product-type-simple"},"aioseo_notices":[],"_links":{"self":[{"href":"https:\/\/www.mysexualfantasy.eu\/en\/wp-json\/wp\/v2\/product\/53885","targetHints":{"allow":["GET"]}}],"collection":[{"href":"https:\/\/www.mysexualfantasy.eu\/en\/wp-json\/wp\/v2\/product"}],"about":[{"href":"https:\/\/www.mysexualfantasy.eu\/en\/wp-json\/wp\/v2\/types\/product"}],"replies":[{"embeddable":true,"href":"https:\/\/www.mysexualfantasy.eu\/en\/wp-json\/wp\/v2\/comments?post=53885"}],"wp:featuredmedia":[{"embeddable":true,"href":"https:\/\/www.mysexualfantasy.eu\/en\/wp-json\/wp\/v2\/media\/53886"}],"wp:attachment":[{"href":"https:\/\/www.mysexualfantasy.eu\/en\/wp-json\/wp\/v2\/media?parent=53885"}],"wp:term":[{"taxonomy":"product_brand","embeddable":true,"href":"https:\/\/www.mysexualfantasy.eu\/en\/wp-json\/wp\/v2\/product_brand?post=53885"},{"taxonomy":"product_cat","embeddable":true,"href":"https:\/\/www.mysexualfantasy.eu\/en\/wp-json\/wp\/v2\/product_cat?post=53885"},{"taxonomy":"product_tag","embeddable":true,"href":"https:\/\/www.mysexualfantasy.eu\/en\/wp-json\/wp\/v2\/product_tag?post=53885"}],"curies":[{"name":"wp","href":"https:\/\/api.w.org\/{rel}","templated":true}]}}