{"id":53929,"date":"2023-01-13T12:51:56","date_gmt":"2023-01-13T12:51:56","guid":{"rendered":"https:\/\/www.mysexualfantasy.eu\/?post_type=product&#038;p=53929"},"modified":"2023-12-06T17:24:08","modified_gmt":"2023-12-06T17:24:08","slug":"durex-placer-prolongado-retardante-12-unid","status":"publish","type":"product","link":"https:\/\/www.mysexualfantasy.eu\/en\/product\/durex-placer-prolongado-retardante-12-unid\/","title":{"rendered":"DUREX &#8211; PLACER PROLONGADO RETARDANTE 12 UNIDADES"},"content":{"rendered":"<p>Durex Placer Prolongado son preservativos con lubricante Performa para un placer m\u00e1s duradero. Durex Placer Prolongado prolonga tus relaciones gracias a su efecto retardante, incrementando el tiempo de disfrute.<\/p>\n<p>Caracter\u00edsticas de Durex Placer Prolongado:<\/p>\n<ul>\n<li>Preservativo de l\u00e1tex de caucho natural, liso<\/li>\n<li>Contiene lubricante Performa con 5% de benzoca\u00edna que retrasa la eyaculaci\u00f3n de \u00e9l<\/li>\n<li>Transparente y lubricado<\/li>\n<li>Forma anat\u00f3mica Easy-On, con dep\u00f3sito<\/li>\n<li>Preservativos transparentes<\/li>\n<li>Anchura nominal: 56mm<\/li>\n<\/ul>\n<p>La forma especial en que se fabrica Durex Placer Prolongado hace que huelan mejor para que no hayan inc\u00f3modas distracciones, por lo que podr\u00e1s relajarte y disfrutar.<\/p>\n<p>El lubricante de Durex Placer Prolongado puede causar erupciones, irritaci\u00f3n, ardor o picor.<\/p>\n<p>Ev\u00edtese el contacto con los ojos. L\u00edmpiate despu\u00e9s de su uso. Si sientes irritaci\u00f3n, discontin\u00faa su uso y si no experimentas mejor\u00eda, consulta a un m\u00e9dico.<\/p>\n<p>No utilices estos preservativos si t\u00fa o tu pareja ten\u00e9is la piel inflamada o agrietada. Si t\u00fa o tu pareja experiment\u00e1is dificultad respiratoria o se os ponen los labios azules mientras utiliz\u00e1is estos preservativos, dejad de usarlo inmediatamente y llamad al m\u00e9dico.<\/p>\n<p>La eyaculaci\u00f3n precoz es un problema com\u00fan, que puede ser debida a causas que requieren atenci\u00f3n m\u00e9dica. Si estos preservativos no te ayudan, consulta con tu m\u00e9dico.<\/p>\n<p>Estuche 12 Unidades<\/p>","protected":false},"excerpt":{"rendered":"<p>PACKAGING DISPONIBLE EN: \/es\/pt\/<\/p>","protected":false},"featured_media":53930,"comment_status":"open","ping_status":"closed","template":"","meta":{"_monsterinsights_skip_tracking":false,"_monsterinsights_sitenote_active":false,"_monsterinsights_sitenote_note":"","_monsterinsights_sitenote_category":0,"_joinchat":[]},"product_brand":[],"product_cat":[1464,1203,1342,1229,600,1343,1459],"product_tag":[],"class_list":{"0":"post-53929","1":"product","2":"type-product","3":"status-publish","4":"has-post-thumbnail","6":"product_cat-preservativos-todos-los-tamanos-de-cajascajas-de-4-a-24","7":"product_cat-drogueria","8":"product_cat-drogueria-estimulantes-para-ellos","9":"product_cat-preservativos-gama-placer-prolongado","10":"product_cat-preservativos","11":"product_cat-drogueria-estimulantes-para-ellosretardantes","12":"product_cat-preservativos-todos-los-tamanos-de-cajas","13":"yith_product_brand-durex","14":"yith_product_brand-durexdurex-condoms","16":"first","17":"instock","18":"taxable","19":"shipping-taxable","20":"purchasable","21":"product-type-simple"},"aioseo_notices":[],"_links":{"self":[{"href":"https:\/\/www.mysexualfantasy.eu\/en\/wp-json\/wp\/v2\/product\/53929","targetHints":{"allow":["GET"]}}],"collection":[{"href":"https:\/\/www.mysexualfantasy.eu\/en\/wp-json\/wp\/v2\/product"}],"about":[{"href":"https:\/\/www.mysexualfantasy.eu\/en\/wp-json\/wp\/v2\/types\/product"}],"replies":[{"embeddable":true,"href":"https:\/\/www.mysexualfantasy.eu\/en\/wp-json\/wp\/v2\/comments?post=53929"}],"wp:featuredmedia":[{"embeddable":true,"href":"https:\/\/www.mysexualfantasy.eu\/en\/wp-json\/wp\/v2\/media\/53930"}],"wp:attachment":[{"href":"https:\/\/www.mysexualfantasy.eu\/en\/wp-json\/wp\/v2\/media?parent=53929"}],"wp:term":[{"taxonomy":"product_brand","embeddable":true,"href":"https:\/\/www.mysexualfantasy.eu\/en\/wp-json\/wp\/v2\/product_brand?post=53929"},{"taxonomy":"product_cat","embeddable":true,"href":"https:\/\/www.mysexualfantasy.eu\/en\/wp-json\/wp\/v2\/product_cat?post=53929"},{"taxonomy":"product_tag","embeddable":true,"href":"https:\/\/www.mysexualfantasy.eu\/en\/wp-json\/wp\/v2\/product_tag?post=53929"}],"curies":[{"name":"wp","href":"https:\/\/api.w.org\/{rel}","templated":true}]}}