{"id":53934,"date":"2023-01-13T12:51:57","date_gmt":"2023-01-13T12:51:57","guid":{"rendered":"https:\/\/www.mysexualfantasy.eu\/?post_type=product&#038;p=53934"},"modified":"2023-12-06T17:24:08","modified_gmt":"2023-12-06T17:24:08","slug":"durex-sensitivo-contacto-total-12-uds","status":"publish","type":"product","link":"https:\/\/www.mysexualfantasy.eu\/en\/product\/durex-sensitivo-contacto-total-12-uds\/","title":{"rendered":"DUREX &#8211; SENSITIVO CONTACTO TOTAL 12 UNIDADES"},"content":{"rendered":"<p style=\"line-height: 16.6399993896484px;\">Durex Sensitivo Contacto Total es uno de nuestros preservativos m\u00e1s finos con ajuste Sensi-Fit para una mayor sensibilidad dise\u00f1ado para mejorar la sensibilidad entre t\u00fa y tu pareja. Son preservativos ultra finos para ofrecerte mayor sensibilidad y aumentar el placer.<br \/>Caracter\u00edsticas de Durex Sensitivo Contacto Total:<\/p>\n<ul style=\"line-height: 16.6399993896484px;\">\n<li>Preservativo de l\u00e1tex de caucho natural, ultrafino<\/li>\n<li>Transparente y lubricado<\/li>\n<li>Forma recta con ajuste Sensi-Fit y dep\u00f3sito<\/li>\n<li>Anchura nominal: 52mm<\/li>\n<\/ul>\n<p style=\"line-height: 16.6399993896484px;\">Son un 20% m\u00e1s finos que nuestros preservativos de l\u00e1tex est\u00e1ndar garantizando la misma seguridad y protecci\u00f3n. La forma especial en que se fabrica Durex Sensitivo Contacto Total hace que huelan mejor para que no hayan inc\u00f3modas distracciones, por lo que podr\u00e1s relajarte y disfrutar.<\/p>\n<p style=\"line-height: 16.6399993896484px;\">Lee el folleto que contiene el interior de este estuche cuidadosamente, en especial si utilizas los preservativos para sexo oral o anal<\/p>\n<p style=\"line-height: 16.6399993896484px;\">Estuche 12\u00a0Unidades<\/p>","protected":false},"excerpt":{"rendered":"<p>DUREX &#8211; SENSITIVE CONTACT TOTAL 12 UNITS<\/p>","protected":false},"featured_media":53935,"comment_status":"open","ping_status":"closed","template":"","meta":{"_monsterinsights_skip_tracking":false,"_monsterinsights_sitenote_active":false,"_monsterinsights_sitenote_note":"","_monsterinsights_sitenote_category":0,"_joinchat":[]},"product_brand":[],"product_cat":[1464,600,1465,1459],"product_tag":[],"class_list":{"0":"post-53934","1":"product","2":"type-product","3":"status-publish","4":"has-post-thumbnail","6":"product_cat-preservativos-todos-los-tamanos-de-cajascajas-de-4-a-24","7":"product_cat-preservativos","8":"product_cat-preservativos-sensitivos","9":"product_cat-preservativos-todos-los-tamanos-de-cajas","10":"yith_product_brand-durex","11":"yith_product_brand-durexdurex-condoms","13":"first","14":"instock","15":"taxable","16":"shipping-taxable","17":"purchasable","18":"product-type-simple"},"aioseo_notices":[],"_links":{"self":[{"href":"https:\/\/www.mysexualfantasy.eu\/en\/wp-json\/wp\/v2\/product\/53934","targetHints":{"allow":["GET"]}}],"collection":[{"href":"https:\/\/www.mysexualfantasy.eu\/en\/wp-json\/wp\/v2\/product"}],"about":[{"href":"https:\/\/www.mysexualfantasy.eu\/en\/wp-json\/wp\/v2\/types\/product"}],"replies":[{"embeddable":true,"href":"https:\/\/www.mysexualfantasy.eu\/en\/wp-json\/wp\/v2\/comments?post=53934"}],"wp:featuredmedia":[{"embeddable":true,"href":"https:\/\/www.mysexualfantasy.eu\/en\/wp-json\/wp\/v2\/media\/53935"}],"wp:attachment":[{"href":"https:\/\/www.mysexualfantasy.eu\/en\/wp-json\/wp\/v2\/media?parent=53934"}],"wp:term":[{"taxonomy":"product_brand","embeddable":true,"href":"https:\/\/www.mysexualfantasy.eu\/en\/wp-json\/wp\/v2\/product_brand?post=53934"},{"taxonomy":"product_cat","embeddable":true,"href":"https:\/\/www.mysexualfantasy.eu\/en\/wp-json\/wp\/v2\/product_cat?post=53934"},{"taxonomy":"product_tag","embeddable":true,"href":"https:\/\/www.mysexualfantasy.eu\/en\/wp-json\/wp\/v2\/product_tag?post=53934"}],"curies":[{"name":"wp","href":"https:\/\/api.w.org\/{rel}","templated":true}]}}