{"id":53941,"date":"2023-01-13T12:51:59","date_gmt":"2023-01-13T12:51:59","guid":{"rendered":"https:\/\/www.mysexualfantasy.eu\/?post_type=product&#038;p=53941"},"modified":"2023-12-06T17:24:09","modified_gmt":"2023-12-06T17:24:09","slug":"control-free-sin-latex-preservativos-5-unidades","status":"publish","type":"product","link":"https:\/\/www.mysexualfantasy.eu\/en\/product\/control-free-sin-latex-preservativos-5-unidades\/","title":{"rendered":"CONTROL FREE SIN LATEX PRESERVATIVOS 5 UNIDADES"},"content":{"rendered":"<p>Preservativo ultrafino de poliuretano para los al\u00e9rgicos al l\u00e1tex o para los que quieran un preservativo muy resistente sin perder sensaci\u00f3n.<\/p>\n<p>\u00a0Ultrafino-libre de l\u00e1tex.<\/p>\n<ul>\n<li>\u2022 Preservativos fabricados en poliuretano.<\/li>\n<li>\u2022 Control L\u00e1tex Free aporta una \u00d3PTIMA sensibilidad.<\/li>\n<li>\u2022 Liso, cil\u00edndrico, transparente, lubricado y con dep\u00f3sito.<\/li>\n<li>\u2022 Anchura nominal 58 mm<\/li>\n<\/ul>\n<p>Si eres alergico o quieres un preservativo resistente Control Free Latex es el tuyo!<\/p>\n<p style=\"text-align: center;\"><img fetchpriority=\"high\" decoding=\"async\" alt=\"\" height=\"230\" src=\"https:\/\/interno.dreamlove.es\/UserFiles\/image\/homeGama.png\" width=\"505\" \/><\/p>","protected":false},"excerpt":{"rendered":"<p>CONTROL FREE SIN LATEX CONDOMS 5 UNITS<\/p>","protected":false},"featured_media":53942,"comment_status":"open","ping_status":"closed","template":"","meta":{"_monsterinsights_skip_tracking":false,"_monsterinsights_sitenote_active":false,"_monsterinsights_sitenote_note":"","_monsterinsights_sitenote_category":0,"_joinchat":[]},"product_brand":[],"product_cat":[1464,600,1228,1459],"product_tag":[],"class_list":{"0":"post-53941","1":"product","2":"type-product","3":"status-publish","4":"has-post-thumbnail","6":"product_cat-preservativos-todos-los-tamanos-de-cajascajas-de-4-a-24","7":"product_cat-preservativos","8":"product_cat-preservativos-sin-latex","9":"product_cat-preservativos-todos-los-tamanos-de-cajas","10":"yith_product_brand-control","11":"yith_product_brand-controlcontrol-condoms","13":"first","14":"instock","15":"taxable","16":"shipping-taxable","17":"purchasable","18":"product-type-simple"},"aioseo_notices":[],"_links":{"self":[{"href":"https:\/\/www.mysexualfantasy.eu\/en\/wp-json\/wp\/v2\/product\/53941","targetHints":{"allow":["GET"]}}],"collection":[{"href":"https:\/\/www.mysexualfantasy.eu\/en\/wp-json\/wp\/v2\/product"}],"about":[{"href":"https:\/\/www.mysexualfantasy.eu\/en\/wp-json\/wp\/v2\/types\/product"}],"replies":[{"embeddable":true,"href":"https:\/\/www.mysexualfantasy.eu\/en\/wp-json\/wp\/v2\/comments?post=53941"}],"wp:featuredmedia":[{"embeddable":true,"href":"https:\/\/www.mysexualfantasy.eu\/en\/wp-json\/wp\/v2\/media\/53942"}],"wp:attachment":[{"href":"https:\/\/www.mysexualfantasy.eu\/en\/wp-json\/wp\/v2\/media?parent=53941"}],"wp:term":[{"taxonomy":"product_brand","embeddable":true,"href":"https:\/\/www.mysexualfantasy.eu\/en\/wp-json\/wp\/v2\/product_brand?post=53941"},{"taxonomy":"product_cat","embeddable":true,"href":"https:\/\/www.mysexualfantasy.eu\/en\/wp-json\/wp\/v2\/product_cat?post=53941"},{"taxonomy":"product_tag","embeddable":true,"href":"https:\/\/www.mysexualfantasy.eu\/en\/wp-json\/wp\/v2\/product_tag?post=53941"}],"curies":[{"name":"wp","href":"https:\/\/api.w.org\/{rel}","templated":true}]}}