{"id":54080,"date":"2023-01-13T12:52:36","date_gmt":"2023-01-13T12:52:36","guid":{"rendered":"https:\/\/www.mysexualfantasy.eu\/?post_type=product&#038;p=54080"},"modified":"2023-12-06T17:24:24","modified_gmt":"2023-12-06T17:24:24","slug":"control-adapta-fresa-preservativos-144-unidades","status":"publish","type":"product","link":"https:\/\/www.mysexualfantasy.eu\/en\/product\/control-adapta-fresa-preservativos-144-unidades\/","title":{"rendered":"CONTROL ADAPTA FRESA PRESERVATIVOS 144 UNIDADES"},"content":{"rendered":"<p>Bienvenido a la gama Originals, la opci\u00f3n id\u00f3nea para quienes buscan vivir la pasi\u00f3n de la forma m\u00e1s natural.<\/p>\n<p>Nuevo Formato ahorro de 144 unidades de Control. Preservativos del alta calidad y con aroma a Fresa, son ideales para practicar sexo oral o bien para darle un toque gracioso a tus encuentros Intimos.<\/p>\n<p>LA RELACI\u00d3N M\u00c1S NATURAL.<\/p>\n<ul>\n<li>Con forma Adapta.<\/li>\n<li>Liso y con aroma a Fresa<\/li>\n<li>L\u00e1tex m\u00e9dico de alta calidad<\/li>\n<li>Lubricado y con deposito<\/li>\n<li>L\u00e1tex color rojo<\/li>\n<li>Anchura Nominal 54mm<\/li>\n<li>Grosor 0,065 mm<\/li>\n<\/ul>\n<p>Siente grandes experiencias con Control!<\/p>\n<p>Envase de 144 unidades.<\/p>\n<p style=\"text-align: center;\"><img fetchpriority=\"high\" decoding=\"async\" alt=\"\" height=\"230\" src=\"https:\/\/interno.dreamlove.es\/UserFiles\/image\/homeGama.png\" width=\"505\" \/><\/p>","protected":false},"excerpt":{"rendered":"<p>CONTROL ADAPTA STRAWBERRY CONDOMS 144 UNITS<\/p>","protected":false},"featured_media":54081,"comment_status":"open","ping_status":"closed","template":"","meta":{"_monsterinsights_skip_tracking":false,"_monsterinsights_sitenote_active":false,"_monsterinsights_sitenote_note":"","_monsterinsights_sitenote_category":0,"_joinchat":[]},"product_brand":[],"product_cat":[1460,600,1230,1459],"product_tag":[],"class_list":{"0":"post-54080","1":"product","2":"type-product","3":"status-publish","4":"has-post-thumbnail","6":"product_cat-preservativos-todos-los-tamanos-de-cajascajas-de-30-a-288","7":"product_cat-preservativos","8":"product_cat-preservativos-sabores","9":"product_cat-preservativos-todos-los-tamanos-de-cajas","10":"yith_product_brand-control","11":"yith_product_brand-controlcontrol-condoms","13":"first","14":"instock","15":"taxable","16":"shipping-taxable","17":"purchasable","18":"product-type-simple"},"aioseo_notices":[],"_links":{"self":[{"href":"https:\/\/www.mysexualfantasy.eu\/en\/wp-json\/wp\/v2\/product\/54080","targetHints":{"allow":["GET"]}}],"collection":[{"href":"https:\/\/www.mysexualfantasy.eu\/en\/wp-json\/wp\/v2\/product"}],"about":[{"href":"https:\/\/www.mysexualfantasy.eu\/en\/wp-json\/wp\/v2\/types\/product"}],"replies":[{"embeddable":true,"href":"https:\/\/www.mysexualfantasy.eu\/en\/wp-json\/wp\/v2\/comments?post=54080"}],"wp:featuredmedia":[{"embeddable":true,"href":"https:\/\/www.mysexualfantasy.eu\/en\/wp-json\/wp\/v2\/media\/54081"}],"wp:attachment":[{"href":"https:\/\/www.mysexualfantasy.eu\/en\/wp-json\/wp\/v2\/media?parent=54080"}],"wp:term":[{"taxonomy":"product_brand","embeddable":true,"href":"https:\/\/www.mysexualfantasy.eu\/en\/wp-json\/wp\/v2\/product_brand?post=54080"},{"taxonomy":"product_cat","embeddable":true,"href":"https:\/\/www.mysexualfantasy.eu\/en\/wp-json\/wp\/v2\/product_cat?post=54080"},{"taxonomy":"product_tag","embeddable":true,"href":"https:\/\/www.mysexualfantasy.eu\/en\/wp-json\/wp\/v2\/product_tag?post=54080"}],"curies":[{"name":"wp","href":"https:\/\/api.w.org\/{rel}","templated":true}]}}