{"id":54194,"date":"2023-01-13T12:53:16","date_gmt":"2023-01-13T12:53:16","guid":{"rendered":"https:\/\/www.mysexualfantasy.eu\/?post_type=product&#038;p=54194"},"modified":"2023-12-06T16:18:30","modified_gmt":"2023-12-06T16:18:30","slug":"shunga-polvos-de-miel-tierna-de-ninfas","status":"publish","type":"product","link":"https:\/\/www.mysexualfantasy.eu\/en\/product\/shunga-polvos-de-miel-tierna-de-ninfas\/","title":{"rendered":"SHUNGA &#8211; POLVOS DE MIEL TIERNA DE NINFAS"},"content":{"rendered":"<p>Suaves, mimosos con la piel, comestibles, aterciopelantes y c\u00f3mplices, los polvos de miel son un hallazgo para explorar nuevas complicidades.<\/p>\n<p>Permiten <strong>una experiencia sensual completa<\/strong>: la imaginaci\u00f3n, las risas y el juego se disparan al esparcirlos sobre las zonas sensibles del compa\u00f1ero con una traviesa pluma que viene incluida; <strong>las caricias est\u00e1n aseguradas<\/strong> al notar la nueva tersura y suavidad de la piel, y los estremecimientos, el goce sensitivo, la picard\u00eda y la pasi\u00f3n explotan al pasar la lengua por los puntos cosquilleados por la pluma o al comer y\/o <strong>devorar al amante, con delicadeza exquisita, con golosa parsimonia o con voracidad<\/strong>.<\/p>\n<p>Para derrochar sensualidad por cada poro de vuestros cuerpos con cuatro sabores: cereza ardiente, sentimiento de frambuesa, lujuriosas frutas ex\u00f3ticas, y tierna miel de ninfas.<\/p>\n<p>Contenido 228 g.<\/p>\n<p>Shunga es L\u00edder mundia en cosmetica Erotica, sus ingredientes naturales fusionado con principios activos logran un gran resultado<\/p>\n<p>Entrar en el mundo er\u00f3tico de Shunga es viajar al pasado. Traducido literalmente, Shunga significa \u2018imagen de primavera, una manera delicada de decir \u2018relaciones sexuales entre personas.<\/p>\n<p>Esta palabra se usaba para designar las pinturas er\u00f3ticas japonesas del siglo XVI, XVII y XVIII, un tipo llamado ukiyo-e, que no eran otra cosa que obras sobre madera o pergamino con escenas sensuales y episodios de amor carnal, siempre elaborados con mucho cuidado y buen gusto.<\/p>\n<p>El arte Shunga, aunque oculto durante siglos, marc\u00f3 el principio de la industria pornogr\u00e1fica para la clase media nipona y sirvi\u00f3 durante generaciones como ense\u00f1anza para los hijos y las hijas de muchas familias.<\/p>\n<p><img decoding=\"async\" alt=\"\" src=\"https:\/\/store.dreamlove.es\/UserFiles\/image\/banderas.png\" style=\"width: 121px; height: 35px;\" \/><\/p>","protected":false},"excerpt":{"rendered":"<p>PACKAGING DISPONIBLE EN: \/es\/en\/fr\/de\/<\/p>","protected":false},"featured_media":54195,"comment_status":"open","ping_status":"closed","template":"","meta":{"_monsterinsights_skip_tracking":false,"_monsterinsights_sitenote_active":false,"_monsterinsights_sitenote_note":"","_monsterinsights_sitenote_category":0,"_joinchat":[]},"product_brand":[],"product_cat":[1203,1338],"product_tag":[],"class_list":{"0":"post-54194","1":"product","2":"type-product","3":"status-publish","4":"has-post-thumbnail","6":"product_cat-drogueria","7":"product_cat-drogueria-polvos-comestibles","8":"yith_product_brand-shunga","9":"yith_product_brand-shungashunga-body-power","11":"first","12":"instock","13":"taxable","14":"shipping-taxable","15":"purchasable","16":"product-type-simple"},"aioseo_notices":[],"_links":{"self":[{"href":"https:\/\/www.mysexualfantasy.eu\/en\/wp-json\/wp\/v2\/product\/54194","targetHints":{"allow":["GET"]}}],"collection":[{"href":"https:\/\/www.mysexualfantasy.eu\/en\/wp-json\/wp\/v2\/product"}],"about":[{"href":"https:\/\/www.mysexualfantasy.eu\/en\/wp-json\/wp\/v2\/types\/product"}],"replies":[{"embeddable":true,"href":"https:\/\/www.mysexualfantasy.eu\/en\/wp-json\/wp\/v2\/comments?post=54194"}],"wp:featuredmedia":[{"embeddable":true,"href":"https:\/\/www.mysexualfantasy.eu\/en\/wp-json\/wp\/v2\/media\/54195"}],"wp:attachment":[{"href":"https:\/\/www.mysexualfantasy.eu\/en\/wp-json\/wp\/v2\/media?parent=54194"}],"wp:term":[{"taxonomy":"product_brand","embeddable":true,"href":"https:\/\/www.mysexualfantasy.eu\/en\/wp-json\/wp\/v2\/product_brand?post=54194"},{"taxonomy":"product_cat","embeddable":true,"href":"https:\/\/www.mysexualfantasy.eu\/en\/wp-json\/wp\/v2\/product_cat?post=54194"},{"taxonomy":"product_tag","embeddable":true,"href":"https:\/\/www.mysexualfantasy.eu\/en\/wp-json\/wp\/v2\/product_tag?post=54194"}],"curies":[{"name":"wp","href":"https:\/\/api.w.org\/{rel}","templated":true}]}}