{"id":54395,"date":"2023-01-13T12:54:56","date_gmt":"2023-01-13T12:54:56","guid":{"rendered":"https:\/\/www.mysexualfantasy.eu\/?post_type=product&#038;p=54395"},"modified":"2023-12-06T15:03:46","modified_gmt":"2023-12-06T15:03:46","slug":"tentacion-lubricante-con-sabor-a-leche-de-coco-75ml","status":"publish","type":"product","link":"https:\/\/www.mysexualfantasy.eu\/en\/product\/tentacion-lubricante-con-sabor-a-leche-de-coco-75ml\/","title":{"rendered":"TENTACION LUBRICANTE CON SABOR A LECHE DE COCO 75ML"},"content":{"rendered":"<p>Lubricante con sabor potenciador.<\/p>\n<p>Fabricado en base acuosa y aromas de calidad alimentaci\u00f3n, es totalmente compatible con los preservativos.<\/p>\n<p>Su Sabor es inconfundible, potenciar\u00e1 el climax y favorecera tus relaciones intimas.<\/p>\n<p>Para uso externo. Seguro para el l\u00e1tex, Dermatol\u00f3gicamente probado. Hipoal\u00e9rgico.<\/p>\n<p>Sabor Leche de Coco<\/p>\n<p>Envase con 75ml<\/p>","protected":false},"excerpt":{"rendered":"<p>LUBRICANT FLAVOUR COCO<\/p>","protected":false},"featured_media":54396,"comment_status":"open","ping_status":"closed","template":"","meta":{"_monsterinsights_skip_tracking":false,"_monsterinsights_sitenote_active":false,"_monsterinsights_sitenote_note":"","_monsterinsights_sitenote_category":0,"_joinchat":[]},"product_brand":[],"product_cat":[1212,1203,1206],"product_tag":[],"class_list":{"0":"post-54395","1":"product","2":"type-product","3":"status-publish","4":"has-post-thumbnail","6":"product_cat-drogueria-lubricantescon-deliciosos-sabores","7":"product_cat-drogueria","8":"product_cat-drogueria-lubricantes","9":"yith_product_brand-tentaciones","11":"first","12":"instock","13":"taxable","14":"shipping-taxable","15":"purchasable","16":"product-type-simple"},"aioseo_notices":[],"_links":{"self":[{"href":"https:\/\/www.mysexualfantasy.eu\/en\/wp-json\/wp\/v2\/product\/54395","targetHints":{"allow":["GET"]}}],"collection":[{"href":"https:\/\/www.mysexualfantasy.eu\/en\/wp-json\/wp\/v2\/product"}],"about":[{"href":"https:\/\/www.mysexualfantasy.eu\/en\/wp-json\/wp\/v2\/types\/product"}],"replies":[{"embeddable":true,"href":"https:\/\/www.mysexualfantasy.eu\/en\/wp-json\/wp\/v2\/comments?post=54395"}],"wp:featuredmedia":[{"embeddable":true,"href":"https:\/\/www.mysexualfantasy.eu\/en\/wp-json\/wp\/v2\/media\/54396"}],"wp:attachment":[{"href":"https:\/\/www.mysexualfantasy.eu\/en\/wp-json\/wp\/v2\/media?parent=54395"}],"wp:term":[{"taxonomy":"product_brand","embeddable":true,"href":"https:\/\/www.mysexualfantasy.eu\/en\/wp-json\/wp\/v2\/product_brand?post=54395"},{"taxonomy":"product_cat","embeddable":true,"href":"https:\/\/www.mysexualfantasy.eu\/en\/wp-json\/wp\/v2\/product_cat?post=54395"},{"taxonomy":"product_tag","embeddable":true,"href":"https:\/\/www.mysexualfantasy.eu\/en\/wp-json\/wp\/v2\/product_tag?post=54395"}],"curies":[{"name":"wp","href":"https:\/\/api.w.org\/{rel}","templated":true}]}}