{"id":56211,"date":"2023-01-13T13:10:06","date_gmt":"2023-01-13T13:10:06","guid":{"rendered":"https:\/\/www.mysexualfantasy.eu\/?post_type=product&#038;p=56211"},"modified":"2023-12-06T17:24:17","modified_gmt":"2023-12-06T17:24:17","slug":"pasante-condom-gama-naturelle-144-unidades","status":"publish","type":"product","link":"https:\/\/www.mysexualfantasy.eu\/en\/product\/pasante-condom-gama-naturelle-144-unidades\/","title":{"rendered":"PASANTE CONDOM GAMA NATURELLE 144 UNIDADES"},"content":{"rendered":"<p>Los condones Pasante Naturelle tienen una ligera forma c\u00f3nica para una sensaci\u00f3n natural. Suave, de color natural y con punta de tetina.<\/p>\n<ul>\n<li>Contiene 144\u00a0condones<\/li>\n<li>No lubricado con espermicida<\/li>\n<li>Kitemarked<\/li>\n<li>Marcado CE<\/li>\n<li>No contiene ingredientes de origen animal.<\/li>\n<li>Sin alcohol<\/li>\n<li>190 mm de longitud nominal<\/li>\n<li>54 mm de ancho nominal<\/li>\n<\/ul>\n<p>Modo correcto de colocarse y quitarse el cond\u00f3n masculino<\/p>\n<p>Abra y retire el cond\u00f3n de su envoltura con cuidado. Coloque el cond\u00f3n en la cabeza del pene erecto y firme. Si est\u00e1 circuncidado, primero retraiga el prepucio. Saque el aire que se encuentre en la punta del cond\u00f3n<\/p>","protected":false},"excerpt":{"rendered":"<p>PASANTE REGULAR NATURELLE 144 UNITS<\/p>","protected":false},"featured_media":56212,"comment_status":"open","ping_status":"closed","template":"","meta":{"_monsterinsights_skip_tracking":false,"_monsterinsights_sitenote_active":false,"_monsterinsights_sitenote_note":"","_monsterinsights_sitenote_category":0,"_joinchat":[]},"product_brand":[],"product_cat":[1460,1461,600,1459],"product_tag":[],"class_list":{"0":"post-56211","1":"product","2":"type-product","3":"status-publish","4":"has-post-thumbnail","6":"product_cat-preservativos-todos-los-tamanos-de-cajascajas-de-30-a-288","7":"product_cat-preservativos-normales","8":"product_cat-preservativos","9":"product_cat-preservativos-todos-los-tamanos-de-cajas","10":"yith_product_brand-pasante","12":"first","13":"instock","14":"taxable","15":"shipping-taxable","16":"purchasable","17":"product-type-simple"},"aioseo_notices":[],"_links":{"self":[{"href":"https:\/\/www.mysexualfantasy.eu\/en\/wp-json\/wp\/v2\/product\/56211","targetHints":{"allow":["GET"]}}],"collection":[{"href":"https:\/\/www.mysexualfantasy.eu\/en\/wp-json\/wp\/v2\/product"}],"about":[{"href":"https:\/\/www.mysexualfantasy.eu\/en\/wp-json\/wp\/v2\/types\/product"}],"replies":[{"embeddable":true,"href":"https:\/\/www.mysexualfantasy.eu\/en\/wp-json\/wp\/v2\/comments?post=56211"}],"wp:featuredmedia":[{"embeddable":true,"href":"https:\/\/www.mysexualfantasy.eu\/en\/wp-json\/wp\/v2\/media\/56212"}],"wp:attachment":[{"href":"https:\/\/www.mysexualfantasy.eu\/en\/wp-json\/wp\/v2\/media?parent=56211"}],"wp:term":[{"taxonomy":"product_brand","embeddable":true,"href":"https:\/\/www.mysexualfantasy.eu\/en\/wp-json\/wp\/v2\/product_brand?post=56211"},{"taxonomy":"product_cat","embeddable":true,"href":"https:\/\/www.mysexualfantasy.eu\/en\/wp-json\/wp\/v2\/product_cat?post=56211"},{"taxonomy":"product_tag","embeddable":true,"href":"https:\/\/www.mysexualfantasy.eu\/en\/wp-json\/wp\/v2\/product_tag?post=56211"}],"curies":[{"name":"wp","href":"https:\/\/api.w.org\/{rel}","templated":true}]}}