{"id":56256,"date":"2023-01-13T13:10:16","date_gmt":"2023-01-13T13:10:16","guid":{"rendered":"https:\/\/www.mysexualfantasy.eu\/?post_type=product&#038;p=56256"},"modified":"2023-12-06T17:24:29","modified_gmt":"2023-12-06T17:24:29","slug":"pasante-preservativos-king-mas-largos-y-anchos-12-unidades","status":"publish","type":"product","link":"https:\/\/www.mysexualfantasy.eu\/en\/product\/pasante-preservativos-king-mas-largos-y-anchos-12-unidades\/","title":{"rendered":"PASANTE PRESERVATIVOS KING M\u00c1S LARGOS Y ANCHOS 12 UNIDADES"},"content":{"rendered":"<p>Un cond\u00f3n m\u00e1s ancho y largo para un mayor ajuste. Nuestros condones King Size son de color natural, lisos.<\/p>\n<ul>\n<li>Contiene 12\u00a0condones<\/li>\n<li>No lubricado con espermicida<\/li>\n<li>Marcado CE<\/li>\n<li>No contiene ingredientes de origen animal.<\/li>\n<li>Sin alcohol<\/li>\n<li>205 mm de longitud nominal<\/li>\n<li>60 mm de ancho nominal<\/li>\n<\/ul>\n<p>Modo correcto de colocarse y quitarse el cond\u00f3n masculino<\/p>\n<p>Abra y retire el cond\u00f3n de su envoltura con cuidado. Coloque el cond\u00f3n en la cabeza del pene erecto y firme. Si est\u00e1 circuncidado, primero retraiga el prepucio. Saque el aire que se encuentre en la punta del cond\u00f3n<\/p>","protected":false},"excerpt":{"rendered":"<p>PASANTE CONDOMS KING SIZE  12  PACK<\/p>","protected":false},"featured_media":56257,"comment_status":"open","ping_status":"closed","template":"","meta":{"_monsterinsights_skip_tracking":false,"_monsterinsights_sitenote_active":false,"_monsterinsights_sitenote_note":"","_monsterinsights_sitenote_category":0,"_joinchat":[]},"product_brand":[],"product_cat":[1464,600,1471,1470,1459],"product_tag":[],"class_list":{"0":"post-56256","1":"product","2":"type-product","3":"status-publish","4":"has-post-thumbnail","6":"product_cat-preservativos-todos-los-tamanos-de-cajascajas-de-4-a-24","7":"product_cat-preservativos","8":"product_cat-preservativos-todas-las-tallastamano-xl-grandes","9":"product_cat-preservativos-todas-las-tallas","10":"product_cat-preservativos-todos-los-tamanos-de-cajas","11":"yith_product_brand-pasante","13":"first","14":"instock","15":"taxable","16":"shipping-taxable","17":"purchasable","18":"product-type-simple"},"aioseo_notices":[],"_links":{"self":[{"href":"https:\/\/www.mysexualfantasy.eu\/en\/wp-json\/wp\/v2\/product\/56256","targetHints":{"allow":["GET"]}}],"collection":[{"href":"https:\/\/www.mysexualfantasy.eu\/en\/wp-json\/wp\/v2\/product"}],"about":[{"href":"https:\/\/www.mysexualfantasy.eu\/en\/wp-json\/wp\/v2\/types\/product"}],"replies":[{"embeddable":true,"href":"https:\/\/www.mysexualfantasy.eu\/en\/wp-json\/wp\/v2\/comments?post=56256"}],"wp:featuredmedia":[{"embeddable":true,"href":"https:\/\/www.mysexualfantasy.eu\/en\/wp-json\/wp\/v2\/media\/56257"}],"wp:attachment":[{"href":"https:\/\/www.mysexualfantasy.eu\/en\/wp-json\/wp\/v2\/media?parent=56256"}],"wp:term":[{"taxonomy":"product_brand","embeddable":true,"href":"https:\/\/www.mysexualfantasy.eu\/en\/wp-json\/wp\/v2\/product_brand?post=56256"},{"taxonomy":"product_cat","embeddable":true,"href":"https:\/\/www.mysexualfantasy.eu\/en\/wp-json\/wp\/v2\/product_cat?post=56256"},{"taxonomy":"product_tag","embeddable":true,"href":"https:\/\/www.mysexualfantasy.eu\/en\/wp-json\/wp\/v2\/product_tag?post=56256"}],"curies":[{"name":"wp","href":"https:\/\/api.w.org\/{rel}","templated":true}]}}