{"id":5688,"date":"2023-01-13T14:50:31","date_gmt":"2023-01-13T14:50:31","guid":{"rendered":"https:\/\/www.mysexualfantasy.eu\/?post_type=product&#038;p=5688"},"modified":"2023-12-06T15:21:14","modified_gmt":"2023-12-06T15:21:14","slug":"massage-seductions-24-modos-de-seducir-a-tu-amante-es-en-de-fr","status":"publish","type":"product","link":"https:\/\/www.mysexualfantasy.eu\/en\/product\/massage-seductions-24-modos-de-seducir-a-tu-amante-es-en-de-fr\/","title":{"rendered":"MASSAGE SEDUCTIONS 24 MODOS DE SEDUCIR A TU AMANTE ES\/EN\/DE\/FR"},"content":{"rendered":"<p>Est\u00e1s buscando nuevos modos de intensificar tu vida \u00edntima mediante diversas t\u00e9cnicas de masaje?<\/p>\n<p>Ll\u00e9vate a casa el placer de un sal\u00f3n de masaje con este kit de masajes er\u00f3ticos.<\/p>\n<p>Contiene 1 vela de masaje (que se funde en forma de aceite de masaje), 1 cuchara, 24 cartas de Masajes Seductores, 1 coraz\u00f3n masajeador de gel con calor instant\u00e1neo, consejos \u00fatiles para dar masajes seductores, adem\u00e1s de unas sencillas instruccione<\/p>\n<p>Idioma ; Espa\u00f1ol<\/p>\n<p><img decoding=\"async\" alt=\"\" src=\"https:\/\/interno.dreamlove.es\/UserFiles\/image\/ingles-espa\u00f1ol.png\" style=\"width: 64px; height: 31px;\" \/><\/p>","protected":false},"excerpt":{"rendered":"<p>MASSAGE SEDUCTIONS 24 WAYS TO SEDUCE YOUR LOVER ES\/EN\/DE\/FR<\/p>","protected":false},"featured_media":71826,"comment_status":"open","ping_status":"closed","template":"","meta":{"_monsterinsights_skip_tracking":false,"_monsterinsights_sitenote_active":false,"_monsterinsights_sitenote_note":"","_monsterinsights_sitenote_category":0,"_joinchat":[]},"product_brand":[],"product_cat":[616,1234,1232,1272,1267,1271,1236],"product_tag":[],"class_list":{"0":"post-5688","1":"product","2":"type-product","3":"status-publish","4":"has-post-thumbnail","6":"product_cat-juegos","7":"product_cat-juegos-juegos-de-mesa","8":"product_cat-juegos-juegos-de-pareja","9":"product_cat-juegos-juegos-en-aleman","10":"product_cat-juegos-juegos-en-espanol","11":"product_cat-juegos-juegos-en-frances","12":"product_cat-juegos-juegos-en-ingles","13":"yith_product_brand-kheper-games","15":"first","16":"instock","17":"taxable","18":"shipping-taxable","19":"purchasable","20":"product-type-simple"},"aioseo_notices":[],"_links":{"self":[{"href":"https:\/\/www.mysexualfantasy.eu\/en\/wp-json\/wp\/v2\/product\/5688","targetHints":{"allow":["GET"]}}],"collection":[{"href":"https:\/\/www.mysexualfantasy.eu\/en\/wp-json\/wp\/v2\/product"}],"about":[{"href":"https:\/\/www.mysexualfantasy.eu\/en\/wp-json\/wp\/v2\/types\/product"}],"replies":[{"embeddable":true,"href":"https:\/\/www.mysexualfantasy.eu\/en\/wp-json\/wp\/v2\/comments?post=5688"}],"wp:featuredmedia":[{"embeddable":true,"href":"https:\/\/www.mysexualfantasy.eu\/en\/wp-json\/wp\/v2\/media\/71826"}],"wp:attachment":[{"href":"https:\/\/www.mysexualfantasy.eu\/en\/wp-json\/wp\/v2\/media?parent=5688"}],"wp:term":[{"taxonomy":"product_brand","embeddable":true,"href":"https:\/\/www.mysexualfantasy.eu\/en\/wp-json\/wp\/v2\/product_brand?post=5688"},{"taxonomy":"product_cat","embeddable":true,"href":"https:\/\/www.mysexualfantasy.eu\/en\/wp-json\/wp\/v2\/product_cat?post=5688"},{"taxonomy":"product_tag","embeddable":true,"href":"https:\/\/www.mysexualfantasy.eu\/en\/wp-json\/wp\/v2\/product_tag?post=5688"}],"curies":[{"name":"wp","href":"https:\/\/api.w.org\/{rel}","templated":true}]}}