{"id":57426,"date":"2023-01-13T13:16:39","date_gmt":"2023-01-13T13:16:39","guid":{"rendered":"https:\/\/www.mysexualfantasy.eu\/?post_type=product&#038;p=57426"},"modified":"2023-11-28T22:22:28","modified_gmt":"2023-11-28T22:22:28","slug":"cut4men-tanga-provocative-rosa-escay-s","status":"publish","type":"product","link":"https:\/\/www.mysexualfantasy.eu\/en\/product\/cut4men-tanga-provocative-rosa-escay-s\/","title":{"rendered":"CUT4MEN &#8211; TANGA PROVOCATIVE CUERO NEGRO XL"},"content":{"rendered":"<p>El G-String de Cut4men es para hombres que les gusta la sensaci\u00f3n de libertad. Es una prenda incre\u00edblemente c\u00f3moda de llevar y la cual permite la circulaci\u00f3n de aire de forma mas libre, ayudando a prevenir la sensaci\u00f3n de sudoraci\u00f3n que a veces suele pasar con otro tipo de ropa interior.<\/p>\n<p>El G-String para hombres de Cut4men es uno de los estilos mas sexis del mercado y se encuentra disponible en una amplia gama de colores, pudiendo elegir el que m\u00e1s se adapte a tu personalidad.<\/p>\n<p>Fabricado en 93% Polyester y 7% Elastano, esta prenda ofrece el equilibro ideal de elasticidad y soporte. El G-String para hombres de Cut4men es \u00fanicamente para hombres seguros y atrevidos.<\/p>\n<ul>\n<li>AJUSTE PERFECTO Da igual tu figura, se adapta a tu cuerpo como una segunda piel<\/li>\n<li>SUAVES COSTURAS Te sientes c\u00f3modo siempre y en cada detalle<\/li>\n<li>DISCRECI\u00d3N Y LIBERTAD Evita la sudoraci\u00f3n y permanece invisible debajo de la ropa<\/li>\n<li>APOYO \u00d3PTIMO Equilibrio perfecto de elasticidad y soporte: todo permanece en su lugar<\/li>\n<li>Composici\u00f3n: 93% Polyester y 7% Elastano<\/li>\n<\/ul>\n<p>Con c\u00f3modos tejidos y una est\u00e9tica elegante, cada pieza est\u00e1 construida con comodidad y estilo.\u00a0En CUT4MEN, nuestra apuesta es conocer a nuestros clientes, ofreci\u00e9ndoles las prendas clave para resaltar su personalidad y mejorar su actitud, invit\u00e1ndoles a crear un estilo \u00fanico, original y actualizado que se mezcle con las \u00faltimas tendencias en el mundo de la moda.<\/p>\n<p>Cut4Men es la nueva incorporaci\u00f3n de los creadores de Joe Snyder, una empresa dedicada a la producci\u00f3n y venta de ropa interior y ropa casual para hombres, con m\u00e1s de 40 a\u00f1os de experiencia en mercados nacionales e internacionales.<\/p>\n<p style=\"text-align: center;\"><img decoding=\"async\" alt=\"\" src=\"https:\/\/interno.dreamlove.es\/UserFiles\/images\/sze%20chart%20cut4men.jpg\" style=\"width: 802px; height: 399px;\" \/><\/p>","protected":false},"excerpt":{"rendered":"<p>CUT4MEN &#8211; G-STRING PROVOCATIVE PINK SKAI S<\/p>","protected":false},"featured_media":57428,"comment_status":"open","ping_status":"closed","template":"","meta":{"_monsterinsights_skip_tracking":false,"_monsterinsights_sitenote_active":false,"_monsterinsights_sitenote_note":"","_monsterinsights_sitenote_category":0,"_joinchat":[]},"product_brand":[],"product_cat":[326,680,148,705],"product_tag":[],"class_list":{"0":"post-57426","1":"product","2":"type-product","3":"status-publish","4":"has-post-thumbnail","6":"product_cat-lenceria","7":"product_cat-lencerialenceria-hombre","8":"product_cat-ofertas","9":"product_cat-lencerialenceria-hombreslips-y-tangas","10":"yith_product_brand-cut4men","11":"yith_product_brand-cut4mencut4men-string-thong","13":"first","14":"instock","15":"taxable","16":"shipping-taxable","17":"purchasable","18":"product-type-variable"},"aioseo_notices":[],"_links":{"self":[{"href":"https:\/\/www.mysexualfantasy.eu\/en\/wp-json\/wp\/v2\/product\/57426","targetHints":{"allow":["GET"]}}],"collection":[{"href":"https:\/\/www.mysexualfantasy.eu\/en\/wp-json\/wp\/v2\/product"}],"about":[{"href":"https:\/\/www.mysexualfantasy.eu\/en\/wp-json\/wp\/v2\/types\/product"}],"replies":[{"embeddable":true,"href":"https:\/\/www.mysexualfantasy.eu\/en\/wp-json\/wp\/v2\/comments?post=57426"}],"wp:featuredmedia":[{"embeddable":true,"href":"https:\/\/www.mysexualfantasy.eu\/en\/wp-json\/wp\/v2\/media\/57428"}],"wp:attachment":[{"href":"https:\/\/www.mysexualfantasy.eu\/en\/wp-json\/wp\/v2\/media?parent=57426"}],"wp:term":[{"taxonomy":"product_brand","embeddable":true,"href":"https:\/\/www.mysexualfantasy.eu\/en\/wp-json\/wp\/v2\/product_brand?post=57426"},{"taxonomy":"product_cat","embeddable":true,"href":"https:\/\/www.mysexualfantasy.eu\/en\/wp-json\/wp\/v2\/product_cat?post=57426"},{"taxonomy":"product_tag","embeddable":true,"href":"https:\/\/www.mysexualfantasy.eu\/en\/wp-json\/wp\/v2\/product_tag?post=57426"}],"curies":[{"name":"wp","href":"https:\/\/api.w.org\/{rel}","templated":true}]}}