{"id":57641,"date":"2023-01-13T13:17:15","date_gmt":"2023-01-13T13:17:15","guid":{"rendered":"https:\/\/www.mysexualfantasy.eu\/?post_type=product&#038;p=57641"},"modified":"2023-11-28T22:22:28","modified_gmt":"2023-11-28T22:22:28","slug":"cut4men-jockstrap-rugby-azul-s","status":"publish","type":"product","link":"https:\/\/www.mysexualfantasy.eu\/en\/product\/cut4men-jockstrap-rugby-azul-s\/","title":{"rendered":"CUT4MEN &#8211; JOCKSTRAP RUGBY AZUL S"},"content":{"rendered":"<p>El Jockstrap de Cut4men esta pensado para hombres con un estilo de vida activo.<\/p>\n<p>Esta prenda ofrece un soporte completo gracias a la bolsa frontal ergon\u00f3micamente dise\u00f1ada para mantener tu virilidad exactamente donde debe estar. Ideal para llevar al gimnasio o para otros deportes, o bien si buscas simplemente un estilo sexy de ropa interior que te haga sentir seguro.<\/p>\n<p>El Jockstrap de Cut4men se encuentra disponible en una variedad de colores, por lo cual puedes estar seguro de encontrar la opci\u00f3n adecuada para ti. La tela es una suave composici\u00f3n de 93% Polyester y 7% Elastano la cual te proporciona una silueta elegante, ideal para llevar debajo de tus pantalones favoritos.<\/p>\n<p>Si buscas un estilo deportivo y deseas un soporte ideal, el Jockstrap de Cut4men es la opci\u00f3n ideal.<\/p>\n<ul>\n<li>AJUSTE PERFECTO Da igual tu figura, se adapta a tu cuerpo como una segunda piel<\/li>\n<li>SUAVES COSTURAS Te sientes c\u00f3modo siempre y en cada detalle<\/li>\n<li>BOLSA FRONTAL ERGON\u00d3MICA Mantendr\u00e1 tu masculinidad en la posici\u00f3n correcta, proporcion\u00e1ndote comodidad todo el d\u00eda<\/li>\n<li>ESTILO DEPORTIVO Y ATREVIDO Soporte \u00f3ptimo y libertad de movimiento: atr\u00e9vete a lucir sexy y con buen rendimiento<\/li>\n<li>Composici\u00f3n: 93% Polyester y 7% Elastano<\/li>\n<\/ul>\n<p>Con c\u00f3modos tejidos y una est\u00e9tica elegante, cada pieza est\u00e1 construida con comodidad y estilo.\u00a0En CUT4MEN, nuestra apuesta es conocer a nuestros clientes, ofreci\u00e9ndoles las prendas clave para resaltar su personalidad y mejorar su actitud, invit\u00e1ndoles a crear un estilo \u00fanico, original y actualizado que se mezcle con las \u00faltimas tendencias en el mundo de la moda.<\/p>\n<p>Cut4Men es la nueva incorporaci\u00f3n de los creadores de Joe Snyder, una empresa dedicada a la producci\u00f3n y venta de ropa interior y ropa casual para hombres, con m\u00e1s de 40 a\u00f1os de experiencia en mercados nacionales e internacionales.<\/p>\n<p style=\"text-align: center;\"><img decoding=\"async\" alt=\"\" src=\"https:\/\/interno.dreamlove.es\/UserFiles\/images\/sze%20chart%20cut4men.jpg\" style=\"width: 802px; height: 399px;\" \/><\/p>","protected":false},"excerpt":{"rendered":"<p>CUT4MEN &#8211; JOCKSTRAP RUGBY BLUE S<\/p>","protected":false},"featured_media":57643,"comment_status":"open","ping_status":"closed","template":"","meta":{"_monsterinsights_skip_tracking":false,"_monsterinsights_sitenote_active":false,"_monsterinsights_sitenote_note":"","_monsterinsights_sitenote_category":0,"_joinchat":[]},"product_brand":[],"product_cat":[326,680,148,705],"product_tag":[],"class_list":{"0":"post-57641","1":"product","2":"type-product","3":"status-publish","4":"has-post-thumbnail","6":"product_cat-lenceria","7":"product_cat-lencerialenceria-hombre","8":"product_cat-ofertas","9":"product_cat-lencerialenceria-hombreslips-y-tangas","10":"yith_product_brand-cut4men","11":"yith_product_brand-cut4mencut4men-jockstrap","13":"first","14":"instock","15":"taxable","16":"shipping-taxable","17":"purchasable","18":"product-type-variable"},"aioseo_notices":[],"_links":{"self":[{"href":"https:\/\/www.mysexualfantasy.eu\/en\/wp-json\/wp\/v2\/product\/57641","targetHints":{"allow":["GET"]}}],"collection":[{"href":"https:\/\/www.mysexualfantasy.eu\/en\/wp-json\/wp\/v2\/product"}],"about":[{"href":"https:\/\/www.mysexualfantasy.eu\/en\/wp-json\/wp\/v2\/types\/product"}],"replies":[{"embeddable":true,"href":"https:\/\/www.mysexualfantasy.eu\/en\/wp-json\/wp\/v2\/comments?post=57641"}],"wp:featuredmedia":[{"embeddable":true,"href":"https:\/\/www.mysexualfantasy.eu\/en\/wp-json\/wp\/v2\/media\/57643"}],"wp:attachment":[{"href":"https:\/\/www.mysexualfantasy.eu\/en\/wp-json\/wp\/v2\/media?parent=57641"}],"wp:term":[{"taxonomy":"product_brand","embeddable":true,"href":"https:\/\/www.mysexualfantasy.eu\/en\/wp-json\/wp\/v2\/product_brand?post=57641"},{"taxonomy":"product_cat","embeddable":true,"href":"https:\/\/www.mysexualfantasy.eu\/en\/wp-json\/wp\/v2\/product_cat?post=57641"},{"taxonomy":"product_tag","embeddable":true,"href":"https:\/\/www.mysexualfantasy.eu\/en\/wp-json\/wp\/v2\/product_tag?post=57641"}],"curies":[{"name":"wp","href":"https:\/\/api.w.org\/{rel}","templated":true}]}}