{"id":57769,"date":"2023-01-13T13:17:38","date_gmt":"2023-01-13T13:17:38","guid":{"rendered":"https:\/\/www.mysexualfantasy.eu\/?post_type=product&#038;p=57769"},"modified":"2023-12-06T15:18:31","modified_gmt":"2023-12-06T15:18:31","slug":"obsessive-mr-reindy-set-s-m","status":"publish","type":"product","link":"https:\/\/www.mysexualfantasy.eu\/en\/product\/obsessive-mr-reindy-set-s-m\/","title":{"rendered":"OBSESSIVE &#8211; MR REINDY SET S\/M"},"content":{"rendered":"<p>\u00a1El juguet\u00f3n Sr. Reno est\u00e1 de humor para divertirse! El arn\u00e9s rojo picante y los tentadores calzoncillos son un par muy sexy y sensual, listo para hacer travesuras en el dormitorio. La diadema con orejas de reno es un elemento sumamente encantador que complementa a la perfecci\u00f3n el conjunto.<\/p>\n<p>Descubre m\u00e1s detalles:<\/p>\n<p>&#8211; conjunto divertido: arn\u00e9s, calzoncillos y lindas orejas de reno<\/p>\n<p>&#8211; el arn\u00e9s es ajustable &#8211; comodidad y conveniencia<\/p>\n<p>&#8211; calzoncillos boxer hechos de malla el\u00e1stica &#8211; gl\u00fateos enfatizados<\/p>\n<p>&#8211; corte sexy en la espalda &#8211; intrigante y tentador<\/p>\n<p>&#8211; elementos brillantes para a\u00f1adir encanto<\/p>\n<p>&#8211; diadema con orejas de reno: un accesorio fr\u00edvolo<\/p>\n<p>&#8211; materiales agradables al tacto (calzoncillos b\u00f3xer: 94 % poliamida, 6 % elastano, arn\u00e9s: 90 % poliamida, 10 % elastano, orejas: 45 % PU, 5 % metal hierro, 45 % pl\u00e1stico PP, 5 % poli\u00e9ster )<\/p>\n<p>\u00a1Obsessive significa inspiraci\u00f3n!\u00a0 Elegancia, sensualidad, amor a la costura&#8230;.significa mucho para la mujer, pocos son los adjetivos que pueden calificar a Obsessive, donde una labor de a\u00f1os\u00a0ha\u00a0conseguido unir la mejor relaci\u00f3n calidad-precio.<\/p>\n<p>\u00a1L\u00edderes mundiales en lencer\u00eda, nadie lo hace mejor!<\/p>\n<p><img decoding=\"async\" alt=\"\" src=\"https:\/\/interno.dreamlove.es\/UserFiles\/images\/SIZE%20CHART%20OBSESSIVE.jpg\" style=\"width: 900px; height: 900px; float: center;\" \/><\/p>","protected":false},"excerpt":{"rendered":"<p>OBSESSIVE &#8211; MR REINDY SET S\/M<\/p>","protected":false},"featured_media":57771,"comment_status":"open","ping_status":"closed","template":"","meta":{"_monsterinsights_skip_tracking":false,"_monsterinsights_sitenote_active":false,"_monsterinsights_sitenote_note":"","_monsterinsights_sitenote_category":0,"_joinchat":[]},"product_brand":[],"product_cat":[1257,1252,1166],"product_tag":[],"class_list":{"0":"post-57769","1":"product","2":"type-product","3":"status-publish","4":"has-post-thumbnail","6":"product_cat-moda-lencerialenceria-hombredisfraces-hombre","7":"product_cat-moda-lencerialenceria-hombre","8":"product_cat-moda-lenceria","9":"yith_product_brand-obsessive","10":"yith_product_brand-obsessiveobsessive-xmas","12":"first","13":"instock","14":"taxable","15":"shipping-taxable","16":"purchasable","17":"product-type-variable"},"aioseo_notices":[],"_links":{"self":[{"href":"https:\/\/www.mysexualfantasy.eu\/en\/wp-json\/wp\/v2\/product\/57769","targetHints":{"allow":["GET"]}}],"collection":[{"href":"https:\/\/www.mysexualfantasy.eu\/en\/wp-json\/wp\/v2\/product"}],"about":[{"href":"https:\/\/www.mysexualfantasy.eu\/en\/wp-json\/wp\/v2\/types\/product"}],"replies":[{"embeddable":true,"href":"https:\/\/www.mysexualfantasy.eu\/en\/wp-json\/wp\/v2\/comments?post=57769"}],"wp:featuredmedia":[{"embeddable":true,"href":"https:\/\/www.mysexualfantasy.eu\/en\/wp-json\/wp\/v2\/media\/57771"}],"wp:attachment":[{"href":"https:\/\/www.mysexualfantasy.eu\/en\/wp-json\/wp\/v2\/media?parent=57769"}],"wp:term":[{"taxonomy":"product_brand","embeddable":true,"href":"https:\/\/www.mysexualfantasy.eu\/en\/wp-json\/wp\/v2\/product_brand?post=57769"},{"taxonomy":"product_cat","embeddable":true,"href":"https:\/\/www.mysexualfantasy.eu\/en\/wp-json\/wp\/v2\/product_cat?post=57769"},{"taxonomy":"product_tag","embeddable":true,"href":"https:\/\/www.mysexualfantasy.eu\/en\/wp-json\/wp\/v2\/product_tag?post=57769"}],"curies":[{"name":"wp","href":"https:\/\/api.w.org\/{rel}","templated":true}]}}