{"id":57777,"date":"2023-01-13T13:17:40","date_gmt":"2023-01-13T13:17:40","guid":{"rendered":"https:\/\/www.mysexualfantasy.eu\/?post_type=product&#038;p=57777"},"modified":"2023-12-06T15:18:32","modified_gmt":"2023-12-06T15:18:32","slug":"obsessive-disfraz-de-set-de-piloto-s-m","status":"publish","type":"product","link":"https:\/\/www.mysexualfantasy.eu\/en\/product\/obsessive-disfraz-de-set-de-piloto-s-m\/","title":{"rendered":"OBSESSIVE &#8211; DISFRAZ DE SET DE PILOTO S\/M"},"content":{"rendered":"<p>Te apetece algunos juegos divertidos en el dormitorio? Conoce el disfraz incre\u00edblemente juguet\u00f3n del Pilotman y d\u00e9jate llevar en un crucero lleno de \u00e9xtasis traviesos. \u00a1 Abr\u00f3chense los cinturones y ag\u00e1rrense bien porque est\u00e1 a punto de hacer mucho calor! Ya sabes a qu\u00e9 altitud estar\u00e1s experimentando el m\u00e1ximo placer?<\/p>\n<p>Descubre m\u00e1s detalles:<\/p>\n<p>-el disfraz de piloto te da la bienvenida a bordo<\/p>\n<p>-el conjunto incluye: calzoncillos boxer, pu\u00f1os, cuello con corbata y gafas de sol<\/p>\n<p>-cuello abrochado con un bot\u00f3n  soluci\u00f3n conveniente<\/p>\n<p>&#8211; inserciones de tela dorada: un elemento encantador del atuendo de un equipo sexy<\/p>\n<p>-corte tentador por encima de las nalgas: un incentivo para los placeres traviesos<\/p>\n<p>-material agradable y flexible ( pantalones cortos b\u00f3xer\/cuello\/pu\u00f1os de camisa: 88 % poli\u00e9ster, 12 % elastano, corbata: 97 % poli\u00e9ster, 3 % elastano, gafas de sol: lentes: cristal, montura de gafas: metal)<\/p>\n<p>\u00a1Obsessive significa inspiraci\u00f3n!\u00a0 Elegancia, sensualidad, amor a la costura&#8230;.significa mucho para la mujer, pocos son los adjetivos que pueden calificar a Obsessive, donde una labor de a\u00f1os\u00a0ha\u00a0conseguido unir la mejor relaci\u00f3n calidad-precio.<\/p>\n<p>\u00a1L\u00edderes mundiales en lencer\u00eda, nadie lo hace mejor!<\/p>\n<p><img decoding=\"async\" alt=\"\" src=\"https:\/\/interno.dreamlove.es\/UserFiles\/images\/SIZE%20CHART%20OBSESSIVE.jpg\" style=\"width: 900px; height: 900px; float: center;\" \/><\/p>","protected":false},"excerpt":{"rendered":"<p>OBSESSIVE &#8211; PILOTMAN SET COSTUME S\/M<\/p>","protected":false},"featured_media":57779,"comment_status":"open","ping_status":"closed","template":"","meta":{"_monsterinsights_skip_tracking":false,"_monsterinsights_sitenote_active":false,"_monsterinsights_sitenote_note":"","_monsterinsights_sitenote_category":0,"_joinchat":[]},"product_brand":[],"product_cat":[1257,1252,1166],"product_tag":[],"class_list":{"0":"post-57777","1":"product","2":"type-product","3":"status-publish","4":"has-post-thumbnail","6":"product_cat-moda-lencerialenceria-hombredisfraces-hombre","7":"product_cat-moda-lencerialenceria-hombre","8":"product_cat-moda-lenceria","9":"yith_product_brand-obsessive","10":"yith_product_brand-obsessiveobsessive-men","12":"first","13":"instock","14":"taxable","15":"shipping-taxable","16":"purchasable","17":"product-type-variable"},"aioseo_notices":[],"_links":{"self":[{"href":"https:\/\/www.mysexualfantasy.eu\/en\/wp-json\/wp\/v2\/product\/57777","targetHints":{"allow":["GET"]}}],"collection":[{"href":"https:\/\/www.mysexualfantasy.eu\/en\/wp-json\/wp\/v2\/product"}],"about":[{"href":"https:\/\/www.mysexualfantasy.eu\/en\/wp-json\/wp\/v2\/types\/product"}],"replies":[{"embeddable":true,"href":"https:\/\/www.mysexualfantasy.eu\/en\/wp-json\/wp\/v2\/comments?post=57777"}],"wp:featuredmedia":[{"embeddable":true,"href":"https:\/\/www.mysexualfantasy.eu\/en\/wp-json\/wp\/v2\/media\/57779"}],"wp:attachment":[{"href":"https:\/\/www.mysexualfantasy.eu\/en\/wp-json\/wp\/v2\/media?parent=57777"}],"wp:term":[{"taxonomy":"product_brand","embeddable":true,"href":"https:\/\/www.mysexualfantasy.eu\/en\/wp-json\/wp\/v2\/product_brand?post=57777"},{"taxonomy":"product_cat","embeddable":true,"href":"https:\/\/www.mysexualfantasy.eu\/en\/wp-json\/wp\/v2\/product_cat?post=57777"},{"taxonomy":"product_tag","embeddable":true,"href":"https:\/\/www.mysexualfantasy.eu\/en\/wp-json\/wp\/v2\/product_tag?post=57777"}],"curies":[{"name":"wp","href":"https:\/\/api.w.org\/{rel}","templated":true}]}}