{"id":5856,"date":"2023-01-13T13:27:11","date_gmt":"2023-01-13T13:27:11","guid":{"rendered":"https:\/\/www.mysexualfantasy.eu\/?post_type=product&#038;p=5856"},"modified":"2023-12-06T15:12:24","modified_gmt":"2023-12-06T15:12:24","slug":"bathmate-hydro-7-hercules-transparente","status":"publish","type":"product","link":"https:\/\/www.mysexualfantasy.eu\/en\/product\/bathmate-hydro-7-hercules-transparente\/","title":{"rendered":"BATHMATE &#8211; HYDRO 7 HERCULES TRANSPARENTE"},"content":{"rendered":"<p style=\"line-height: 20.8px;\"><strong>Bathmate<\/strong>\u00a0es el \u00faltimo y mas novedoso desarrollador de pene con tecnologia hidr\u00e1ulica. Consigue unas poderosas erecciones de forma segura y sencilla, prolongando la duraci\u00f3n\u00a0 y dureza al mismo tiempo que desarrolllas y agrandas tu pene.<\/p>\n<p style=\"line-height: 20.8px;\">Gracias al enorme potencial de la fuerza hidr\u00e1ulica, Bathmate puede ejercer un mayor poder de succi\u00f3n que sus competidores, forzando la expansi\u00f3n de los cuerpos cavernosos e incrementando su tama\u00f1o de su pene en un tiempo m\u00ednimo.<\/p>\n<p>Con Bathmate puede lograr un incremento de talla discreta y pl\u00e1cidamente en la privacidad de su ba\u00f1era o ducha.<\/p>\n<ul style=\"line-height: 20.8px;\">\n<li>&#8211; Hasta 7 cm de longitud.<\/li>\n<li>&#8211; Hasta un 30% m\u00e1s de grosor.<\/li>\n<li>&#8211; Hasta un 40% m\u00e1s de volumen.<\/li>\n<\/ul>\n<p style=\"line-height: 20.8px;\">Miles de hombres que ya han disfrutado de Bathmate se han sorprendido gratamente de los r\u00e1pidos resultados conseguidos. Con el uso de Bathmate podemos obtener la longitud y grosor extra que siempre hemos querido. Quiz\u00e1s usted no sab\u00eda que podr\u00eda aumentar considerablemente el tama\u00f1o de su pene, en la comodidad y privacidad de su propio cuarto de ba\u00f1o con resultados asombrosos, en tan s\u00f3lo de 15 a 20 minutos por d\u00eda durante 6 semanas.<\/p>\n<p>\u00a1Con Bathmate conseguir\u00e1 un pene mucho m\u00e1s grueso, largo y saludable, d\u00e1ndole ganancias permanentes, que se pueden disfrutar para siempre! Muchos hombres est\u00e1n usando este dispositivo ahora mismo, sentados en su ba\u00f1era o ducha&#8230; obteniendo resultados instant\u00e1neos, efectivos, y de r\u00e1pido progreso solo con Bathmate.<\/p>\n<p>C\u00f3mo se utiliza?<\/p>\n<p>\u00a01) Llenar la ba\u00f1era con agua.<\/p>\n<p>2) Una vez que est\u00e9 en la ba\u00f1era, coloque el Bathmate bajo el agua hasta que se llene completamente. A continuaci\u00f3n se introduce el pene en el interior y se apoya sobre la base de la pelvis.<\/p>\n<p>3) Empuje repetidas veces el Bathmate hacia usted. Esto hace funcionar el mecanismo de contracci\u00f3n hidr\u00e1ulico de la base de la bomba, creando el efecto de vac\u00edo. Usted comenzar\u00e1 a sentir que la presi\u00f3n aumenta. Conforme el agua es evacuada del interior a trav\u00e9s de la v\u00e1lvula superior, el pene se expande m\u00e1s y m\u00e1s.<\/p>\n<p>4) Una vez que no puede bombear m\u00e1s, simplemente descanse durante cinco minutos. El vac\u00edo m\u00e1s \u00f3ptimo es cuando ya no puede expulsar m\u00e1s agua del interior de Bathmate.<\/p>\n<p>5) Vuelva a repetir la operaci\u00f3n de bombeo cada cuatro o cinco minutos, descanse y repita la maniobra. Es necesario repetir esta operaci\u00f3n, ya que en cada ciclo de compresi\u00f3n, hay un momento en el que no se puede extraer m\u00e1s agua.<\/p>\n<p>6) Vuelva a repetir la operaci\u00f3n de bombeo cada cuatro o cinco minutos, descanse y repita la maniobra. Es necesario repetir esta operaci\u00f3n, ya que en cada ciclo de compresi\u00f3n, hay un momento en el que no se puede extraer m\u00e1s agua.<\/p>\n<p>7) Si siente que la presi\u00f3n es demasiado fuerte, libere la v\u00e1lvula superior ligeramente. Recuerde hacerlo dentro del agua para evitar que entre aire. Despu\u00e9s de 15 o 20 minutos de uso, reduzca la presi\u00f3n presionando el liberador de presi\u00f3n en la parte superior de Bathmate. Luego p\u00f3ngase de pie y compruebe los resultados inmediatos. \u00a1No se decepcionar\u00e1!.<\/p>\n<p>8) Se recomienda usar de 15 a 20 minutos por sesi\u00f3n, tres veces por semana para obtener mejores resultados.<\/p>\n<p style=\"line-height: 20.8px;\">Comienza a sentir el poder de alargar tu pene de una forma eficiente!!<\/p>\n<p style=\"text-align: center;\"><iframe allowfullscreen=\"\" frameborder=\"0\" height=\"300\" scrolling=\"no\" src=\"https:\/\/www.youtube-nocookie.com\/embed\/YuxTep1jbag\" width=\"700\"><\/iframe><\/p>\n<p style=\"text-align: center;\"><iframe allowfullscreen=\"\" frameborder=\"0\" height=\"300\" scrolling=\"no\" src=\"https:\/\/www.youtube-nocookie.com\/embed\/aa9oQSg6LhA\" width=\"700\"><\/iframe><iframe allowfullscreen=\"\" frameborder=\"0\" height=\"300\" scrolling=\"no\" src=\"https:\/\/www.youtube-nocookie.com\/embed\/qJmXdEHancc\" width=\"700\"><\/iframe><\/p>","protected":false},"excerpt":{"rendered":"<p>BATHMATE &#8211; HYDRO 7 HERCULES CLEAR<\/p>","protected":false},"featured_media":59445,"comment_status":"open","ping_status":"closed","template":"","meta":{"_monsterinsights_skip_tracking":false,"_monsterinsights_sitenote_active":false,"_monsterinsights_sitenote_note":"","_monsterinsights_sitenote_category":0,"_joinchat":[]},"product_brand":[],"product_cat":[1152,1245],"product_tag":[],"class_list":{"0":"post-5856","1":"product","2":"type-product","3":"status-publish","4":"has-post-thumbnail","6":"product_cat-juguetes-bienestar","7":"product_cat-juguetes-bienestar-sistemas-alargamiento-pene","8":"yith_product_brand-bathmate","10":"first","11":"instock","12":"taxable","13":"shipping-taxable","14":"purchasable","15":"product-type-simple"},"aioseo_notices":[],"_links":{"self":[{"href":"https:\/\/www.mysexualfantasy.eu\/en\/wp-json\/wp\/v2\/product\/5856","targetHints":{"allow":["GET"]}}],"collection":[{"href":"https:\/\/www.mysexualfantasy.eu\/en\/wp-json\/wp\/v2\/product"}],"about":[{"href":"https:\/\/www.mysexualfantasy.eu\/en\/wp-json\/wp\/v2\/types\/product"}],"replies":[{"embeddable":true,"href":"https:\/\/www.mysexualfantasy.eu\/en\/wp-json\/wp\/v2\/comments?post=5856"}],"wp:featuredmedia":[{"embeddable":true,"href":"https:\/\/www.mysexualfantasy.eu\/en\/wp-json\/wp\/v2\/media\/59445"}],"wp:attachment":[{"href":"https:\/\/www.mysexualfantasy.eu\/en\/wp-json\/wp\/v2\/media?parent=5856"}],"wp:term":[{"taxonomy":"product_brand","embeddable":true,"href":"https:\/\/www.mysexualfantasy.eu\/en\/wp-json\/wp\/v2\/product_brand?post=5856"},{"taxonomy":"product_cat","embeddable":true,"href":"https:\/\/www.mysexualfantasy.eu\/en\/wp-json\/wp\/v2\/product_cat?post=5856"},{"taxonomy":"product_tag","embeddable":true,"href":"https:\/\/www.mysexualfantasy.eu\/en\/wp-json\/wp\/v2\/product_tag?post=5856"}],"curies":[{"name":"wp","href":"https:\/\/api.w.org\/{rel}","templated":true}]}}