{"id":6080,"date":"2023-01-13T13:47:47","date_gmt":"2023-01-13T13:47:47","guid":{"rendered":"https:\/\/www.mysexualfantasy.eu\/?post_type=product&#038;p=6080"},"modified":"2023-12-06T15:11:40","modified_gmt":"2023-12-06T15:11:40","slug":"soft-tampons-tampones-originales-mini-love-50uds","status":"publish","type":"product","link":"https:\/\/www.mysexualfantasy.eu\/en\/product\/soft-tampons-tampones-originales-mini-love-50uds\/","title":{"rendered":"SOFT-TAMPONS TAMPONES ORIGINALES MINI LOVE \/ 50UDS"},"content":{"rendered":"<p style=\"line-height: 20.8px;\">Los Tampones Soft Original son ideales para esos momentos muy especiales. Son imperceptibles p.ej. durante el juego amoroso casi y presentan adem\u00e1s una gran comodidad en su manipulaci\u00f3n: A trav\u00e9s de una ventajosa solapa puede introducirse y extraerse el tamp\u00f3n Soft muy f\u00e1cilmente &#8211; \u00a1con s\u00f3lo un dedo! Los Tampones Soft Original colocan la seguridad higi\u00e9nica siempre en primer lugar.<\/p>\n<p style=\"line-height: 20.8px;\">Los eficaces tampones empaquetados individualmente han logrado ahora la perfecci\u00f3n a trav\u00e9s de permanentes ensayos dermatol\u00f3gicos y cl\u00ednicos. Se elaboran de un material esponjoso libre de t\u00f3xicos y por lo tanto no contaminante del medio ambiente y no contiene sustancia qu\u00edmica alguna, por lo que pueden descartarse todo tipo de irritaciones internas.<\/p>\n<p style=\"line-height: 20.8px;\">Son muy c\u00f3modos y agradables de utilizar. Se destacan por ser de un material blando y flexible as\u00ed como por su escaso peso propio de tan s\u00f3lo dos gramos.<\/p>\n<p style=\"line-height: 20.8px;\">Numerosas ventajas con Tampones Soft:<\/p>\n<ul style=\"line-height: 20.8px;\">\n<li>Ideal para la utilizaci\u00f3n de espermicidas<\/li>\n<li>Adaptaci\u00f3n perfecta a la anatom\u00eda femenina<\/li>\n<li>Muy c\u00f3modos y agradables de utilizar<\/li>\n<li>Para la sauna o la nataci\u00f3n<\/li>\n<li>Fabricados de material higi\u00e9nico<\/li>\n<li>Comprobado dermatol\u00f3gica y cl\u00ednicamente<\/li>\n<li>Gran poder de absorci\u00f3n<\/li>\n<li>Manipulaci\u00f3n sencilla<\/li>\n<li>Fabracaci\u00f3n 100% Alemana<\/li>\n<li>Casi imperceptibles para la pareja durante el juego amoroso<\/li>\n<li>Sin sustancias qu\u00edmicas, no contaminan el medio ambiente<\/li>\n<li>Cada caja incluye una muestra de AQUAglide y un calendario del ciclo menstrual<\/li>\n<\/ul>\n<p style=\"line-height: 20.8px;\">Tampones-Soft \u00a0la lograda combinaci\u00f3n de seguridad, higiene, bienestar y diversi\u00f3n, ideal tambi\u00e9n en caso de flujos menstruales muy fuertes.<\/p>\n<p style=\"line-height: 20.8px;\">Tampones higi\u00e9nicos de f\u00e1cil aplicaci\u00f3n sin hilo, especialmente dise\u00f1ados para proporcionar la m\u00e1xima protecci\u00f3n, comodidad y discreci\u00f3n.<\/p>\n<p style=\"line-height: 20.8px;\">Los tampones han sido desarrollados conforme a los m\u00e1s modernos conocimientos de la ginecolog\u00eda para el uso en la sauna, durante el deporte, nataci\u00f3n&#8230; as\u00ed como para la higiene en las relaciones \u00edntimas durante la menstruaci\u00f3n.<\/p>\n<ul style=\"line-height: 20.8px;\">\n<li>Confortables.<\/li>\n<li>Agradables de llevar.<\/li>\n<li>Probados dermatol\u00f3gica y cl\u00ednicamente.<\/li>\n<li>Gran capacidad de absorci\u00f3n (alta capacidad absorbedora de l\u00edquido).<\/li>\n<li>No son perceptibles por el compa\u00f1ero en las relaciones sexuales.<\/li>\n<\/ul>\n<p style=\"line-height: 20.8px;\">La estructura blanda y la forma redondeada del tamp\u00f3n facilita su introducci\u00f3n.<\/p>\n<ul style=\"line-height: 20.8px;\">\n<li>Caja de 50\u00a0Mini tampones.<\/li>\n<\/ul>\n<p style=\"line-height: 20.8px; text-align: center;\">\u00a0<\/p>","protected":false},"excerpt":{"rendered":"<p>ORIGINAL SOFT-TAMPONS MINI<\/p>","protected":false},"featured_media":61773,"comment_status":"open","ping_status":"closed","template":"","meta":{"_monsterinsights_skip_tracking":false,"_monsterinsights_sitenote_active":false,"_monsterinsights_sitenote_note":"","_monsterinsights_sitenote_category":0,"_joinchat":[]},"product_brand":[],"product_cat":[1203,1239],"product_tag":[],"class_list":{"0":"post-6080","1":"product","2":"type-product","3":"status-publish","4":"has-post-thumbnail","6":"product_cat-drogueria","7":"product_cat-drogueria-tampon-higienico","8":"yith_product_brand-joydivision","9":"yith_product_brand-joydivisionjoydivision-soft-tampons","11":"first","12":"instock","13":"taxable","14":"shipping-taxable","15":"purchasable","16":"product-type-simple"},"aioseo_notices":[],"_links":{"self":[{"href":"https:\/\/www.mysexualfantasy.eu\/en\/wp-json\/wp\/v2\/product\/6080","targetHints":{"allow":["GET"]}}],"collection":[{"href":"https:\/\/www.mysexualfantasy.eu\/en\/wp-json\/wp\/v2\/product"}],"about":[{"href":"https:\/\/www.mysexualfantasy.eu\/en\/wp-json\/wp\/v2\/types\/product"}],"replies":[{"embeddable":true,"href":"https:\/\/www.mysexualfantasy.eu\/en\/wp-json\/wp\/v2\/comments?post=6080"}],"wp:featuredmedia":[{"embeddable":true,"href":"https:\/\/www.mysexualfantasy.eu\/en\/wp-json\/wp\/v2\/media\/61773"}],"wp:attachment":[{"href":"https:\/\/www.mysexualfantasy.eu\/en\/wp-json\/wp\/v2\/media?parent=6080"}],"wp:term":[{"taxonomy":"product_brand","embeddable":true,"href":"https:\/\/www.mysexualfantasy.eu\/en\/wp-json\/wp\/v2\/product_brand?post=6080"},{"taxonomy":"product_cat","embeddable":true,"href":"https:\/\/www.mysexualfantasy.eu\/en\/wp-json\/wp\/v2\/product_cat?post=6080"},{"taxonomy":"product_tag","embeddable":true,"href":"https:\/\/www.mysexualfantasy.eu\/en\/wp-json\/wp\/v2\/product_tag?post=6080"}],"curies":[{"name":"wp","href":"https:\/\/api.w.org\/{rel}","templated":true}]}}