{"id":61244,"date":"2023-01-13T13:45:10","date_gmt":"2023-01-13T13:45:10","guid":{"rendered":"https:\/\/www.mysexualfantasy.eu\/?post_type=product&#038;p=61244"},"modified":"2023-12-06T15:44:19","modified_gmt":"2023-12-06T15:44:19","slug":"fleshjack-masturbador-reno-gold-golden-boy-ano","status":"publish","type":"product","link":"https:\/\/www.mysexualfantasy.eu\/en\/product\/fleshjack-masturbador-reno-gold-golden-boy-ano\/","title":{"rendered":"FLESHJACK MASTURBADOR RENO GOLD GOLDEN BOY ANO"},"content":{"rendered":"<p>Moldeado a partir de la propia estrella porno, \u00abGolden Boy\u00bb es el trasero atl\u00e9tico con el que siempre has so\u00f1ado. Lo que comienza como una entrada suave y ultra apretada pasa r\u00e1pidamente a una sensaci\u00f3n Fleshjack de textura intrincada. El callej\u00f3n anal de la estrella porno Reno Gold est\u00e1 dise\u00f1ado por expertos para brindar el masaje viril de su vida.<\/p>\n<p>C\u00f3mo se usa<\/p>\n<ul>\n<li>Coloque una cantidad generosa de lubricante de base acuosa en su pene e ins\u00e9rtelo en la manga.<\/li>\n<li>Enju\u00e1guelo bien con agua tibia despu\u00e9s del uso y s\u00e9quelo completamente antes de volver a colocarlo en su estuche.<\/li>\n<li>Longitud total: 25.4 cm<\/li>\n<li>Longitud insertable 22.8 cm<\/li>\n<\/ul>","protected":false},"excerpt":{"rendered":"<p>FLESHJACK MASTURBADOR RENO GOLD GOLDEN BOY BUTT<\/p>","protected":false},"featured_media":61245,"comment_status":"open","ping_status":"closed","template":"","meta":{"_monsterinsights_skip_tracking":false,"_monsterinsights_sitenote_active":false,"_monsterinsights_sitenote_note":"","_monsterinsights_sitenote_category":0,"_joinchat":[]},"product_brand":[],"product_cat":[1152,1160,1167,1168],"product_tag":[],"class_list":{"0":"post-61244","1":"product","2":"type-product","3":"status-publish","4":"has-post-thumbnail","6":"product_cat-juguetes-bienestar","7":"product_cat-juguetes-bienestar-juguetes-para-hombres","8":"product_cat-juguetes-bienestar-juguetes-para-hombresmasturbadores-para-ellos","9":"product_cat-juguetes-bienestar-juguetes-para-hombresvaginas-y-anos","10":"yith_product_brand-fleshlightfleshjack","11":"yith_product_brand-fleshlight","13":"first","14":"instock","15":"taxable","16":"shipping-taxable","17":"purchasable","18":"product-type-simple"},"aioseo_notices":[],"_links":{"self":[{"href":"https:\/\/www.mysexualfantasy.eu\/en\/wp-json\/wp\/v2\/product\/61244","targetHints":{"allow":["GET"]}}],"collection":[{"href":"https:\/\/www.mysexualfantasy.eu\/en\/wp-json\/wp\/v2\/product"}],"about":[{"href":"https:\/\/www.mysexualfantasy.eu\/en\/wp-json\/wp\/v2\/types\/product"}],"replies":[{"embeddable":true,"href":"https:\/\/www.mysexualfantasy.eu\/en\/wp-json\/wp\/v2\/comments?post=61244"}],"wp:featuredmedia":[{"embeddable":true,"href":"https:\/\/www.mysexualfantasy.eu\/en\/wp-json\/wp\/v2\/media\/61245"}],"wp:attachment":[{"href":"https:\/\/www.mysexualfantasy.eu\/en\/wp-json\/wp\/v2\/media?parent=61244"}],"wp:term":[{"taxonomy":"product_brand","embeddable":true,"href":"https:\/\/www.mysexualfantasy.eu\/en\/wp-json\/wp\/v2\/product_brand?post=61244"},{"taxonomy":"product_cat","embeddable":true,"href":"https:\/\/www.mysexualfantasy.eu\/en\/wp-json\/wp\/v2\/product_cat?post=61244"},{"taxonomy":"product_tag","embeddable":true,"href":"https:\/\/www.mysexualfantasy.eu\/en\/wp-json\/wp\/v2\/product_tag?post=61244"}],"curies":[{"name":"wp","href":"https:\/\/api.w.org\/{rel}","templated":true}]}}