{"id":61284,"date":"2023-01-13T13:45:19","date_gmt":"2023-01-13T13:45:19","guid":{"rendered":"https:\/\/www.mysexualfantasy.eu\/?post_type=product&#038;p=61284"},"modified":"2023-12-06T16:09:53","modified_gmt":"2023-12-06T16:09:53","slug":"anbiguo-arkadio-estimulador-glande-perineo-compatible-con-watchme-wireless-technology","status":"publish","type":"product","link":"https:\/\/www.mysexualfantasy.eu\/en\/product\/anbiguo-arkadio-estimulador-glande-perineo-compatible-con-watchme-wireless-technology\/","title":{"rendered":"ANBIGUO &#8211; ARKADIO ESTIMULADOR GLANDE  PERINEO COMPATIBLE CON WATCHME WIRELESS TECHNOLOGY"},"content":{"rendered":"<p>El morbo es una realidad humana, es decir, uno de los impulsos b\u00e1sicos del ser humano. Tiene que ver con la parte instintiva y forma parte de todas las necesidades, tales como: comer, tener relaciones sexuales, socializar, dormir, entre otras.<\/p>\n<p>Este sentimiento es una especie de fuerza que impulsa a las personas a entrar en contacto con \u00e9l y los lleva a experimentar placer al momento de hacerlo. El placer de hacer algo prohibido o de trasgredir las normas.<\/p>\n<p>El morbo tiene distintas formas de expresarse, entre ellas est\u00e1 la pornograf\u00eda; visualizar este tipo de contenido satisface la curiosidad de las personas, pero tambi\u00e9n les permite dar un paso m\u00e1s all\u00e1 de las relaciones sexuales comunes. \u00a1Por eso nace <strong>ANBIGUO <\/strong>la primera marca pensada en el morbo sexual sin l\u00edmites!<\/p>\n<p>Donde comienza lo prohibido est\u00e1 el morbo y la ambig\u00fcedad. Sin etiquetas, sin limitaciones y con mucha pasi\u00f3n hemos desarrollado esta marca.<\/p>\n<p>La gama <b>ARKADIO<\/b> incorpora un conjunto de funciones nunca antes visto en un estimulador del pene: dise\u00f1ado para una estimulaci\u00f3n de gran calibre tanto en el glande como en el perineo. Dispone de ocho modos de vibraci\u00f3n, de un motor super potente y de una silicona super suave al tacto, adem\u00e1s, de estar ergonomicamente dise\u00f1ado para un uso seguro y c\u00f3modo. Es perfecto tanto para principiantes como para los usuarios mas experimentados. Este masajeador a\u00f1adir\u00e1 una nueva dimensi\u00f3n a tus sesiones de placer tanto solo como acompa\u00f1ado.\u00a0Adem\u00e1s, es compatible con la novedosa tecnolog\u00eda de control remoto Watchme.<\/p>\n<p><u><strong>Caracter\u00edsticas:<\/strong><\/u><\/p>\n<ul>\n<li>8 modos de vibraci\u00f3n<\/li>\n<li>Motor\u00a0super\u00a0potente<\/li>\n<li>Estimulaci\u00f3n del glande y del perineo<\/li>\n<li>Compatible con\u00a0<strong>Watchme\u00a0Wireless Technology\u00a0<\/strong>(no incluye reloj control remoto)<\/li>\n<li>Recargable por USB<\/li>\n<li>Impermeable IPX5<\/li>\n<li>Silicona s\u00faper suave<\/li>\n<li>Material seguro para el cuerpo<\/li>\n<li>Libre de\u00a0ftalatos<\/li>\n<\/ul>","protected":false},"excerpt":{"rendered":"<p>ANBIGUO &#8211; ARKADIO GLANDS  PERINEUM STIMULATOR WATCHME WIRELESS TECHNOLOGY COMPATIBLE<\/p>","protected":false},"featured_media":61285,"comment_status":"open","ping_status":"closed","template":"","meta":{"_monsterinsights_skip_tracking":false,"_monsterinsights_sitenote_active":false,"_monsterinsights_sitenote_note":"","_monsterinsights_sitenote_category":0,"_joinchat":[]},"product_brand":[],"product_cat":[1170,1172,1171,1184,1152,1160,1155,1165,1153,1154,1192],"product_tag":[],"class_list":{"0":"post-61284","1":"product","2":"type-product","3":"status-publish","4":"has-post-thumbnail","6":"product_cat-juguetes-bienestar-juguetes-para-hombresaccesorios-para-el-pene","7":"product_cat-juguetes-bienestar-juguetes-para-hombresaccesorios-para-el-peneanillos-peneanillos-con-vibracion","8":"product_cat-juguetes-bienestar-juguetes-para-hombresaccesorios-para-el-peneanillos-pene","9":"product_cat-juguetes-bienestar-juguetes-para-hombresaccesorios-para-el-peneextensiones-para-el-pene","10":"product_cat-juguetes-bienestar","11":"product_cat-juguetes-bienestar-juguetes-para-hombres","12":"product_cat-juguetes-bienestar-juguetes-para-mujeres","13":"product_cat-juguetes-bienestar-juguetes-para-mujeresmasturbadores-para-ellas","14":"product_cat-juguetes-bienestar-vibradores","15":"product_cat-juguetes-bienestar-vibradoresvibradores-control-remoto","16":"product_cat-juguetes-bienestar-vibradoresvibradores-hi-tech","17":"yith_product_brand-anbiguo","19":"first","20":"instock","21":"taxable","22":"shipping-taxable","23":"purchasable","24":"product-type-simple"},"aioseo_notices":[],"_links":{"self":[{"href":"https:\/\/www.mysexualfantasy.eu\/en\/wp-json\/wp\/v2\/product\/61284","targetHints":{"allow":["GET"]}}],"collection":[{"href":"https:\/\/www.mysexualfantasy.eu\/en\/wp-json\/wp\/v2\/product"}],"about":[{"href":"https:\/\/www.mysexualfantasy.eu\/en\/wp-json\/wp\/v2\/types\/product"}],"replies":[{"embeddable":true,"href":"https:\/\/www.mysexualfantasy.eu\/en\/wp-json\/wp\/v2\/comments?post=61284"}],"wp:featuredmedia":[{"embeddable":true,"href":"https:\/\/www.mysexualfantasy.eu\/en\/wp-json\/wp\/v2\/media\/61285"}],"wp:attachment":[{"href":"https:\/\/www.mysexualfantasy.eu\/en\/wp-json\/wp\/v2\/media?parent=61284"}],"wp:term":[{"taxonomy":"product_brand","embeddable":true,"href":"https:\/\/www.mysexualfantasy.eu\/en\/wp-json\/wp\/v2\/product_brand?post=61284"},{"taxonomy":"product_cat","embeddable":true,"href":"https:\/\/www.mysexualfantasy.eu\/en\/wp-json\/wp\/v2\/product_cat?post=61284"},{"taxonomy":"product_tag","embeddable":true,"href":"https:\/\/www.mysexualfantasy.eu\/en\/wp-json\/wp\/v2\/product_tag?post=61284"}],"curies":[{"name":"wp","href":"https:\/\/api.w.org\/{rel}","templated":true}]}}