{"id":61323,"date":"2023-01-13T13:45:29","date_gmt":"2023-01-13T13:45:29","guid":{"rendered":"https:\/\/www.mysexualfantasy.eu\/?post_type=product&#038;p=61323"},"modified":"2023-12-06T15:44:31","modified_gmt":"2023-12-06T15:44:31","slug":"fleshlight-classic-pink-lady-heavenly-masturbador","status":"publish","type":"product","link":"https:\/\/www.mysexualfantasy.eu\/en\/product\/fleshlight-classic-pink-lady-heavenly-masturbador\/","title":{"rendered":"FLESHLIGHT CLASSIC PINK LADY HEAVENLY MASTURBADOR"},"content":{"rendered":"<p>Es cierto; los \u00e1ngeles existen. El Classic Pink Lady Heavenly de Fleshlight viene equipado con una hermosa vagina y una c\u00f3moda y sensual textura interior dise\u00f1ada para dejarle seco con cada uso. Al igual que con todos los Classic Fleshlights, el masturbador masculino Heavenly tiene un interior de nuestro material patentado SuperSkin que le brinda una experiencia realista con cada vuelo.Lo que comienza con una r\u00e9plica real del orificio m\u00e1s sensible e \u00edntimo de una dama da paso a una de nuestras texturas m\u00e1s satisfactorias y estrechas. El Classic Pink Lady Heavenly es ideal para los hombres que buscan una manga ce\u00f1ida que lo abarque todo y que se agarre y nunca se suelte.Todos los Classic Fleshlights vienen en un estuche negro dise\u00f1ado para un f\u00e1cil manejo y una actividad satisfactoria. La caja mide casi 10 pulgadas de largo y el interior del orificio interno Lady mide casi 9 pulgadas para acomodar incluso a los miembros m\u00e1s grandes.<\/p>\n<p>ASCIENDA A LOS CIELOS<\/p>\n<p>\u00a1Prep\u00e1rese para el vuelo de su vida! Cuando penetre el Classic Pink Heavenly de Fleshlight, experimentar\u00e1 lo que es volar con un \u00e1ngel. Empuje su miembro r\u00edgido dentro de este elegante y estimulante juguete sexual y sum\u00e9rjase en un apasionante collage de giros, curvas, l\u00edneas y protuberancias.<\/p>\n<ul>\n<li>Material suave para la piel, flexible y duradero<\/li>\n<li>Sin ftalatos<\/li>\n<li>Color: Rosa<\/li>\n<li>Orificio: Lady (Vagina)<\/li>\n<li>Textura: Heavenly<\/li>\n<li>Di\u00e1metro del orificio: 0,75&#8243; a 0,5&#8243; (1,9 cm a 1,27 cm)<\/li>\n<li>Longitud: 10&#8243; (25,4 cm)<\/li>\n<li>Di\u00e1metro: 4&#8243; a 2,5&#8243; (10,16 cm a 6,35 cm)<\/li>\n<li>Estuche negro Fleshlight<\/li>\n<li>Material suave para la piel, flexible y duradero<\/li>\n<li>Sin ftalatos<\/li>\n<\/ul>","protected":false},"excerpt":{"rendered":"<p>FLESHLIGHT CLASSIC PINK LADY HEAVENLY STROKER<\/p>","protected":false},"featured_media":61324,"comment_status":"open","ping_status":"closed","template":"","meta":{"_monsterinsights_skip_tracking":false,"_monsterinsights_sitenote_active":false,"_monsterinsights_sitenote_note":"","_monsterinsights_sitenote_category":0,"_joinchat":[]},"product_brand":[],"product_cat":[1152,1160,1167,1168],"product_tag":[],"class_list":{"0":"post-61323","1":"product","2":"type-product","3":"status-publish","4":"has-post-thumbnail","6":"product_cat-juguetes-bienestar","7":"product_cat-juguetes-bienestar-juguetes-para-hombres","8":"product_cat-juguetes-bienestar-juguetes-para-hombresmasturbadores-para-ellos","9":"product_cat-juguetes-bienestar-juguetes-para-hombresvaginas-y-anos","10":"yith_product_brand-fleshlight","11":"yith_product_brand-fleshlightfleshlight-origin","13":"first","14":"instock","15":"taxable","16":"shipping-taxable","17":"purchasable","18":"product-type-simple"},"aioseo_notices":[],"_links":{"self":[{"href":"https:\/\/www.mysexualfantasy.eu\/en\/wp-json\/wp\/v2\/product\/61323","targetHints":{"allow":["GET"]}}],"collection":[{"href":"https:\/\/www.mysexualfantasy.eu\/en\/wp-json\/wp\/v2\/product"}],"about":[{"href":"https:\/\/www.mysexualfantasy.eu\/en\/wp-json\/wp\/v2\/types\/product"}],"replies":[{"embeddable":true,"href":"https:\/\/www.mysexualfantasy.eu\/en\/wp-json\/wp\/v2\/comments?post=61323"}],"wp:featuredmedia":[{"embeddable":true,"href":"https:\/\/www.mysexualfantasy.eu\/en\/wp-json\/wp\/v2\/media\/61324"}],"wp:attachment":[{"href":"https:\/\/www.mysexualfantasy.eu\/en\/wp-json\/wp\/v2\/media?parent=61323"}],"wp:term":[{"taxonomy":"product_brand","embeddable":true,"href":"https:\/\/www.mysexualfantasy.eu\/en\/wp-json\/wp\/v2\/product_brand?post=61323"},{"taxonomy":"product_cat","embeddable":true,"href":"https:\/\/www.mysexualfantasy.eu\/en\/wp-json\/wp\/v2\/product_cat?post=61323"},{"taxonomy":"product_tag","embeddable":true,"href":"https:\/\/www.mysexualfantasy.eu\/en\/wp-json\/wp\/v2\/product_tag?post=61323"}],"curies":[{"name":"wp","href":"https:\/\/api.w.org\/{rel}","templated":true}]}}