{"id":61328,"date":"2023-01-13T13:45:31","date_gmt":"2023-01-13T13:45:31","guid":{"rendered":"https:\/\/www.mysexualfantasy.eu\/?post_type=product&#038;p=61328"},"modified":"2023-12-06T15:44:32","modified_gmt":"2023-12-06T15:44:32","slug":"fleshlight-pink-lady-mini-lotus-masturbador","status":"publish","type":"product","link":"https:\/\/www.mysexualfantasy.eu\/en\/product\/fleshlight-pink-lady-mini-lotus-masturbador\/","title":{"rendered":"FLESHLIGHT PINK LADY MINI-LOTUS MASTURBADOR"},"content":{"rendered":"<p>El Classic Pink Lady Mini-Lotus de Fleshlight presenta una hermosa vagina combinada con una textura interna atemporal. Al igual que con todos los Classic de Fleshlight, este masturbador masculino Mini-Lotus est\u00e1 construido con nuestro material patentado SuperSkin, dise\u00f1ado para brindarle una experiencia hiperrealista y profundamente satisfactoria. Una opci\u00f3n ideal para los usuarios primerizos, el orificio Classic Pink Lady Mini-Lotus le invita a entrar entre sus labios suaves y sedosos. Una vez dentro, sienta c\u00f3mo las elegantes estructuras del Mini-Lotus masajean suavemente su pene con cada movimiento. Este legendario masturbador masculino viene con un estuche negro para un f\u00e1cil manejo y unos movimientos satisfactorios, sin importar la posici\u00f3n que elija. El estuche negro mide casi 10 pulgadas de largo, y el interior del orificio interno Lady mide casi 9 pulgadas para acomodar incluso a los miembros m\u00e1s grandes.<\/p>\n<p>PENETRE EL LOTUS<\/p>\n<p>Una de las sensaciones Fleshlight m\u00e1s vendidas de todos los tiempos, Classic Mini-Lotus ofrece una textura sofisticada con una pieza central ultra apretada, dise\u00f1ada para acariciar amorosamente su pene con cada uso.<\/p>\n<ul>\n<li>Material suave para la piel, flexible y duradero<\/li>\n<li>Sin ftalatos<\/li>\n<li>Color: Rosa<\/li>\n<li>Orificio: Lady (Vagina)<\/li>\n<li>Textura: Mini-Lotus<\/li>\n<li>Di\u00e1metro del orificio: 0,75&#8243; a 0,5&#8243; (1,9 cm a 1,27 cm)<\/li>\n<li>Longitud: 10&#8243; (25,4 cm)<\/li>\n<li>Di\u00e1metro: 4&#8243; a 2,5&#8243; (10,16 cm a 6,35 cm)<\/li>\n<li>Estuche negro Fleshlight<\/li>\n<li>Material suave para la piel, flexible y duradero<\/li>\n<li>Sin ftalatos<\/li>\n<\/ul>","protected":false},"excerpt":{"rendered":"<p>FLESHLIGHT PINK LADY MINI-LOTUS STROKER<\/p>","protected":false},"featured_media":61329,"comment_status":"open","ping_status":"closed","template":"","meta":{"_monsterinsights_skip_tracking":false,"_monsterinsights_sitenote_active":false,"_monsterinsights_sitenote_note":"","_monsterinsights_sitenote_category":0,"_joinchat":[]},"product_brand":[],"product_cat":[1152,1160,1167,1168],"product_tag":[],"class_list":{"0":"post-61328","1":"product","2":"type-product","3":"status-publish","4":"has-post-thumbnail","6":"product_cat-juguetes-bienestar","7":"product_cat-juguetes-bienestar-juguetes-para-hombres","8":"product_cat-juguetes-bienestar-juguetes-para-hombresmasturbadores-para-ellos","9":"product_cat-juguetes-bienestar-juguetes-para-hombresvaginas-y-anos","10":"yith_product_brand-fleshlight","11":"yith_product_brand-fleshlightfleshlight-origin","13":"first","14":"instock","15":"taxable","16":"shipping-taxable","17":"purchasable","18":"product-type-simple"},"aioseo_notices":[],"_links":{"self":[{"href":"https:\/\/www.mysexualfantasy.eu\/en\/wp-json\/wp\/v2\/product\/61328","targetHints":{"allow":["GET"]}}],"collection":[{"href":"https:\/\/www.mysexualfantasy.eu\/en\/wp-json\/wp\/v2\/product"}],"about":[{"href":"https:\/\/www.mysexualfantasy.eu\/en\/wp-json\/wp\/v2\/types\/product"}],"replies":[{"embeddable":true,"href":"https:\/\/www.mysexualfantasy.eu\/en\/wp-json\/wp\/v2\/comments?post=61328"}],"wp:featuredmedia":[{"embeddable":true,"href":"https:\/\/www.mysexualfantasy.eu\/en\/wp-json\/wp\/v2\/media\/61329"}],"wp:attachment":[{"href":"https:\/\/www.mysexualfantasy.eu\/en\/wp-json\/wp\/v2\/media?parent=61328"}],"wp:term":[{"taxonomy":"product_brand","embeddable":true,"href":"https:\/\/www.mysexualfantasy.eu\/en\/wp-json\/wp\/v2\/product_brand?post=61328"},{"taxonomy":"product_cat","embeddable":true,"href":"https:\/\/www.mysexualfantasy.eu\/en\/wp-json\/wp\/v2\/product_cat?post=61328"},{"taxonomy":"product_tag","embeddable":true,"href":"https:\/\/www.mysexualfantasy.eu\/en\/wp-json\/wp\/v2\/product_tag?post=61328"}],"curies":[{"name":"wp","href":"https:\/\/api.w.org\/{rel}","templated":true}]}}