{"id":61498,"date":"2023-01-13T13:46:26","date_gmt":"2023-01-13T13:46:26","guid":{"rendered":"https:\/\/www.mysexualfantasy.eu\/?post_type=product&#038;p=61498"},"modified":"2023-12-06T15:48:39","modified_gmt":"2023-12-06T15:48:39","slug":"fetish-fantasy-arnes-hueco-realistico","status":"publish","type":"product","link":"https:\/\/www.mysexualfantasy.eu\/en\/product\/fetish-fantasy-arnes-hueco-realistico\/","title":{"rendered":"FETISH FANTASY ARNES HUECO REALISTICO"},"content":{"rendered":"<p>Fant\u00e1stico arn\u00e9s hueco para hombre en color negro, de la prestigiosa colecci\u00f3n FETISH FANTASY SERIES.<\/p>\n<p>Es un arnes de material suave y totalmente realistico<\/p>\n<p>Ahora usted puede tener la longitud y el grosor que siempre ha so\u00f1ado con este arn\u00e9s huevo con buena sujeci\u00f3n. Diga adi\u00f3s a la verg\u00fcenza de quedarse a mitad de camino y reciba una sonrisa satisfactoria de su amante.<\/p>\n<p>Siempre ha querido tener un pene grande y sentirse m\u00e1s confiado con su tama\u00f1o? Su amante sabe que el tama\u00f1o s\u00ed importa, y nadie puede cumplir con sus fantas\u00edas y satisfacer a su pareja como un semental?<\/p>\n<p>El arn\u00e9s el\u00e1stico y c\u00f3modo, se ajusta f\u00e1cilmente para adaptarse a la mayor\u00eda de los tama\u00f1os.<\/p>\n<p>Es perfecto para los hombres con disfunci\u00f3n er\u00e9ctil, para las mujeres, o para la pareja que fantasean acerca de sus deseos m\u00e1s oscuros.<\/p>\n<p>Medidas: 22 cm x 4,5 cm.<\/p>\n<p>Incluye m\u00e1scara de regalo.<\/p>\n<p style=\"text-align: center;\"><embed allowfullscreen=\"true\" allowscriptaccess=\"always\" flashvars=\"controlbar=bottomnetstreambasepath=http%3A%2F%2Fwww.pipedreamproducts.com%2Ffile=http%3A%2F%2Fwww.pipedreamproducts.com%2Fvideos%2Fpd3941-23.m4vautostart=true\" height=\"304\" src=\"http:\/\/www.pipedreamproducts.com\/jwplayer\/player.swf\" width=\"500\"><\/embed><\/p>","protected":false},"excerpt":{"rendered":"<p>FETISH FANTASY  DREAM HOLLOW STRAP-ON<\/p>","protected":false},"featured_media":61499,"comment_status":"open","ping_status":"closed","template":"","meta":{"_monsterinsights_skip_tracking":false,"_monsterinsights_sitenote_active":false,"_monsterinsights_sitenote_note":"","_monsterinsights_sitenote_category":0,"_joinchat":[]},"product_brand":[],"product_cat":[1170,1173,1281,1299,1184,1152,1160],"product_tag":[],"class_list":{"0":"post-61498","1":"product","2":"type-product","3":"status-publish","4":"has-post-thumbnail","6":"product_cat-juguetes-bienestar-juguetes-para-hombresaccesorios-para-el-pene","7":"product_cat-juguetes-bienestar-arneses","8":"product_cat-juguetes-bienestar-arnesesarneses-huecos","9":"product_cat-juguetes-bienestar-juguetes-para-hombresaccesorios-para-el-penearneses-pene","10":"product_cat-juguetes-bienestar-juguetes-para-hombresaccesorios-para-el-peneextensiones-para-el-pene","11":"product_cat-juguetes-bienestar","12":"product_cat-juguetes-bienestar-juguetes-para-hombres","13":"yith_product_brand-pipedreamsfetish-fantasy-series","14":"yith_product_brand-pipedreams","16":"first","17":"instock","18":"taxable","19":"shipping-taxable","20":"purchasable","21":"product-type-simple"},"aioseo_notices":[],"_links":{"self":[{"href":"https:\/\/www.mysexualfantasy.eu\/en\/wp-json\/wp\/v2\/product\/61498","targetHints":{"allow":["GET"]}}],"collection":[{"href":"https:\/\/www.mysexualfantasy.eu\/en\/wp-json\/wp\/v2\/product"}],"about":[{"href":"https:\/\/www.mysexualfantasy.eu\/en\/wp-json\/wp\/v2\/types\/product"}],"replies":[{"embeddable":true,"href":"https:\/\/www.mysexualfantasy.eu\/en\/wp-json\/wp\/v2\/comments?post=61498"}],"wp:featuredmedia":[{"embeddable":true,"href":"https:\/\/www.mysexualfantasy.eu\/en\/wp-json\/wp\/v2\/media\/61499"}],"wp:attachment":[{"href":"https:\/\/www.mysexualfantasy.eu\/en\/wp-json\/wp\/v2\/media?parent=61498"}],"wp:term":[{"taxonomy":"product_brand","embeddable":true,"href":"https:\/\/www.mysexualfantasy.eu\/en\/wp-json\/wp\/v2\/product_brand?post=61498"},{"taxonomy":"product_cat","embeddable":true,"href":"https:\/\/www.mysexualfantasy.eu\/en\/wp-json\/wp\/v2\/product_cat?post=61498"},{"taxonomy":"product_tag","embeddable":true,"href":"https:\/\/www.mysexualfantasy.eu\/en\/wp-json\/wp\/v2\/product_tag?post=61498"}],"curies":[{"name":"wp","href":"https:\/\/api.w.org\/{rel}","templated":true}]}}