{"id":61868,"date":"2023-01-13T13:48:25","date_gmt":"2023-01-13T13:48:25","guid":{"rendered":"https:\/\/www.mysexualfantasy.eu\/?post_type=product&#038;p=61868"},"modified":"2023-12-06T15:18:42","modified_gmt":"2023-12-06T15:18:42","slug":"xpower-intimate-cleaning-wipes-toallitas-limpieza-intima-6-unidades","status":"publish","type":"product","link":"https:\/\/www.mysexualfantasy.eu\/en\/product\/xpower-intimate-cleaning-wipes-toallitas-limpieza-intima-6-unidades\/","title":{"rendered":"XPOWER INTIMATE CLEANING WIPES TOALLITAS LIMPIEZA INTIMA 6 UNIDADES"},"content":{"rendered":"<p>Las toallitas de limpieza \u00edntima\u00a0de nuestra gama XPOWER son toallitas que limpian y refrescan la zona \u00edntima en cualquier circunstancia.<\/p>\n<p>Las toallitas de limpieza \u00edntima\u00a0tienen una fragancia fresca y ligera. Gracias al pr\u00e1ctico tama\u00f1o de bolsillo de las toallitas de limpieza, pueden caber f\u00e1cilmente en cualquier bolsillo y llevarlas donde quiera que vaya. Las toallitas refrescan y limpian tu zona \u00edntima para una mejor higiene y un mejor bienestar sexual. Si\u00e9ntase renovado en cualquier momento.<\/p>\n<ul>\n<li>Toallitas de limpieza \u00edntimas ideales para refrescar su \u00e1rea \u00edntima, adecuada tanto para hombres como para mujeres<\/li>\n<li>Paquete de 6 toallitas<\/li>\n<li>El geranio ayuda a refrescar y limpiar tu zona \u00edntima gracias a sus virtudes antis\u00e9pticas<\/li>\n<li>El aceite de algod\u00f3n y la cal\u00e9ndula hacen que la limpieza sea suave y ligera, gracias a sus virtudes calmantes para la piel<\/li>\n<\/ul>\n<p>Direcci\u00f3n de uso:<\/p>\n<ul>\n<li>Especialmente dise\u00f1ado para limpiar y refrescar las partes \u00edntimas del cuerpo.<\/li>\n<\/ul>\n<p>Aplique la toallita en las partes deseadas del cuerpo. Antes de usar la toallita de forma regular; aplique una peque\u00f1a cantidad en el antebrazo. Si se produce una reacci\u00f3n al\u00e9rgica, suspenda el uso. Almacenar en un lugar fresco y seco. Mantener fuera del alcance de los ni\u00f1os. Despu\u00e9s de su uso, deseche la toallita en el contenedor de residuos. No tire la toallita por el inodoro.<\/p>","protected":false},"excerpt":{"rendered":"<p>XPOWER INTIMATE CLEANING WIPES 6 UNITS<\/p>","protected":false},"featured_media":61869,"comment_status":"open","ping_status":"closed","template":"","meta":{"_monsterinsights_skip_tracking":false,"_monsterinsights_sitenote_active":false,"_monsterinsights_sitenote_note":"","_monsterinsights_sitenote_category":0,"_joinchat":[]},"product_brand":[],"product_cat":[1258,1203,1259],"product_tag":[],"class_list":{"0":"post-61868","1":"product","2":"type-product","3":"status-publish","4":"has-post-thumbnail","6":"product_cat-drogueria-desinfeccion-y-mantenimiento","7":"product_cat-drogueria","8":"product_cat-drogueria-desinfeccion-y-mantenimiento-limpieza-intima","9":"yith_product_brand-labophyto","10":"yith_product_brand-labophytoxpower","12":"first","13":"instock","14":"taxable","15":"shipping-taxable","16":"purchasable","17":"product-type-simple"},"aioseo_notices":[],"_links":{"self":[{"href":"https:\/\/www.mysexualfantasy.eu\/en\/wp-json\/wp\/v2\/product\/61868","targetHints":{"allow":["GET"]}}],"collection":[{"href":"https:\/\/www.mysexualfantasy.eu\/en\/wp-json\/wp\/v2\/product"}],"about":[{"href":"https:\/\/www.mysexualfantasy.eu\/en\/wp-json\/wp\/v2\/types\/product"}],"replies":[{"embeddable":true,"href":"https:\/\/www.mysexualfantasy.eu\/en\/wp-json\/wp\/v2\/comments?post=61868"}],"wp:featuredmedia":[{"embeddable":true,"href":"https:\/\/www.mysexualfantasy.eu\/en\/wp-json\/wp\/v2\/media\/61869"}],"wp:attachment":[{"href":"https:\/\/www.mysexualfantasy.eu\/en\/wp-json\/wp\/v2\/media?parent=61868"}],"wp:term":[{"taxonomy":"product_brand","embeddable":true,"href":"https:\/\/www.mysexualfantasy.eu\/en\/wp-json\/wp\/v2\/product_brand?post=61868"},{"taxonomy":"product_cat","embeddable":true,"href":"https:\/\/www.mysexualfantasy.eu\/en\/wp-json\/wp\/v2\/product_cat?post=61868"},{"taxonomy":"product_tag","embeddable":true,"href":"https:\/\/www.mysexualfantasy.eu\/en\/wp-json\/wp\/v2\/product_tag?post=61868"}],"curies":[{"name":"wp","href":"https:\/\/api.w.org\/{rel}","templated":true}]}}