{"id":6356,"date":"2023-01-13T11:50:47","date_gmt":"2023-01-13T11:50:47","guid":{"rendered":"https:\/\/www.mysexualfantasy.eu\/?post_type=product&#038;p=6356"},"modified":"2023-12-06T15:56:47","modified_gmt":"2023-12-06T15:56:47","slug":"b-good-deluxe-curve-lila-b-swish","status":"publish","type":"product","link":"https:\/\/www.mysexualfantasy.eu\/en\/product\/b-good-deluxe-curve-lila-b-swish\/","title":{"rendered":"B GOOD DELUXE CURVE LILA  B SWISH"},"content":{"rendered":"<p>El masajeador B Good Deluxe Curve combina el dise\u00f1o tradicional liso, de silicona, y 6 funciones haciendo que tratarse bien se sienta mejor que nunca.<\/p>\n<p>El B Good de lujo es un masajeador impecable, hecho por primera vez para los usuarios y personas que buscan ese vibrador tradicional. El\u00a0 B Good de Lujo est\u00e1 hecho de primera calidad. Perfecto para la masturbaci\u00f3n en solitario, o para el juego en pareja. El B Good posee un tacto natural e ingenieria resistente al agua potenciados por la sensaci\u00f3n sedosa y dise\u00f1o seductor. Los usuarios pueden probar todas las 6 funciones ya sea utilizando el B Good Deluxe de forma tradicional o simplemente estimulando el clitoris o el clitoris con los movimientos circulares.<\/p>\n<p>No hay duda de que los usuarios encontraran la velocidad y presi\u00f3n justa segun sus preferencias individuales.<\/p>\n<p>Sus principales caracteristicas son;<\/p>\n<ul>\n<li>Material de Silicona fusionado con Abs.<\/li>\n<li>6 Funciones<\/li>\n<li>Sumergible, apto para la ducha.<\/li>\n<li>Facil de controlar y con luz roja<\/li>\n<li>Puede canlentarse para una sensaci\u00f3n natural<\/li>\n<li>Potente y silencioso<\/li>\n<li>Utiliza dos pilas AAA ( no incluidas)<\/li>\n<li>19.3 cm de largo x 3.5 cm de ancho.<\/li>\n<\/ul>\n<p>El masajeador B Good Deluxe Curve tiene un bot\u00f3n de control con retroiluminaci\u00f3n. La parte de abajo del bot\u00f3n sirve para encender el masajeador, y la de abajo para pasar por sus 6 funciones de vibraci\u00f3n \u00a1 Que las sensaciones nunca se detengan!<\/p>\n<p>B Good Deluxe Curve\u00a0 est\u00e1 presentado en una excelente caja que incluye\u00a0 Estuche para guardarlo, Masajeador, si quieres conocer mas pica <a href=\"http:\/\/us.bswish.com\/bswish\/Toys\/bgood_deluxe\/130710_BSBOD_EduFlyer_ES.pdf\">aqu\u00ed <\/a><\/p>\n<p><img decoding=\"async\" alt=\"\" src=\"https:\/\/interno.dreamlove.es\/UserFiles\/image\/banderas.png\" \/><\/p>\n<p style=\"text-align: center;\">\u00a0<\/p>","protected":false},"excerpt":{"rendered":"<p>B GOOD DELUXE  CURVE PURPLE B SWISH<\/p>","protected":false},"featured_media":44049,"comment_status":"open","ping_status":"closed","template":"","meta":{"_monsterinsights_skip_tracking":false,"_monsterinsights_sitenote_active":false,"_monsterinsights_sitenote_note":"","_monsterinsights_sitenote_category":0,"_joinchat":[]},"product_brand":[],"product_cat":[1193,1156,1152,1155,1165,1309,1153,1292,1293],"product_tag":[],"class_list":{"0":"post-6356","1":"product","2":"type-product","3":"status-publish","4":"has-post-thumbnail","6":"product_cat-juguetes-bienestar-vibradores100-sumergible","7":"product_cat-juguetes-bienestar-juguetes-para-mujeresestimuladores","8":"product_cat-juguetes-bienestar","9":"product_cat-juguetes-bienestar-juguetes-para-mujeres","10":"product_cat-juguetes-bienestar-juguetes-para-mujeresmasturbadores-para-ellas","11":"product_cat-juguetes-bienestar-juguetes-para-mujerespunto-g","12":"product_cat-juguetes-bienestar-vibradores","13":"product_cat-juguetes-bienestar-vibradoresvibradores-clasicos-anales-o-vaginales","14":"product_cat-juguetes-bienestar-vibradoresvibradores-punto-g","15":"yith_product_brand-b-swish","17":"first","18":"instock","19":"taxable","20":"shipping-taxable","21":"purchasable","22":"product-type-simple"},"aioseo_notices":[],"_links":{"self":[{"href":"https:\/\/www.mysexualfantasy.eu\/en\/wp-json\/wp\/v2\/product\/6356","targetHints":{"allow":["GET"]}}],"collection":[{"href":"https:\/\/www.mysexualfantasy.eu\/en\/wp-json\/wp\/v2\/product"}],"about":[{"href":"https:\/\/www.mysexualfantasy.eu\/en\/wp-json\/wp\/v2\/types\/product"}],"replies":[{"embeddable":true,"href":"https:\/\/www.mysexualfantasy.eu\/en\/wp-json\/wp\/v2\/comments?post=6356"}],"wp:featuredmedia":[{"embeddable":true,"href":"https:\/\/www.mysexualfantasy.eu\/en\/wp-json\/wp\/v2\/media\/44049"}],"wp:attachment":[{"href":"https:\/\/www.mysexualfantasy.eu\/en\/wp-json\/wp\/v2\/media?parent=6356"}],"wp:term":[{"taxonomy":"product_brand","embeddable":true,"href":"https:\/\/www.mysexualfantasy.eu\/en\/wp-json\/wp\/v2\/product_brand?post=6356"},{"taxonomy":"product_cat","embeddable":true,"href":"https:\/\/www.mysexualfantasy.eu\/en\/wp-json\/wp\/v2\/product_cat?post=6356"},{"taxonomy":"product_tag","embeddable":true,"href":"https:\/\/www.mysexualfantasy.eu\/en\/wp-json\/wp\/v2\/product_tag?post=6356"}],"curies":[{"name":"wp","href":"https:\/\/api.w.org\/{rel}","templated":true}]}}