{"id":6368,"date":"2023-02-06T18:50:16","date_gmt":"2023-02-06T18:50:16","guid":{"rendered":"https:\/\/www.mysexualfantasy.eu\/?post_type=product&#038;p=6368"},"modified":"2023-12-06T15:56:52","modified_gmt":"2023-12-06T15:56:52","slug":"b-swish-bnaughty-classic-vibrating-bullet-cerise","status":"publish","type":"product","link":"https:\/\/www.mysexualfantasy.eu\/en\/product\/b-swish-bnaughty-classic-vibrating-bullet-cerise\/","title":{"rendered":"B SWISH BNAUGHTY CLASSIC VIBRATING BULLET CERISE"},"content":{"rendered":"<p>Este masajeador es una versi\u00f3n remodelada de lujo del increiblemente versatil vibrador bala clasico.<\/p>\n<p>Este sedoso juguete tiene cinco funciones \u00fanicas y muy silenciosas, una forma compacta y ergonom\u00edca con un toque deliciosamente preciso y un mando a distancia ( Con cable )<\/p>\n<p>El tama\u00f1o de este juguete se adapta a las zonas erogenas del usuario, es ideal para todo tipo de estimuluaci\u00f3n externa , sobre todo para acariciar son precisi\u00f3n el cl\u00edtoris o los pezonas, el glande y los testiculos.<\/p>\n<p>Se puede cambiar sucesivamente pulsando el bot\u00f3n del mando erg\u00f3nomico que est\u00e1 iluminado con una luz blanca para jugar en la oscuridad.<\/p>\n<p>Sus principales cualidades son;<\/p>\n<p>Sus principales caracteristicas son;<\/p>\n<ul>\n<li>100% Silicona fusionado con ABS.<\/li>\n<li>5 Funciones<\/li>\n<li>Sumergible, apto para la ducha.<\/li>\n<li>Facil de utilizar con luz de Led Blanca.<\/li>\n<li>Precisi\u00f3n pulsante exrema.<\/li>\n<li>Potente y silencioso<\/li>\n<li>Utiliza dos pilas AAA ( no incluidas)<\/li>\n<\/ul>\n<p>\u00a1 Que las sensaciones nunca se detengan!<\/p>\n<p>Bnaughty clasic est\u00e1 presentado en una excelente caja que incluye\u00a0 Estuche para guardarlo, Masajeador, si quieres conocer mas pica <a href=\"http:\/\/us.bswish.com\/bswish\/Toys\/bnaughty_classic\/130819_BSBNA_EduFlyer_ES.pdf\">aqu\u00ed <\/a><\/p>\n<p><img decoding=\"async\" alt=\"\" src=\"https:\/\/interno.dreamlove.es\/UserFiles\/image\/banderas.png\" \/><\/p>\n<p style=\"text-align: center;\">\u00a0<\/p>","protected":false},"excerpt":{"rendered":"<p>B SWISH BNAUGHTY CLASSIC VIBRATING BULLET CERISE<\/p>","protected":false},"featured_media":73867,"comment_status":"open","ping_status":"closed","template":"","meta":{"_monsterinsights_skip_tracking":false,"_monsterinsights_sitenote_active":false,"_monsterinsights_sitenote_note":"","_monsterinsights_sitenote_category":0,"_joinchat":[]},"product_brand":[],"product_cat":[1156,1157,1152,1155,1165,1294,1153],"product_tag":[],"class_list":{"0":"post-6368","1":"product","2":"type-product","3":"status-publish","4":"has-post-thumbnail","6":"product_cat-juguetes-bienestar-juguetes-para-mujeresestimuladores","7":"product_cat-juguetes-bienestar-juguetes-para-mujeresestimuladoreshuevos-vibradores","8":"product_cat-juguetes-bienestar","9":"product_cat-juguetes-bienestar-juguetes-para-mujeres","10":"product_cat-juguetes-bienestar-juguetes-para-mujeresmasturbadores-para-ellas","11":"product_cat-juguetes-bienestar-vibradoresmini-vibradores","12":"product_cat-juguetes-bienestar-vibradores","13":"yith_product_brand-b-swish","15":"first","16":"instock","17":"taxable","18":"shipping-taxable","19":"purchasable","20":"product-type-simple"},"aioseo_notices":[],"_links":{"self":[{"href":"https:\/\/www.mysexualfantasy.eu\/en\/wp-json\/wp\/v2\/product\/6368","targetHints":{"allow":["GET"]}}],"collection":[{"href":"https:\/\/www.mysexualfantasy.eu\/en\/wp-json\/wp\/v2\/product"}],"about":[{"href":"https:\/\/www.mysexualfantasy.eu\/en\/wp-json\/wp\/v2\/types\/product"}],"replies":[{"embeddable":true,"href":"https:\/\/www.mysexualfantasy.eu\/en\/wp-json\/wp\/v2\/comments?post=6368"}],"wp:featuredmedia":[{"embeddable":true,"href":"https:\/\/www.mysexualfantasy.eu\/en\/wp-json\/wp\/v2\/media\/73867"}],"wp:attachment":[{"href":"https:\/\/www.mysexualfantasy.eu\/en\/wp-json\/wp\/v2\/media?parent=6368"}],"wp:term":[{"taxonomy":"product_brand","embeddable":true,"href":"https:\/\/www.mysexualfantasy.eu\/en\/wp-json\/wp\/v2\/product_brand?post=6368"},{"taxonomy":"product_cat","embeddable":true,"href":"https:\/\/www.mysexualfantasy.eu\/en\/wp-json\/wp\/v2\/product_cat?post=6368"},{"taxonomy":"product_tag","embeddable":true,"href":"https:\/\/www.mysexualfantasy.eu\/en\/wp-json\/wp\/v2\/product_tag?post=6368"}],"curies":[{"name":"wp","href":"https:\/\/api.w.org\/{rel}","templated":true}]}}