{"id":6378,"date":"2023-01-13T11:50:59","date_gmt":"2023-01-13T11:50:59","guid":{"rendered":"https:\/\/www.mysexualfantasy.eu\/?post_type=product&#038;p=6378"},"modified":"2023-12-06T15:56:56","modified_gmt":"2023-12-06T15:56:56","slug":"b-good-deluxe-tangerine-bswish","status":"publish","type":"product","link":"https:\/\/www.mysexualfantasy.eu\/en\/product\/b-good-deluxe-tangerine-bswish\/","title":{"rendered":"B GOOD DELUXE TANGERINE BSWISH"},"content":{"rendered":"<p>El masajeador B Good Deluxe combina el dise\u00f1o tradicional liso, de silicona, y 6 funciones haciendo que tratarse bien se sienta mejor que nunca.<\/p>\n<p>El B Good de lujo es un masajeador impecable, hecho por primera vez para los usuarios y personas que buscan ese vibrador tradicional. El\u00a0 B Good de Lujo est\u00e1 hecho de primera calidad. Perfecto para la masturbaci\u00f3n en solitario, o para el juego en pareja. El B Good posee un tacto natural e ingenieria resistente al agua potenciados por la sensaci\u00f3n sedosa y dise\u00f1o seductor.<\/p>\n<p>Los usuarios pueden probar todas las 6 funciones ya sea utilizando el B Good Deluxe de forma tradicional o simplemente estimulando el clitoris o el clitoris con los movimientos circulares.<\/p>\n<p>No hay duda de que los usuarios encontraran la velocidad y presi\u00f3n justa segun sus preferencias individuales.<\/p>\n<p>Sus principales caracteristicas son;<\/p>\n<ul>\n<li>Material de Silicona fusionado con Abs.<\/li>\n<li>6 Funciones<\/li>\n<li>Sumergible, apto para la ducha.<\/li>\n<li>Facil de controlar y con luz roja<\/li>\n<li>Puede canlentarse para una sensaci\u00f3n natural<\/li>\n<li>Potente y silencioso<\/li>\n<li>Utiliza dos pilas AAA ( no incluidas)<\/li>\n<li>17.8 cm de largo<\/li>\n<\/ul>\n<p>El masajeador B Good Deluxe tiene un bot\u00f3n de control con retroiluminaci\u00f3n. La parte de abajo del bot\u00f3n sirve para encender el masajeador, y la de abajo para pasar por sus 6 funciones de vibraci\u00f3n \u00a1 Que las sensaciones nunca se detengan!<\/p>\n<p>B Good Deluxe\u00a0\u00a0 est\u00e1 presentado en una excelente caja que incluye\u00a0 Estuche para guardarlo, Masajeador, si quieres conocer mas pica <a href=\"http:\/\/us.bswish.com\/bswish\/Toys\/bgood_deluxe\/130710_BSBOD_EduFlyer_ES.pdf\">aqu\u00ed <\/a><\/p>\n<p><img decoding=\"async\" alt=\"\" src=\"https:\/\/interno.dreamlove.es\/UserFiles\/image\/banderas.png\" \/><\/p>\n<p style=\"text-align: center;\">\u00a0<\/p>","protected":false},"excerpt":{"rendered":"<p>B GOOD DELUXE TANGERINE BSWISH<\/p>","protected":false},"featured_media":44101,"comment_status":"open","ping_status":"closed","template":"","meta":{"_monsterinsights_skip_tracking":false,"_monsterinsights_sitenote_active":false,"_monsterinsights_sitenote_note":"","_monsterinsights_sitenote_category":0,"_joinchat":[]},"product_brand":[],"product_cat":[1193,1156,1152,1155,1165,1153,1292],"product_tag":[],"class_list":{"0":"post-6378","1":"product","2":"type-product","3":"status-publish","4":"has-post-thumbnail","6":"product_cat-juguetes-bienestar-vibradores100-sumergible","7":"product_cat-juguetes-bienestar-juguetes-para-mujeresestimuladores","8":"product_cat-juguetes-bienestar","9":"product_cat-juguetes-bienestar-juguetes-para-mujeres","10":"product_cat-juguetes-bienestar-juguetes-para-mujeresmasturbadores-para-ellas","11":"product_cat-juguetes-bienestar-vibradores","12":"product_cat-juguetes-bienestar-vibradoresvibradores-clasicos-anales-o-vaginales","13":"yith_product_brand-b-swish","15":"first","16":"instock","17":"taxable","18":"shipping-taxable","19":"purchasable","20":"product-type-simple"},"aioseo_notices":[],"_links":{"self":[{"href":"https:\/\/www.mysexualfantasy.eu\/en\/wp-json\/wp\/v2\/product\/6378","targetHints":{"allow":["GET"]}}],"collection":[{"href":"https:\/\/www.mysexualfantasy.eu\/en\/wp-json\/wp\/v2\/product"}],"about":[{"href":"https:\/\/www.mysexualfantasy.eu\/en\/wp-json\/wp\/v2\/types\/product"}],"replies":[{"embeddable":true,"href":"https:\/\/www.mysexualfantasy.eu\/en\/wp-json\/wp\/v2\/comments?post=6378"}],"wp:featuredmedia":[{"embeddable":true,"href":"https:\/\/www.mysexualfantasy.eu\/en\/wp-json\/wp\/v2\/media\/44101"}],"wp:attachment":[{"href":"https:\/\/www.mysexualfantasy.eu\/en\/wp-json\/wp\/v2\/media?parent=6378"}],"wp:term":[{"taxonomy":"product_brand","embeddable":true,"href":"https:\/\/www.mysexualfantasy.eu\/en\/wp-json\/wp\/v2\/product_brand?post=6378"},{"taxonomy":"product_cat","embeddable":true,"href":"https:\/\/www.mysexualfantasy.eu\/en\/wp-json\/wp\/v2\/product_cat?post=6378"},{"taxonomy":"product_tag","embeddable":true,"href":"https:\/\/www.mysexualfantasy.eu\/en\/wp-json\/wp\/v2\/product_tag?post=6378"}],"curies":[{"name":"wp","href":"https:\/\/api.w.org\/{rel}","templated":true}]}}