{"id":64913,"date":"2023-01-13T14:06:56","date_gmt":"2023-01-13T14:06:56","guid":{"rendered":"https:\/\/www.mysexualfantasy.eu\/?post_type=product&#038;p=64913"},"modified":"2023-12-06T16:22:41","modified_gmt":"2023-12-06T16:22:41","slug":"calex-boundless-red-restraint-set-restriccion-cama","status":"publish","type":"product","link":"https:\/\/www.mysexualfantasy.eu\/en\/product\/calex-boundless-red-restraint-set-restriccion-cama\/","title":{"rendered":"CALEX BOUNDLESS RED RESTRAINT SET RESTRICCION CAMA"},"content":{"rendered":"<p>Tenga cuidado: \u00a1el sistema de restricci\u00f3n de cama Boundless puede atar sus noches durante mucho tiempo! Este juguete para adultos viene con mu\u00f1equeras y tobillos que ofrecen cierres estilo velcro y aplausos universales, lo que garantiza la m\u00e1xima comodidad y sujeci\u00f3n.<\/p>\n<p>Las correas de seguridad ajustables y muy resistentes se envuelven debajo de casi cualquier tama\u00f1o de colch\u00f3n de cama, lo que garantiza que el submarino est\u00e9 sujeto a la voluntad del dom.<\/p>\n<p>Como una de las categor\u00edas de productos de juguetes para adultos en aumento, los juguetes sexuales BDSM han experimentado un aumento en la comunidad de productos de placer, liberando a las personas de sus tensiones reprimidas de la manera m\u00e1s sexual posible.<\/p>\n<p>CARACTER\u00cdSTICAS<\/p>\n<ul>\n<li>Informaci\u00f3n adicional 4 pu\u00f1os de mu\u00f1eca o tobillo totalmente ajustables y desmontables  4 robustas correas ajustables para adaptarse a la mayor\u00eda de los colchones  Puede utilizarse bajo cualquier cama o como ataduras individuales  Cierres universales y anillos en O con dise\u00f1o giratorio para una total destreza  Interior suave y lujoso con exterior de cuero vegano  Costuras dobles acolchadas y cosidas  Dise\u00f1o funcional, duradero y con textura<\/li>\n<li>Dimensiones del producto: Cada atadura: 160 cm  Circunferencia m\u00e1xima &#8211; cada pu\u00f1o: 40,75 cm<\/li>\n<li>Seguro para el cuerpo: S\u00ed<\/li>\n<li>Material: PU (tejido)  Poli\u00e9ster (forro, cinta decorativa, velcro, correas)  Hierro sin n\u00edquel (juntas t\u00f3ricas, remaches)  Aleaci\u00f3n de zinc sin n\u00edquel (cierres giratorios)  POM (ajustadores)<\/li>\n<\/ul>","protected":false},"excerpt":{"rendered":"<p>CALEX BOUNDLESS RED RESTRAINT<\/p>","protected":false},"featured_media":64914,"comment_status":"open","ping_status":"closed","template":"","meta":{"_monsterinsights_skip_tracking":false,"_monsterinsights_sitenote_active":false,"_monsterinsights_sitenote_note":"","_monsterinsights_sitenote_category":0,"_joinchat":[]},"product_brand":[],"product_cat":[1175,1178,1397],"product_tag":[],"class_list":{"0":"post-64913","1":"product","2":"type-product","3":"status-publish","4":"has-post-thumbnail","6":"product_cat-bdsm-bondage","7":"product_cat-bdsm-bondage-bondage","8":"product_cat-bdsm-bondage-bondageesposas-de-fijacion","9":"yith_product_brand-california-exotics","11":"first","12":"instock","13":"taxable","14":"shipping-taxable","15":"purchasable","16":"product-type-simple"},"aioseo_notices":[],"_links":{"self":[{"href":"https:\/\/www.mysexualfantasy.eu\/en\/wp-json\/wp\/v2\/product\/64913","targetHints":{"allow":["GET"]}}],"collection":[{"href":"https:\/\/www.mysexualfantasy.eu\/en\/wp-json\/wp\/v2\/product"}],"about":[{"href":"https:\/\/www.mysexualfantasy.eu\/en\/wp-json\/wp\/v2\/types\/product"}],"replies":[{"embeddable":true,"href":"https:\/\/www.mysexualfantasy.eu\/en\/wp-json\/wp\/v2\/comments?post=64913"}],"wp:featuredmedia":[{"embeddable":true,"href":"https:\/\/www.mysexualfantasy.eu\/en\/wp-json\/wp\/v2\/media\/64914"}],"wp:attachment":[{"href":"https:\/\/www.mysexualfantasy.eu\/en\/wp-json\/wp\/v2\/media?parent=64913"}],"wp:term":[{"taxonomy":"product_brand","embeddable":true,"href":"https:\/\/www.mysexualfantasy.eu\/en\/wp-json\/wp\/v2\/product_brand?post=64913"},{"taxonomy":"product_cat","embeddable":true,"href":"https:\/\/www.mysexualfantasy.eu\/en\/wp-json\/wp\/v2\/product_cat?post=64913"},{"taxonomy":"product_tag","embeddable":true,"href":"https:\/\/www.mysexualfantasy.eu\/en\/wp-json\/wp\/v2\/product_tag?post=64913"}],"curies":[{"name":"wp","href":"https:\/\/api.w.org\/{rel}","templated":true}]}}