{"id":64919,"date":"2023-01-13T14:06:58","date_gmt":"2023-01-13T14:06:58","guid":{"rendered":"https:\/\/www.mysexualfantasy.eu\/?post_type=product&#038;p=64919"},"modified":"2023-12-06T16:22:41","modified_gmt":"2023-12-06T16:22:41","slug":"calex-boundless-collar-con-correa","status":"publish","type":"product","link":"https:\/\/www.mysexualfantasy.eu\/en\/product\/calex-boundless-collar-con-correa\/","title":{"rendered":"CALEX BOUNDLESS COLLAR CON CORREA"},"content":{"rendered":"<p>Busca dominaci\u00f3n y mostrar qui\u00e9n manda? \u00a1Aqu\u00ed tienes este collar con correa!<\/p>\n<p>Este juguete para adultos se complementa perfectamente con una mordaza, trayendo al dormitorio un collar resistente con una correa desmontable.<\/p>\n<p>Este collar completamente ajustable viene con un cierre de hebilla seguro con un dise\u00f1o de hebilla s\u00f3lida, que brinda la m\u00e1xima restricci\u00f3n posible, con la facilidad de un ajuste r\u00e1pido y seguro cuando lo necesita.<\/p>\n<p>CARACTER\u00cdSTICAS<\/p>\n<ul>\n<li>Informaci\u00f3n adicional: Resistente collar con correa desmontable  Totalmente ajustable con cierre de hebilla seguro  Resistente cadena met\u00e1lica  Cierres universales y anillos en D con dise\u00f1o giratorio para una total destreza  Interior suave y lujoso con exterior de cuero vegano  Doble acolchado, doble costura  Dise\u00f1o funcional, duradero y con textura<\/li>\n<li>Dimensiones del producto: Circunferencia m\u00e1xima del cuello 49,5 cm<\/li>\n<li>Longitud total: 49,5 cm<\/li>\n<li>Seguro para el cuerpo: S\u00ed<\/li>\n<\/ul>","protected":false},"excerpt":{"rendered":"<p>CALEX BOUNDLESS COLLAR AND LEASH<\/p>","protected":false},"featured_media":64920,"comment_status":"open","ping_status":"closed","template":"","meta":{"_monsterinsights_skip_tracking":false,"_monsterinsights_sitenote_active":false,"_monsterinsights_sitenote_note":"","_monsterinsights_sitenote_category":0,"_joinchat":[]},"product_brand":[],"product_cat":[1175,1178,1398],"product_tag":[],"class_list":{"0":"post-64919","1":"product","2":"type-product","3":"status-publish","4":"has-post-thumbnail","6":"product_cat-bdsm-bondage","7":"product_cat-bdsm-bondage-bondage","8":"product_cat-bdsm-bondage-bondagecollares","9":"yith_product_brand-california-exotics","11":"first","12":"instock","13":"taxable","14":"shipping-taxable","15":"purchasable","16":"product-type-simple"},"aioseo_notices":[],"_links":{"self":[{"href":"https:\/\/www.mysexualfantasy.eu\/en\/wp-json\/wp\/v2\/product\/64919","targetHints":{"allow":["GET"]}}],"collection":[{"href":"https:\/\/www.mysexualfantasy.eu\/en\/wp-json\/wp\/v2\/product"}],"about":[{"href":"https:\/\/www.mysexualfantasy.eu\/en\/wp-json\/wp\/v2\/types\/product"}],"replies":[{"embeddable":true,"href":"https:\/\/www.mysexualfantasy.eu\/en\/wp-json\/wp\/v2\/comments?post=64919"}],"wp:featuredmedia":[{"embeddable":true,"href":"https:\/\/www.mysexualfantasy.eu\/en\/wp-json\/wp\/v2\/media\/64920"}],"wp:attachment":[{"href":"https:\/\/www.mysexualfantasy.eu\/en\/wp-json\/wp\/v2\/media?parent=64919"}],"wp:term":[{"taxonomy":"product_brand","embeddable":true,"href":"https:\/\/www.mysexualfantasy.eu\/en\/wp-json\/wp\/v2\/product_brand?post=64919"},{"taxonomy":"product_cat","embeddable":true,"href":"https:\/\/www.mysexualfantasy.eu\/en\/wp-json\/wp\/v2\/product_cat?post=64919"},{"taxonomy":"product_tag","embeddable":true,"href":"https:\/\/www.mysexualfantasy.eu\/en\/wp-json\/wp\/v2\/product_tag?post=64919"}],"curies":[{"name":"wp","href":"https:\/\/api.w.org\/{rel}","templated":true}]}}