{"id":64949,"date":"2023-01-13T14:07:08","date_gmt":"2023-01-13T14:07:08","guid":{"rendered":"https:\/\/www.mysexualfantasy.eu\/?post_type=product&#038;p=64949"},"modified":"2023-12-06T16:25:14","modified_gmt":"2023-12-06T16:25:14","slug":"begme-black-edition-collar-con-cadenas-y-pinzas-pezones-con-forro-de-nopreno","status":"publish","type":"product","link":"https:\/\/www.mysexualfantasy.eu\/en\/product\/begme-black-edition-collar-con-cadenas-y-pinzas-pezones-con-forro-de-nopreno\/","title":{"rendered":"BEGME &#8211; BLACK EDITION COLLAR CON CADENAS Y PINZAS PEZONES CON FORRO DE NEOPRENO"},"content":{"rendered":"<p>Preparado para el placer m\u00e1ximo?, unido por una cadena de plata a pinzas para pezones. Un juego bondage excitante sobre todo para ellas. Las pinzas y el collar son ajustables tanto de medida como la tensi\u00f3n. Es perfecto para la estimulaci\u00f3n de los pezones y muchas otras \u00e1reas sensibles.<\/p>\n<ul>\n<li>Fabricado en neopreno, metal libre de niquel y materiales veganos.<\/li>\n<li>Suave cubierta de neopreno<\/li>\n<li>Talla \u00fanica.<\/li>\n<\/ul>\n<p>Utiliza este accesorio solo o con otros art\u00edculos de BEGME<\/p>\n<p>El sadomasoquismo se basa en algo m\u00e1s que en sentir placer a trav\u00e9s del dolor. Se caracteriza por asumir los roles de dominante y de sumiso. La representaci\u00f3n de estos roles en parejas no sadomasoquistas, dentro de su juego er\u00f3tico y sin llevarlo al extremo, puede resultar estimulante. Eso s\u00ed, explica que esta debe ser siempre una pr\u00e1ctica consentida y deseada por ambos miembros. \u00abCuando estas pr\u00e1cticas no generan malestar en la persona ni en su pareja y son consentidas no podemos considerarlas insanas o patol\u00f3gicas. El SM no genera problemas en personas sanas\u00bb. Lo \u00fanico que deben respetar es el establecimiento de unos l\u00edmites muy claros sobre qu\u00e9 est\u00e1 permitido y qu\u00e9 no, as\u00ed como alguna se\u00f1al para saber d\u00f3nde parar.<\/p>\n<p>Por qu\u00e9 BEGME?<\/p>\n<p>Begme es una marca BDSM con materiales de primera calidad fabricados al 100% con tres controles de calidad y que garantizan un proceso completamente seguro en el juego Fetish.\u00a0\u00a0<\/p>","protected":false},"excerpt":{"rendered":"<p>BEGME &#8211; BLACK EDITION COLLAR WITH NIPPLE CLAMPS WITH NEOPRENE LINING<\/p>","protected":false},"featured_media":64950,"comment_status":"open","ping_status":"closed","template":"","meta":{"_monsterinsights_skip_tracking":false,"_monsterinsights_sitenote_active":false,"_monsterinsights_sitenote_note":"","_monsterinsights_sitenote_category":0,"_joinchat":[]},"product_brand":[],"product_cat":[1176,1175,1178,1398,1152,1180],"product_tag":[],"class_list":{"0":"post-64949","1":"product","2":"type-product","3":"status-publish","4":"has-post-thumbnail","6":"product_cat-bdsm-bondage-articulos-bdsm","7":"product_cat-bdsm-bondage","8":"product_cat-bdsm-bondage-bondage","9":"product_cat-bdsm-bondage-bondagecollares","10":"product_cat-juguetes-bienestar","11":"product_cat-bdsm-bondage-articulos-bdsmpinzas-pezones-bdsm","12":"yith_product_brand-begme-fetish-games-begme-black-edition","13":"yith_product_brand-begme-fetish-games","15":"first","16":"instock","17":"taxable","18":"shipping-taxable","19":"purchasable","20":"product-type-simple"},"aioseo_notices":[],"_links":{"self":[{"href":"https:\/\/www.mysexualfantasy.eu\/en\/wp-json\/wp\/v2\/product\/64949","targetHints":{"allow":["GET"]}}],"collection":[{"href":"https:\/\/www.mysexualfantasy.eu\/en\/wp-json\/wp\/v2\/product"}],"about":[{"href":"https:\/\/www.mysexualfantasy.eu\/en\/wp-json\/wp\/v2\/types\/product"}],"replies":[{"embeddable":true,"href":"https:\/\/www.mysexualfantasy.eu\/en\/wp-json\/wp\/v2\/comments?post=64949"}],"wp:featuredmedia":[{"embeddable":true,"href":"https:\/\/www.mysexualfantasy.eu\/en\/wp-json\/wp\/v2\/media\/64950"}],"wp:attachment":[{"href":"https:\/\/www.mysexualfantasy.eu\/en\/wp-json\/wp\/v2\/media?parent=64949"}],"wp:term":[{"taxonomy":"product_brand","embeddable":true,"href":"https:\/\/www.mysexualfantasy.eu\/en\/wp-json\/wp\/v2\/product_brand?post=64949"},{"taxonomy":"product_cat","embeddable":true,"href":"https:\/\/www.mysexualfantasy.eu\/en\/wp-json\/wp\/v2\/product_cat?post=64949"},{"taxonomy":"product_tag","embeddable":true,"href":"https:\/\/www.mysexualfantasy.eu\/en\/wp-json\/wp\/v2\/product_tag?post=64949"}],"curies":[{"name":"wp","href":"https:\/\/api.w.org\/{rel}","templated":true}]}}