{"id":65009,"date":"2023-01-13T14:07:27","date_gmt":"2023-01-13T14:07:27","guid":{"rendered":"https:\/\/www.mysexualfantasy.eu\/?post_type=product&#038;p=65009"},"modified":"2023-12-06T16:22:44","modified_gmt":"2023-12-06T16:22:44","slug":"begme-red-edition-esposas-para-manos-con-forro-de-nopreno","status":"publish","type":"product","link":"https:\/\/www.mysexualfantasy.eu\/en\/product\/begme-red-edition-esposas-para-manos-con-forro-de-nopreno\/","title":{"rendered":"BEGME &#8211; RED EDITION ESPOSAS PARA MANOS CON FORRO DE NEOPRENO"},"content":{"rendered":"<p>BEGME Presenta las primeras esposas de leather vegano con metal libre de niquel!\u00a0<\/p>\n<p>Encierra a tu amante con estas esposas sexys, efectivas y c\u00f3modas. Un accesorio cl\u00e1sico para tus juegos de esclavitud.<\/p>\n<p>Estas esposas tienen la est\u00e9tica elegante que buscas a la vez de una efectividad absoluta. Doble capa y terminado con una hebilla de metal, tu sumiso no podr\u00e1 escapar. El interior acolchado garantiza que se mantendr\u00e1n c\u00f3modos sin importar cu\u00e1nto tiren o cu\u00e1nto tiempo juegues.<\/p>\n<ul>\n<li>Son perfectas para jugadores de nivel avanzado y tambi\u00e9n para principiantes.<\/li>\n<li>Suave cubierta de neopreno<\/li>\n<li>100% Ajustable.<\/li>\n<\/ul>\n<p>\u00a1Aj\u00fastalas a las mu\u00f1ecas de tu amante y comienza el juego!<\/p>\n<p>Utiliza este accesorio solo o con otros art\u00edculos de BEGME<\/p>\n<p>El sadomasoquismo se basa en algo m\u00e1s que en sentir placer a trav\u00e9s del dolor. Se caracteriza por asumir los roles de dominante y de sumiso. La representaci\u00f3n de estos roles en parejas no sadomasoquistas, dentro de su juego er\u00f3tico y sin llevarlo al extremo, puede resultar estimulante. Eso s\u00ed, explica que esta debe ser siempre una pr\u00e1ctica consentida y deseada por ambos miembros. \u00abCuando estas pr\u00e1cticas no generan malestar en la persona ni en su pareja y son consentidas no podemos considerarlas insanas o patol\u00f3gicas. El SM no genera problemas en personas sanas\u00bb. Lo \u00fanico que deben respetar es el establecimiento de unos l\u00edmites muy claros sobre qu\u00e9 est\u00e1 permitido y qu\u00e9 no, as\u00ed como alguna se\u00f1al para saber d\u00f3nde parar.<\/p>\n<p>Por qu\u00e9 BEGME?<\/p>\n<p>Begme es una marca BDSM con materiales de primera calidad fabricados al 100% con tres controles de calidad y que garantizan un proceso completamente seguro en el juego Fetish. \u00a0<\/p>\n<p style=\"text-align: center;\"><iframe allow=\"autoplay; fullscreen; picture-in-picture\" allowfullscreen=\"\" frameborder=\"0\" height=\"360\" scrolling=\"no\" src=\"https:\/\/player.vimeo.com\/video\/604853819?=ac523d498d\" width=\"600\"><\/iframe><\/p>","protected":false},"excerpt":{"rendered":"<p>BEGME &#8211; RED EDITION PREMIUM HANDCUFFS WITH NEOPRENE LINING<\/p>","protected":false},"featured_media":65010,"comment_status":"open","ping_status":"closed","template":"","meta":{"_monsterinsights_skip_tracking":false,"_monsterinsights_sitenote_active":false,"_monsterinsights_sitenote_note":"","_monsterinsights_sitenote_category":0,"_joinchat":[]},"product_brand":[],"product_cat":[1175,1178,1395,1152],"product_tag":[],"class_list":{"0":"post-65009","1":"product","2":"type-product","3":"status-publish","4":"has-post-thumbnail","6":"product_cat-bdsm-bondage","7":"product_cat-bdsm-bondage-bondage","8":"product_cat-bdsm-bondage-bondageesposas","9":"product_cat-juguetes-bienestar","10":"yith_product_brand-begme-fetish-games","11":"yith_product_brand-begme-fetish-games-begme-red-edition","13":"first","14":"instock","15":"taxable","16":"shipping-taxable","17":"purchasable","18":"product-type-simple"},"aioseo_notices":[],"_links":{"self":[{"href":"https:\/\/www.mysexualfantasy.eu\/en\/wp-json\/wp\/v2\/product\/65009","targetHints":{"allow":["GET"]}}],"collection":[{"href":"https:\/\/www.mysexualfantasy.eu\/en\/wp-json\/wp\/v2\/product"}],"about":[{"href":"https:\/\/www.mysexualfantasy.eu\/en\/wp-json\/wp\/v2\/types\/product"}],"replies":[{"embeddable":true,"href":"https:\/\/www.mysexualfantasy.eu\/en\/wp-json\/wp\/v2\/comments?post=65009"}],"wp:featuredmedia":[{"embeddable":true,"href":"https:\/\/www.mysexualfantasy.eu\/en\/wp-json\/wp\/v2\/media\/65010"}],"wp:attachment":[{"href":"https:\/\/www.mysexualfantasy.eu\/en\/wp-json\/wp\/v2\/media?parent=65009"}],"wp:term":[{"taxonomy":"product_brand","embeddable":true,"href":"https:\/\/www.mysexualfantasy.eu\/en\/wp-json\/wp\/v2\/product_brand?post=65009"},{"taxonomy":"product_cat","embeddable":true,"href":"https:\/\/www.mysexualfantasy.eu\/en\/wp-json\/wp\/v2\/product_cat?post=65009"},{"taxonomy":"product_tag","embeddable":true,"href":"https:\/\/www.mysexualfantasy.eu\/en\/wp-json\/wp\/v2\/product_tag?post=65009"}],"curies":[{"name":"wp","href":"https:\/\/api.w.org\/{rel}","templated":true}]}}