{"id":65047,"date":"2023-01-13T14:07:39","date_gmt":"2023-01-13T14:07:39","guid":{"rendered":"https:\/\/www.mysexualfantasy.eu\/?post_type=product&#038;p=65047"},"modified":"2023-12-06T17:02:23","modified_gmt":"2023-12-06T17:02:23","slug":"coquette-chic-desire-fantasy-antifaz-cuero-vegano-con-forro-de-neopreno","status":"publish","type":"product","link":"https:\/\/www.mysexualfantasy.eu\/en\/product\/coquette-chic-desire-fantasy-antifaz-cuero-vegano-con-forro-de-neopreno\/","title":{"rendered":"COQUETTE CHIC DESIRE &#8211; FANTASY ANTIFAZ CUERO VEGANO CON FORRO DE NEOPRENO"},"content":{"rendered":"<p>COQUETTE CHIC DESIRE FANTASY m\u00e1scara cuero vegano el\u00e1stica perfecta para tus juegos de bondage.<\/p>\n<p><strong>Por qu\u00e9 usar una m\u00e1scara en el juego bdsm?\u00a0<\/strong>Significa en el c\u00f3digo sexual: \u00a1V\u00e9ndame los ojos! Es cuando la m\u00e1scara se convierte en la \u00fanica fuerza controladora detr\u00e1s de la sexualidad de una persona.<\/p>\n<p>Ponle este antifaz Coquette Chic Desire Fantasy a tu amante para darle un toque misterioso e interesante al momento. Induce a tu amante a un estado de oscuridad que potencie su apetito sexual.<\/p>\n<p>Este antifaz se sujeta con una c\u00f3moda tira de tela el\u00e1stica. Hecho de cuero vegano.<\/p>\n<ul>\n<li>Fabricado en material; Neopreno, Metal libre de niquel y Cuero vegano.<\/li>\n<li>100% Ajustable.<\/li>\n<\/ul>\n<p>\u00a1La colecci\u00f3n COQUETTE CHIC DESIRE FANTASY es la perfecta para el BDSM, calidad y resistencia aptas para cualquier juego!<\/p>\n<p><strong>C\u00f3mo se puede practicar de manera saludable?<\/strong><\/p>\n<p>\u00a0*La comunicaci\u00f3n es vital. Por un lado, todas las partes involucradas deben expresar verbal y claramente su consentimiento en realizar algunas de estas pr\u00e1cticas. Pero no es todo, tambi\u00e9n debe haber una conversaci\u00f3n previa sobre los llamados l\u00edmites blandos, aquellos que estoy dispuesto a ceder y\/o negociar y los l\u00edmites duros aquellos que no estoy dispuesto a transar.<\/p>\n<p>*Usar la llamada palabra de seguridad, vale decir, elegir una determinada palabra que signifique \u201cdetenerse\u201d, ya sea porque algo es inc\u00f3modo, doloroso o no placentero. Se recomienda, que sea un color o una palabra que no se diga generalmente durante el acto sexual como un color suave o una cosa, por ejemplo \u201camarillo\u201d o \u201crosa\u201d para que el dominante o sumiso la escuche y se detenga. Tambi\u00e9n se aconseja no utilizar palabras como \u201cNo\u201d o \u201cPara\u201d ya que para la otra persona puede ser a\u00fan m\u00e1s estimulante.<\/p>\n<p>*No ocupar elementos que impliquen un riesgo para la otra persona, es decir, implementos que han sido creados espec\u00edficamente para estas pr\u00e1cticas y por ello es muy importante utilizar productos como COQUETTE\u00a0CHIC DESIRE FANTASY. Los juguetes sexuales tambi\u00e9n pueden incluirse de forma segura a estas pr\u00e1cticas, ya sea para el sexo penetrativo, masturbaci\u00f3n o estimulaci\u00f3n externa.<\/p>\n<p>*Jam\u00e1s olvidarse del uso del cond\u00f3n, ya que solo as\u00ed se estar\u00e1 previniendo la transmisi\u00f3n de enfermedades de transmisi\u00f3n sexual.<\/p>\n<p>Por otro lado, si es la primera vez que se incursiona en estas pr\u00e1cticas, lo primero que hay que hacer es informarse y asesorarse bien para saber de qu\u00e9 se trata, sus mitos y verdades. \u201cSugerimos partir por lo menos intenso e ir subiendo la intensidad, solo as\u00ed los involucrados podr\u00e1n ir descubriendo sus l\u00edmites, lo que les gusta o no. En este aspecto, en COQUETTE CHIC DESIRE FANTASY disponemos de productos que pueden ser un gran apoyo para este camino. Tambi\u00e9n hay juegos de mesa que ayudan a \u201cromper el hielo\u201d para ir probando y descubriendo nuevas sensaciones\u201d.<\/p>\n<p>\u201cY por supuesto, tal como mencionamos anteriormente, de manera previa, tener una conversaci\u00f3n clara y honesta con la pareja sobre los l\u00edmites y por cierto, sobre el consentimiento para realizar algunas o todas las pr\u00e1cticas que forman parte del BDSM\u201d<\/p>\n<p style=\"text-align: center;\"><iframe allow=\"autoplay; fullscreen; picture-in-picture\" allowfullscreen=\"\" frameborder=\"0\" height=\"360\" src=\"https:\/\/player.vimeo.com\/video\/583397327\" width=\"640\"><\/iframe><\/p>","protected":false},"excerpt":{"rendered":"<p>COQUETTE CHIC DESIRE &#8211; FANTASY VEGAN LEATHER BLIND MASK WITH NEOPRENE LINING<\/p>","protected":false},"featured_media":65048,"comment_status":"open","ping_status":"closed","template":"","meta":{"_monsterinsights_skip_tracking":false,"_monsterinsights_sitenote_active":false,"_monsterinsights_sitenote_note":"","_monsterinsights_sitenote_category":0,"_joinchat":[]},"product_brand":[],"product_cat":[1323,1417,1175,1178,1152,1196,1199,1432,1166],"product_tag":[],"class_list":{"0":"post-65047","1":"product","2":"type-product","3":"status-publish","4":"has-post-thumbnail","6":"product_cat-moda-lencerialenceria-mujeraccesorios","7":"product_cat-bdsm-bondage-bondageantifaces","8":"product_cat-bdsm-bondage","9":"product_cat-bdsm-bondage-bondage","10":"product_cat-juguetes-bienestar","11":"product_cat-moda-lencerialenceria-mujer","12":"product_cat-moda-lencerialenceria-mujerlenceria-sexy","13":"product_cat-moda-lencerialenceria-mujeraccesoriosmascaras","14":"product_cat-moda-lenceria","15":"yith_product_brand-coquette-chic-desire","16":"yith_product_brand-coquette-chic-desirecoquette-fantasy","18":"first","19":"instock","20":"taxable","21":"shipping-taxable","22":"purchasable","23":"product-type-simple"},"aioseo_notices":[],"_links":{"self":[{"href":"https:\/\/www.mysexualfantasy.eu\/en\/wp-json\/wp\/v2\/product\/65047","targetHints":{"allow":["GET"]}}],"collection":[{"href":"https:\/\/www.mysexualfantasy.eu\/en\/wp-json\/wp\/v2\/product"}],"about":[{"href":"https:\/\/www.mysexualfantasy.eu\/en\/wp-json\/wp\/v2\/types\/product"}],"replies":[{"embeddable":true,"href":"https:\/\/www.mysexualfantasy.eu\/en\/wp-json\/wp\/v2\/comments?post=65047"}],"wp:featuredmedia":[{"embeddable":true,"href":"https:\/\/www.mysexualfantasy.eu\/en\/wp-json\/wp\/v2\/media\/65048"}],"wp:attachment":[{"href":"https:\/\/www.mysexualfantasy.eu\/en\/wp-json\/wp\/v2\/media?parent=65047"}],"wp:term":[{"taxonomy":"product_brand","embeddable":true,"href":"https:\/\/www.mysexualfantasy.eu\/en\/wp-json\/wp\/v2\/product_brand?post=65047"},{"taxonomy":"product_cat","embeddable":true,"href":"https:\/\/www.mysexualfantasy.eu\/en\/wp-json\/wp\/v2\/product_cat?post=65047"},{"taxonomy":"product_tag","embeddable":true,"href":"https:\/\/www.mysexualfantasy.eu\/en\/wp-json\/wp\/v2\/product_tag?post=65047"}],"curies":[{"name":"wp","href":"https:\/\/api.w.org\/{rel}","templated":true}]}}