{"id":65053,"date":"2023-01-13T14:07:41","date_gmt":"2023-01-13T14:07:41","guid":{"rendered":"https:\/\/www.mysexualfantasy.eu\/?post_type=product&#038;p=65053"},"modified":"2023-12-06T16:25:15","modified_gmt":"2023-12-06T16:25:15","slug":"coquette-chic-desire-fantasy-collar-con-pinzas-pezones-con-forro-de-neopreno","status":"publish","type":"product","link":"https:\/\/www.mysexualfantasy.eu\/en\/product\/coquette-chic-desire-fantasy-collar-con-pinzas-pezones-con-forro-de-neopreno\/","title":{"rendered":"COQUETTE CHIC DESIRE &#8211; FANTASY COLLAR CON PINZAS PEZONES CON FORRO DE NEOPRENO"},"content":{"rendered":"<p>COQUETTE CHIC DESIRE FANTASY collar de cuero vegano con pinza para pezones unido por cadena metal ( Incluida)<\/p>\n<p>Fabricado de suave cuero vegano y acabado con dos pinzas para pezones con cadenas, este set de collar con pinzas te asegura a tu sujeto al momento.<\/p>\n<p>\u00a0El c\u00f3modo collar se ajusta f\u00e1cilmente a casi todas las tallas, mientras que las pinzas para pezones te ofrecen justo la tensi\u00f3n adecuada en el lugar adecuado.<\/p>\n<p>\u00a0Simplemente ajusta el tornillo a los pezones hasta que quede ajustado y confortable y empieza a disfrutar de placer de un buen pellizco. Sus recubrimientos de goma permitir\u00e1n que con la acci\u00f3n del momento no se deslicen y permanezcan en su lugar.<\/p>\n<p>El collar de cuero cuenta con una resistente anilla para conectar una correa (Correa incluida) y as\u00ed tener a tu sujeto, bien sujeto. Las pinzas en los pezones est\u00e1n conectados al collar con cadenas de metal.<\/p>\n<p>\u00a1Es perfecto para principiantes y lo suficientemente duradero para los entusiastas del fetiche con m\u00e1s experiencia! Este collar de esclavo con cuero vegano, cadena met\u00e1lica libre n\u00edquel y resistente es perfecto para jugadores avanzados.<\/p>\n<p>Utiliza este juguete solo o con otros art\u00edculos de COQUETTE\u00a0CHIC DESIRE FANTASY.<\/p>\n<ul>\n<li>Fabricado en material; Neopreno, Metal libre de n\u00edquel y Cuero vegano.<\/li>\n<\/ul>\n<p>\u00a1La colecci\u00f3n COQUETTE\u00a0CHIC DESIRE FANTASY es la perfecta para el BDSM, calidad y resistencia aptas para cualquier juego!<\/p>\n<p><strong>C\u00f3mo se puede practicar de manera saludable?<\/strong><\/p>\n<p>\u00a0*La comunicaci\u00f3n es vital. Por un lado, todas las partes involucradas deben expresar verbal y claramente su consentimiento en realizar algunas de estas pr\u00e1cticas. Pero no es todo, tambi\u00e9n debe haber una conversaci\u00f3n previa sobre los llamados l\u00edmites blandos, aquellos que estoy dispuesto a ceder y\/o negociar y los l\u00edmites duros aquellos que no estoy dispuesto a transar.<\/p>\n<p>*Usar la llamada palabra de seguridad, vale decir, elegir una determinada palabra que signifique \u201cdetenerse\u201d, ya sea porque algo es inc\u00f3modo, doloroso o no placentero. Se recomienda, que sea un color o una palabra que no se diga generalmente durante el acto sexual como un color suave o una cosa, por ejemplo \u201camarillo\u201d o \u201crosa\u201d para que el dominante o sumiso la escuche y se detenga. Tambi\u00e9n se aconseja no utilizar palabras como \u201cNo\u201d o \u201cPara\u201d ya que para la otra persona puede ser a\u00fan m\u00e1s estimulante.<\/p>\n<p>*No ocupar elementos que impliquen un riesgo para la otra persona, es decir, implementos que han sido creados espec\u00edficamente para estas pr\u00e1cticas y por ello es muy importante utilizar productos como COQUETTE CHIC DESIRE FANTASY. Los juguetes sexuales tambi\u00e9n pueden incluirse de forma segura a estas pr\u00e1cticas, ya sea para el sexo penetrativo, masturbaci\u00f3n o estimulaci\u00f3n externa.<\/p>\n<p>*Jam\u00e1s olvidarse del uso del cond\u00f3n, ya que solo as\u00ed se estar\u00e1 previniendo la transmisi\u00f3n de enfermedades de transmisi\u00f3n sexual.<\/p>\n<p>Por otro lado, si es la primera vez que se incursiona en estas pr\u00e1cticas, lo primero que hay que hacer es informarse y asesorarse bien para saber de qu\u00e9 se trata, sus mitos y verdades. \u201cSugerimos partir por lo menos intenso e ir subiendo la intensidad, solo as\u00ed los involucrados podr\u00e1n ir descubriendo sus l\u00edmites, lo que les gusta o no. En este aspecto, en COQUETTE\u00a0CHIC DESIRE FANTASY disponemos de productos que pueden ser un gran apoyo para este camino. Tambi\u00e9n hay juegos de mesa que ayudan a \u201cromper el hielo\u201d para ir probando y descubriendo nuevas sensaciones\u201d.<\/p>\n<p>\u201cY por supuesto, tal como mencionamos anteriormente, de manera previa, tener una conversaci\u00f3n clara y honesta con la pareja sobre los l\u00edmites y por cierto, sobre el consentimiento para realizar algunas o todas las pr\u00e1cticas que forman parte del BDSM\u201d<\/p>\n<p style=\"text-align: center;\"><iframe allow=\"autoplay; fullscreen; picture-in-picture\" allowfullscreen=\"\" frameborder=\"0\" height=\"360\" src=\"https:\/\/player.vimeo.com\/video\/583397327\" width=\"640\"><\/iframe><\/p>","protected":false},"excerpt":{"rendered":"<p>COQUETTE CHIC DESIRE &#8211; FANTASY COLLAR WITH NIPPLES CLAMPS WITH NEOPRENE LINING<\/p>","protected":false},"featured_media":65054,"comment_status":"open","ping_status":"closed","template":"","meta":{"_monsterinsights_skip_tracking":false,"_monsterinsights_sitenote_active":false,"_monsterinsights_sitenote_note":"","_monsterinsights_sitenote_category":0,"_joinchat":[]},"product_brand":[],"product_cat":[1176,1175,1178,1398,1152,1180],"product_tag":[],"class_list":{"0":"post-65053","1":"product","2":"type-product","3":"status-publish","4":"has-post-thumbnail","6":"product_cat-bdsm-bondage-articulos-bdsm","7":"product_cat-bdsm-bondage","8":"product_cat-bdsm-bondage-bondage","9":"product_cat-bdsm-bondage-bondagecollares","10":"product_cat-juguetes-bienestar","11":"product_cat-bdsm-bondage-articulos-bdsmpinzas-pezones-bdsm","12":"yith_product_brand-coquette-chic-desire","13":"yith_product_brand-coquette-chic-desirecoquette-fantasy","15":"first","16":"instock","17":"taxable","18":"shipping-taxable","19":"purchasable","20":"product-type-simple"},"aioseo_notices":[],"_links":{"self":[{"href":"https:\/\/www.mysexualfantasy.eu\/en\/wp-json\/wp\/v2\/product\/65053","targetHints":{"allow":["GET"]}}],"collection":[{"href":"https:\/\/www.mysexualfantasy.eu\/en\/wp-json\/wp\/v2\/product"}],"about":[{"href":"https:\/\/www.mysexualfantasy.eu\/en\/wp-json\/wp\/v2\/types\/product"}],"replies":[{"embeddable":true,"href":"https:\/\/www.mysexualfantasy.eu\/en\/wp-json\/wp\/v2\/comments?post=65053"}],"wp:featuredmedia":[{"embeddable":true,"href":"https:\/\/www.mysexualfantasy.eu\/en\/wp-json\/wp\/v2\/media\/65054"}],"wp:attachment":[{"href":"https:\/\/www.mysexualfantasy.eu\/en\/wp-json\/wp\/v2\/media?parent=65053"}],"wp:term":[{"taxonomy":"product_brand","embeddable":true,"href":"https:\/\/www.mysexualfantasy.eu\/en\/wp-json\/wp\/v2\/product_brand?post=65053"},{"taxonomy":"product_cat","embeddable":true,"href":"https:\/\/www.mysexualfantasy.eu\/en\/wp-json\/wp\/v2\/product_cat?post=65053"},{"taxonomy":"product_tag","embeddable":true,"href":"https:\/\/www.mysexualfantasy.eu\/en\/wp-json\/wp\/v2\/product_tag?post=65053"}],"curies":[{"name":"wp","href":"https:\/\/api.w.org\/{rel}","templated":true}]}}