{"id":65083,"date":"2023-01-13T14:07:50","date_gmt":"2023-01-13T14:07:50","guid":{"rendered":"https:\/\/www.mysexualfantasy.eu\/?post_type=product&#038;p=65083"},"modified":"2023-12-06T16:25:16","modified_gmt":"2023-12-06T16:25:16","slug":"coquette-chic-desire-fantasy-pinzas-metalicas-pezones-con-cadena","status":"publish","type":"product","link":"https:\/\/www.mysexualfantasy.eu\/en\/product\/coquette-chic-desire-fantasy-pinzas-metalicas-pezones-con-cadena\/","title":{"rendered":"COQUETTE CHIC DESIRE &#8211; FANTASY PINZAS METALICAS PEZONES CON CADENA"},"content":{"rendered":"<p>COQUETTE CHIC DESIRE FANTASY. Presenta la pinza para pezones resistentes y estimulantes.<\/p>\n<p>\u00a1Estas pinzas para pezones con cadena de Coquette Chic Desire! son unisex y muy f\u00e1ciles de utilizar. Las pinzas y la cadena se han elaborado metal libre de n\u00edquel. No contienen n\u00edquel. Puede utilizar las pinzas para pezones para sus traviesos secretos o como complemento estimulador mientras penetra a su amante.<\/p>\n<ul>\n<li>El mejor complemento para tus juegos de bondage.<\/li>\n<li>Fabricado en material; Libre de niquel<\/li>\n<\/ul>\n<p>Usa esta pinza de pezones junto a otros accesorios de la colecci\u00f3n, COQUETTE CHIC DESIRE FANTASY.<\/p>\n<p>\u00a1La colecci\u00f3n COQUETTE\u00a0CHIC DESIRE FANTASY es la perfecta para el BDSM, calidad y resistencia aptas para cualquier juego!<\/p>\n<p><strong>C\u00f3mo se puede practicar de manera saludable?<\/strong><\/p>\n<p>\u00a0*La comunicaci\u00f3n es vital. Por un lado, todas las partes involucradas deben expresar verbal y claramente su consentimiento en realizar algunas de estas pr\u00e1cticas. Pero no es todo, tambi\u00e9n debe haber una conversaci\u00f3n previa sobre los llamados l\u00edmites blandos, aquellos que estoy dispuesto a ceder y\/o negociar y los l\u00edmites duros aquellos que no estoy dispuesto a transar.<\/p>\n<p>*Usar la llamada palabra de seguridad, vale decir, elegir una determinada palabra que signifique \u201cdetenerse\u201d, ya sea porque algo es inc\u00f3modo, doloroso o no placentero. Se recomienda, que sea un color o una palabra que no se diga generalmente durante el acto sexual como un color suave o una cosa, por ejemplo \u201camarillo\u201d o \u201crosa\u201d para que el dominante o sumiso la escuche y se detenga. Tambi\u00e9n se aconseja no utilizar palabras como \u201cNo\u201d o \u201cPara\u201d ya que para la otra persona puede ser a\u00fan m\u00e1s estimulante.<\/p>\n<p>*No ocupar elementos que impliquen un riesgo para la otra persona, es decir, implementos que han sido creados espec\u00edficamente para estas pr\u00e1cticas y por ello es muy importante utilizar productos como COQUETTE CHIC DESIRE FANTASY. Los juguetes sexuales tambi\u00e9n pueden incluirse de forma segura a estas pr\u00e1cticas, ya sea para el sexo penetrativo, masturbaci\u00f3n o estimulaci\u00f3n externa.<\/p>\n<p>*Jam\u00e1s olvidarse del uso del cond\u00f3n, ya que solo as\u00ed se estar\u00e1 previniendo la transmisi\u00f3n de enfermedades de transmisi\u00f3n sexual.<\/p>\n<p>Por otro lado, si es la primera vez que se incursiona en estas pr\u00e1cticas, lo primero que hay que hacer es informarse y asesorarse bien para saber de qu\u00e9 se trata, sus mitos y verdades. \u201cSugerimos partir por lo menos intenso e ir subiendo la intensidad, solo as\u00ed los involucrados podr\u00e1n ir descubriendo sus l\u00edmites, lo que les gusta o no. En este aspecto, en COQUETTE CHIC DESIRE FANTASY disponemos de productos que pueden ser un gran apoyo para este camino. Tambi\u00e9n hay juegos de mesa que ayudan a \u201cromper el hielo\u201d para ir probando y descubriendo nuevas sensaciones\u201d.<\/p>\n<p>\u201cY por supuesto, tal como mencionamos anteriormente, de manera previa, tener una conversaci\u00f3n clara y honesta con la pareja sobre los l\u00edmites y por cierto, sobre el consentimiento para realizar algunas o todas las pr\u00e1cticas que forman parte del BDSM\u201d<\/p>\n<p style=\"text-align: center;\"><iframe allow=\"autoplay; fullscreen; picture-in-picture\" allowfullscreen=\"\" frameborder=\"0\" height=\"360\" src=\"https:\/\/player.vimeo.com\/video\/583397327\" width=\"640\"><\/iframe><\/p>","protected":false},"excerpt":{"rendered":"<p>COQUETTE CHIC DESIRE &#8211; FANTASY NIPPLE CLAMPS<\/p>","protected":false},"featured_media":65084,"comment_status":"open","ping_status":"closed","template":"","meta":{"_monsterinsights_skip_tracking":false,"_monsterinsights_sitenote_active":false,"_monsterinsights_sitenote_note":"","_monsterinsights_sitenote_category":0,"_joinchat":[]},"product_brand":[],"product_cat":[1176,1175,1186,1152,1180],"product_tag":[],"class_list":{"0":"post-65083","1":"product","2":"type-product","3":"status-publish","4":"has-post-thumbnail","6":"product_cat-bdsm-bondage-articulos-bdsm","7":"product_cat-bdsm-bondage","8":"product_cat-juguetes-bienestar-fabricado-con-metal","9":"product_cat-juguetes-bienestar","10":"product_cat-bdsm-bondage-articulos-bdsmpinzas-pezones-bdsm","11":"yith_product_brand-coquette-chic-desire","12":"yith_product_brand-coquette-chic-desirecoquette-fantasy","14":"first","15":"instock","16":"taxable","17":"shipping-taxable","18":"purchasable","19":"product-type-simple"},"aioseo_notices":[],"_links":{"self":[{"href":"https:\/\/www.mysexualfantasy.eu\/en\/wp-json\/wp\/v2\/product\/65083","targetHints":{"allow":["GET"]}}],"collection":[{"href":"https:\/\/www.mysexualfantasy.eu\/en\/wp-json\/wp\/v2\/product"}],"about":[{"href":"https:\/\/www.mysexualfantasy.eu\/en\/wp-json\/wp\/v2\/types\/product"}],"replies":[{"embeddable":true,"href":"https:\/\/www.mysexualfantasy.eu\/en\/wp-json\/wp\/v2\/comments?post=65083"}],"wp:featuredmedia":[{"embeddable":true,"href":"https:\/\/www.mysexualfantasy.eu\/en\/wp-json\/wp\/v2\/media\/65084"}],"wp:attachment":[{"href":"https:\/\/www.mysexualfantasy.eu\/en\/wp-json\/wp\/v2\/media?parent=65083"}],"wp:term":[{"taxonomy":"product_brand","embeddable":true,"href":"https:\/\/www.mysexualfantasy.eu\/en\/wp-json\/wp\/v2\/product_brand?post=65083"},{"taxonomy":"product_cat","embeddable":true,"href":"https:\/\/www.mysexualfantasy.eu\/en\/wp-json\/wp\/v2\/product_cat?post=65083"},{"taxonomy":"product_tag","embeddable":true,"href":"https:\/\/www.mysexualfantasy.eu\/en\/wp-json\/wp\/v2\/product_tag?post=65083"}],"curies":[{"name":"wp","href":"https:\/\/api.w.org\/{rel}","templated":true}]}}