{"id":65125,"date":"2023-01-13T14:08:04","date_gmt":"2023-01-13T14:08:04","guid":{"rendered":"https:\/\/www.mysexualfantasy.eu\/?post_type=product&#038;p=65125"},"modified":"2023-12-06T16:22:49","modified_gmt":"2023-12-06T16:22:49","slug":"coquette-chic-desire-choker-cuero-vegano","status":"publish","type":"product","link":"https:\/\/www.mysexualfantasy.eu\/en\/product\/coquette-chic-desire-choker-cuero-vegano\/","title":{"rendered":"COQUETTE CHIC DESIRE &#8211; CHOKER CUERO VEGANO"},"content":{"rendered":"<p>\u00a1Descubre Coquette Chic Desire Shokers!\u00a0 El perfecto complemento para tus momentos fetish o tus accesorios de lencer\u00eda.<\/p>\n<p>Un complemento que no te puede faltar es un buen collar. Completa cualquier look con este collar negro o a\u00f1ade una correa y ll\u00e9vatelo a tu lado m\u00e1s dark. \u00a0Es totalmente ajustable gracias a sus corchetes.<\/p>\n<p>Saca tu lado m\u00e1s canalla con este collar de inspiraci\u00f3n BDSM. El complemento para todos tus looks atrevidos y tus sesiones bondage. No dejes que su tama\u00f1o te enga\u00f1e ser\u00e1 la pieza principal de tu conjunto.<\/p>\n<p>Pi\u00e9rdete entre las encrucijadas de Coquette\u00a0Chic Desire Accesories y descubre el lugar donde tus dos mundos, el que muestras y el que escondes, se funden en uno Te atreves a entrar?<\/p>\n<ul>\n<li>Fabricado en material 100% pu leather vegano<\/li>\n<li>Talla \u00danica.<\/li>\n<\/ul>","protected":false},"excerpt":{"rendered":"<p>COQUETTE CHIC DESIRE &#8211; HAND CRAFTED CHOKER VEGAN LEATHER<\/p>","protected":false},"featured_media":65126,"comment_status":"open","ping_status":"closed","template":"","meta":{"_monsterinsights_skip_tracking":false,"_monsterinsights_sitenote_active":false,"_monsterinsights_sitenote_note":"","_monsterinsights_sitenote_category":0,"_joinchat":[]},"product_brand":[],"product_cat":[1175,1178,1398,1152,1166],"product_tag":[],"class_list":{"0":"post-65125","1":"product","2":"type-product","3":"status-publish","4":"has-post-thumbnail","6":"product_cat-bdsm-bondage","7":"product_cat-bdsm-bondage-bondage","8":"product_cat-bdsm-bondage-bondagecollares","9":"product_cat-juguetes-bienestar","10":"product_cat-moda-lenceria","11":"yith_product_brand-coquette-chic-desirecoquette-accessories","12":"yith_product_brand-coquette-chic-desire","14":"first","15":"instock","16":"taxable","17":"shipping-taxable","18":"purchasable","19":"product-type-simple"},"aioseo_notices":[],"_links":{"self":[{"href":"https:\/\/www.mysexualfantasy.eu\/en\/wp-json\/wp\/v2\/product\/65125","targetHints":{"allow":["GET"]}}],"collection":[{"href":"https:\/\/www.mysexualfantasy.eu\/en\/wp-json\/wp\/v2\/product"}],"about":[{"href":"https:\/\/www.mysexualfantasy.eu\/en\/wp-json\/wp\/v2\/types\/product"}],"replies":[{"embeddable":true,"href":"https:\/\/www.mysexualfantasy.eu\/en\/wp-json\/wp\/v2\/comments?post=65125"}],"wp:featuredmedia":[{"embeddable":true,"href":"https:\/\/www.mysexualfantasy.eu\/en\/wp-json\/wp\/v2\/media\/65126"}],"wp:attachment":[{"href":"https:\/\/www.mysexualfantasy.eu\/en\/wp-json\/wp\/v2\/media?parent=65125"}],"wp:term":[{"taxonomy":"product_brand","embeddable":true,"href":"https:\/\/www.mysexualfantasy.eu\/en\/wp-json\/wp\/v2\/product_brand?post=65125"},{"taxonomy":"product_cat","embeddable":true,"href":"https:\/\/www.mysexualfantasy.eu\/en\/wp-json\/wp\/v2\/product_cat?post=65125"},{"taxonomy":"product_tag","embeddable":true,"href":"https:\/\/www.mysexualfantasy.eu\/en\/wp-json\/wp\/v2\/product_tag?post=65125"}],"curies":[{"name":"wp","href":"https:\/\/api.w.org\/{rel}","templated":true}]}}