{"id":6527,"date":"2023-01-13T13:18:36","date_gmt":"2023-01-13T13:18:36","guid":{"rendered":"https:\/\/www.mysexualfantasy.eu\/?post_type=product&#038;p=6527"},"modified":"2023-12-06T16:21:50","modified_gmt":"2023-12-06T16:21:50","slug":"desir-metallique-esposas-malla-metalicas-doradas","status":"publish","type":"product","link":"https:\/\/www.mysexualfantasy.eu\/en\/product\/desir-metallique-esposas-malla-metalicas-doradas\/","title":{"rendered":"DESIR METALLIQUE ESPOSAS MALLA METALICAS DORADAS"},"content":{"rendered":"<p>La batalla de la seducci\u00f3n ha comenzado, prep\u00e1rate para la lucha piel contra piel con D\u00e9sir M\u00e9tallique, unas esposas en el campo de batalla;<\/p>\n<ul>\n<li>Unos originales brazaletes para lucir en cualquier ocasi\u00f3n.<\/li>\n<\/ul>\n<p>Contiene: Esposas de malla met\u00e1lica.<\/p>","protected":false},"excerpt":{"rendered":"<p>DESIR METALLIQUE BLACK  MESH GOLD HANDCUFFS<\/p>","protected":false},"featured_media":57899,"comment_status":"open","ping_status":"closed","template":"","meta":{"_monsterinsights_skip_tracking":false,"_monsterinsights_sitenote_active":false,"_monsterinsights_sitenote_note":"","_monsterinsights_sitenote_category":0,"_joinchat":[]},"product_brand":[],"product_cat":[1175,1178,1395,1186,1152,1247],"product_tag":[],"class_list":{"0":"post-6527","1":"product","2":"type-product","3":"status-publish","4":"has-post-thumbnail","6":"product_cat-bdsm-bondage","7":"product_cat-bdsm-bondage-bondage","8":"product_cat-bdsm-bondage-bondageesposas","9":"product_cat-juguetes-bienestar-fabricado-con-metal","10":"product_cat-juguetes-bienestar","11":"product_cat-juguetes-bienestar-mascaras-y-esposas","12":"yith_product_brand-bijoux-indiscretsbijoux-desire-metallique","13":"yith_product_brand-bijoux-indiscrets","15":"first","16":"instock","17":"taxable","18":"shipping-taxable","19":"purchasable","20":"product-type-simple"},"aioseo_notices":[],"_links":{"self":[{"href":"https:\/\/www.mysexualfantasy.eu\/en\/wp-json\/wp\/v2\/product\/6527","targetHints":{"allow":["GET"]}}],"collection":[{"href":"https:\/\/www.mysexualfantasy.eu\/en\/wp-json\/wp\/v2\/product"}],"about":[{"href":"https:\/\/www.mysexualfantasy.eu\/en\/wp-json\/wp\/v2\/types\/product"}],"replies":[{"embeddable":true,"href":"https:\/\/www.mysexualfantasy.eu\/en\/wp-json\/wp\/v2\/comments?post=6527"}],"wp:featuredmedia":[{"embeddable":true,"href":"https:\/\/www.mysexualfantasy.eu\/en\/wp-json\/wp\/v2\/media\/57899"}],"wp:attachment":[{"href":"https:\/\/www.mysexualfantasy.eu\/en\/wp-json\/wp\/v2\/media?parent=6527"}],"wp:term":[{"taxonomy":"product_brand","embeddable":true,"href":"https:\/\/www.mysexualfantasy.eu\/en\/wp-json\/wp\/v2\/product_brand?post=6527"},{"taxonomy":"product_cat","embeddable":true,"href":"https:\/\/www.mysexualfantasy.eu\/en\/wp-json\/wp\/v2\/product_cat?post=6527"},{"taxonomy":"product_tag","embeddable":true,"href":"https:\/\/www.mysexualfantasy.eu\/en\/wp-json\/wp\/v2\/product_tag?post=6527"}],"curies":[{"name":"wp","href":"https:\/\/api.w.org\/{rel}","templated":true}]}}