{"id":6567,"date":"2023-01-13T12:39:17","date_gmt":"2023-01-13T12:39:17","guid":{"rendered":"https:\/\/www.mysexualfantasy.eu\/?post_type=product&#038;p=6567"},"modified":"2023-12-06T16:20:27","modified_gmt":"2023-12-06T16:20:27","slug":"bioglide-lubricante-sabor-cereza-80-ml","status":"publish","type":"product","link":"https:\/\/www.mysexualfantasy.eu\/en\/product\/bioglide-lubricante-sabor-cereza-80-ml\/","title":{"rendered":"BIOGLIDE LUBRICANTE SABOR CEREZA 80 ML"},"content":{"rendered":"<p>JOYDIVISION ha recogido una larga experiencia como l\u00edder del mercado europeo en la fabricaci\u00f3n dE lubricantes. Uno de los objetivos m\u00e1s fervientes de la empresa fue lanzar al mercado un producto que se destaque por una excelente tolerancia dermatol\u00f3gica.<\/p>\n<p>\u00a1Esto ha sido posible con el innovador BIOglide! BIOglide cumple con las m\u00e1s estrictas exigencias en cuanto a las normas de calidad y se destaca por su alto grado de tolerancia dermatol\u00f3gica, que permite el uso sin limitaci\u00f3n de tiempo.<\/p>\n<p>Una ventaja para aquellas personas que desean beneficiarse a menudo de las excelencias de este gel lubricante durante el juego amoroso o que requieran un apoyo de este tipo por mucho tiempo.<\/p>\n<p>Algunas personas utilizan vaselina o aceite de beb\u00e9 como lubricante. Este tipo de productos no son adecuados para este tipo de aplicaci\u00f3n, dado que no han sido elaborados para su uso en la vagina; algunos componentes como aceites y grasas da\u00f1an el l\u00e1tex de los preservativos y con ello el grado de seguridad de los mismos. Nuestro consejo: \u00a1Es preferible utilizar<strong> BIOglide &#8211; <\/strong>y deslizarse ecol\u00f3gicamente a la suerte!<\/p>\n<ul>\n<li>\u2022 100 % biol\u00f3gico \u00a0\u00a0\u00a0\u00a0\u00a0\u00a0\u00a0\u00a0\u00a0\u00a0\u00a0<\/li>\n<li>\u2022 Muy efectivo y rentable<\/li>\n<li>\u2022 Homologado como producto medicinal \u00a0\u00a0\u00a0\u00a0\u00a0\u00a0\u00a0\u00a0\u00a0\u00a0<\/li>\n<li>\u2022 Apto para usar con preservativo<\/li>\n<li>\u2022 Bajo control de calidad permanente<\/li>\n<li>\u2022 Hidrosoluble y libre de grasas<\/li>\n<li>\u2022 Comprobado dermatol\u00f3gica y cl\u00ednicamente \u00a0\u00a0<\/li>\n<li>\u2022 Apto tambi\u00e9n para el sexo oral<\/li>\n<li>\u2022 Especialmente suave a la piel \u00a0\u00a0\u00a0\u00a0\u00a0\u00a0\u00a0\u00a0\u00a0\u00a0\u00a0\u00a0\u00a0\u00a0<\/li>\n<li>\u2022 Valor pH optimizado<\/li>\n<li>\u2022 Con propiedades \u00fanicas de lubricaci\u00f3n de larga duraci\u00f3n\u00a0<\/li>\n<li>\u2022 No Mancha , es facil de eliminar.<\/li>\n<li>\u2022 Unisex.<\/li>\n<\/ul>\n<p>Bioglide con sabor a Fresa en envase de 80ml<\/p>\n<p>Ingredientes: Aqua, Glycerine, Xanthan Gum, Aroma.<\/p>\n<p style=\"text-align: center;\"><img decoding=\"async\" alt=\"\" src=\"https:\/\/interno.dreamlove.es\/UserFiles\/image\/BIOglide_vegan_EN.png\" style=\"width: 387px; height: 131px;\" \/><\/p>","protected":false},"excerpt":{"rendered":"<p>PACKAGING DISPONIBLE EN: \/es\/en\/de\/<\/p>","protected":false},"featured_media":52458,"comment_status":"open","ping_status":"closed","template":"","meta":{"_monsterinsights_skip_tracking":false,"_monsterinsights_sitenote_active":false,"_monsterinsights_sitenote_note":"","_monsterinsights_sitenote_category":0,"_joinchat":[]},"product_brand":[],"product_cat":[1367,1212,1203,1206],"product_tag":[],"class_list":{"0":"post-6567","1":"product","2":"type-product","3":"status-publish","4":"has-post-thumbnail","6":"product_cat-drogueria-lubricantesbio-ecologico","7":"product_cat-drogueria-lubricantescon-deliciosos-sabores","8":"product_cat-drogueria","9":"product_cat-drogueria-lubricantes","10":"yith_product_brand-joydivision","11":"yith_product_brand-joydivisionjoydivision-bioglide","13":"first","14":"instock","15":"taxable","16":"shipping-taxable","17":"purchasable","18":"product-type-simple"},"aioseo_notices":[],"_links":{"self":[{"href":"https:\/\/www.mysexualfantasy.eu\/en\/wp-json\/wp\/v2\/product\/6567","targetHints":{"allow":["GET"]}}],"collection":[{"href":"https:\/\/www.mysexualfantasy.eu\/en\/wp-json\/wp\/v2\/product"}],"about":[{"href":"https:\/\/www.mysexualfantasy.eu\/en\/wp-json\/wp\/v2\/types\/product"}],"replies":[{"embeddable":true,"href":"https:\/\/www.mysexualfantasy.eu\/en\/wp-json\/wp\/v2\/comments?post=6567"}],"wp:featuredmedia":[{"embeddable":true,"href":"https:\/\/www.mysexualfantasy.eu\/en\/wp-json\/wp\/v2\/media\/52458"}],"wp:attachment":[{"href":"https:\/\/www.mysexualfantasy.eu\/en\/wp-json\/wp\/v2\/media?parent=6567"}],"wp:term":[{"taxonomy":"product_brand","embeddable":true,"href":"https:\/\/www.mysexualfantasy.eu\/en\/wp-json\/wp\/v2\/product_brand?post=6567"},{"taxonomy":"product_cat","embeddable":true,"href":"https:\/\/www.mysexualfantasy.eu\/en\/wp-json\/wp\/v2\/product_cat?post=6567"},{"taxonomy":"product_tag","embeddable":true,"href":"https:\/\/www.mysexualfantasy.eu\/en\/wp-json\/wp\/v2\/product_tag?post=6567"}],"curies":[{"name":"wp","href":"https:\/\/api.w.org\/{rel}","templated":true}]}}