{"id":65780,"date":"2023-01-13T14:12:49","date_gmt":"2023-01-13T14:12:49","guid":{"rendered":"https:\/\/www.mysexualfantasy.eu\/?post_type=product&#038;p=65780"},"modified":"2023-12-06T16:25:41","modified_gmt":"2023-12-06T16:25:41","slug":"all-black-8mm-sonda-uretral-silicona","status":"publish","type":"product","link":"https:\/\/www.mysexualfantasy.eu\/en\/product\/all-black-8mm-sonda-uretral-silicona\/","title":{"rendered":"ALL BLACK &#8211; 8MM SONDA URETRAL SILICONA"},"content":{"rendered":"<p>Esta sonda hipoalerg\u00e9nica fabricada en silicona te permite aumentar tu rango de placer. \u00c1brete camino desde el peque\u00f1o inserto uretral para experimentar sensaciones \u00fanicas de placer.<\/p>\n<p>Fabricada en silicona flexible, es amigable para el cuerpo y c\u00f3moda de usar.<\/p>\n<ul>\n<li>100 silicona<\/li>\n<li>Libre de phalatos<\/li>\n<li>Medida; 24 cm x 8 milimetros.<\/li>\n<\/ul>\n<p>Advertencia: Si no se usa con cuidado, la sonda puede tener el riesgo de causar irritaci\u00f3n, lagrimeo de la uretra, o infecci\u00f3n del tracto urinario.<\/p>\n<p>Hechas de silicona flexible, estas sondas son amigables para el cuerpo y c\u00f3modas de usar.<\/p>","protected":false},"excerpt":{"rendered":"<p>ALL BLACK &#8211; 8MM URETHRAL PROBE SILICONE<\/p>","protected":false},"featured_media":65781,"comment_status":"open","ping_status":"closed","template":"","meta":{"_monsterinsights_skip_tracking":false,"_monsterinsights_sitenote_active":false,"_monsterinsights_sitenote_note":"","_monsterinsights_sitenote_category":0,"_joinchat":[]},"product_brand":[],"product_cat":[1176,1175,1409,1152],"product_tag":[],"class_list":{"0":"post-65780","1":"product","2":"type-product","3":"status-publish","4":"has-post-thumbnail","6":"product_cat-bdsm-bondage-articulos-bdsm","7":"product_cat-bdsm-bondage","8":"product_cat-bdsm-bondage-articulos-bdsmdilatadores-para-nuevo-placer-bdsm","9":"product_cat-juguetes-bienestar","10":"yith_product_brand-all-black","12":"first","13":"instock","14":"taxable","15":"shipping-taxable","16":"purchasable","17":"product-type-simple"},"aioseo_notices":[],"_links":{"self":[{"href":"https:\/\/www.mysexualfantasy.eu\/en\/wp-json\/wp\/v2\/product\/65780","targetHints":{"allow":["GET"]}}],"collection":[{"href":"https:\/\/www.mysexualfantasy.eu\/en\/wp-json\/wp\/v2\/product"}],"about":[{"href":"https:\/\/www.mysexualfantasy.eu\/en\/wp-json\/wp\/v2\/types\/product"}],"replies":[{"embeddable":true,"href":"https:\/\/www.mysexualfantasy.eu\/en\/wp-json\/wp\/v2\/comments?post=65780"}],"wp:featuredmedia":[{"embeddable":true,"href":"https:\/\/www.mysexualfantasy.eu\/en\/wp-json\/wp\/v2\/media\/65781"}],"wp:attachment":[{"href":"https:\/\/www.mysexualfantasy.eu\/en\/wp-json\/wp\/v2\/media?parent=65780"}],"wp:term":[{"taxonomy":"product_brand","embeddable":true,"href":"https:\/\/www.mysexualfantasy.eu\/en\/wp-json\/wp\/v2\/product_brand?post=65780"},{"taxonomy":"product_cat","embeddable":true,"href":"https:\/\/www.mysexualfantasy.eu\/en\/wp-json\/wp\/v2\/product_cat?post=65780"},{"taxonomy":"product_tag","embeddable":true,"href":"https:\/\/www.mysexualfantasy.eu\/en\/wp-json\/wp\/v2\/product_tag?post=65780"}],"curies":[{"name":"wp","href":"https:\/\/api.w.org\/{rel}","templated":true}]}}