{"id":65792,"date":"2023-01-13T14:12:54","date_gmt":"2023-01-13T14:12:54","guid":{"rendered":"https:\/\/www.mysexualfantasy.eu\/?post_type=product&#038;p=65792"},"modified":"2023-12-06T17:26:06","modified_gmt":"2023-12-06T17:26:06","slug":"obsessive-claussica-babydoll-xl-xxl","status":"publish","type":"product","link":"https:\/\/www.mysexualfantasy.eu\/en\/product\/obsessive-claussica-babydoll-xl-xxl\/","title":{"rendered":"OBSESSIVE &#8211; CLAUSSICA BABYDOLL XL\/XXL"},"content":{"rendered":"<p>Una oferta de Navidad extremadamente caliente: \u00a1una mu\u00f1eca roja y una tanga de la colecci\u00f3n Claussica! Te gustar\u00eda interpretar el papel de una sensual Santa Girl? Este conjunto ser\u00e1 perfecto como incentivo para divertirse con su amante.<\/p>\n<p>Descubre m\u00e1s detalles:<\/p>\n<p>&#8211; Babydoll y tanga Claussica<\/p>\n<p>&#8211; encaje femenino decorado con hermosos copos de nieve &#8211; agrega encanto<\/p>\n<p>&#8211; tentadores pompones blancos sobre los senos: un elemento encantador que se puede desabrochar<\/p>\n<p>&#8211; correas ajustables &#8211; un ajuste perfecto<\/p>\n<p>&#8211; cierre c\u00f3modo en la espalda &#8211; total comodidad<\/p>\n<p>&#8211; abertura en la espalda decorada con un lazo de raso &#8211; llama la atenci\u00f3n y favorece el placer<\/p>\n<p>&#8211; adorno brillante debajo del busto &#8211; a\u00f1ade feminidad<\/p>\n<p>&#8211; tanga sexy es parte del conjunto<\/p>\n<p>&#8211; material agradable y delicado (82% poliamida, 18% elastano)<\/p>\n<p>\u00a1Obsessive significa inspiraci\u00f3n!\u00a0 Elegancia, sensualidad, amor a la costura&#8230;.significa mucho para la mujer, pocos son los adjetivos que pueden calificar a Obsessive, donde una labor de a\u00f1os\u00a0ha\u00a0conseguido unir la mejor relaci\u00f3n calidad-precio.<\/p>\n<p>\u00a1L\u00edderes mundiales en lencer\u00eda, nadie lo hace mejor!<\/p>\n<p><img decoding=\"async\" alt=\"\" src=\"https:\/\/interno.dreamlove.es\/UserFiles\/images\/SIZE%20CHART%20OBSESSIVE.jpg\" style=\"width: 900px; height: 900px; float: center;\" \/><\/p>","protected":false},"excerpt":{"rendered":"<p>OBSESSIVE &#8211; CLAUSSICA BABYDOLL XL\/XXL<\/p>","protected":false},"featured_media":65794,"comment_status":"open","ping_status":"closed","template":"","meta":{"_monsterinsights_skip_tracking":false,"_monsterinsights_sitenote_active":false,"_monsterinsights_sitenote_note":"","_monsterinsights_sitenote_category":0,"_joinchat":[]},"product_brand":[],"product_cat":[1285,1262,1196,1263,1199,1166],"product_tag":[],"class_list":{"0":"post-65792","1":"product","2":"type-product","3":"status-publish","4":"has-post-thumbnail","6":"product_cat-moda-lencerialenceria-mujerlenceria-sexybabydoll","7":"product_cat-moda-lencerialenceria-mujerdisfraces-mujer","8":"product_cat-moda-lencerialenceria-mujer","9":"product_cat-moda-lencerialenceria-mujerdisfraces-mujerlenceria-navidad","10":"product_cat-moda-lencerialenceria-mujerlenceria-sexy","11":"product_cat-moda-lenceria","12":"yith_product_brand-obsessive","13":"yith_product_brand-obsessiveobsessive-xmas","15":"first","16":"outofstock","17":"taxable","18":"shipping-taxable","19":"product-type-variable"},"aioseo_notices":[],"_links":{"self":[{"href":"https:\/\/www.mysexualfantasy.eu\/en\/wp-json\/wp\/v2\/product\/65792","targetHints":{"allow":["GET"]}}],"collection":[{"href":"https:\/\/www.mysexualfantasy.eu\/en\/wp-json\/wp\/v2\/product"}],"about":[{"href":"https:\/\/www.mysexualfantasy.eu\/en\/wp-json\/wp\/v2\/types\/product"}],"replies":[{"embeddable":true,"href":"https:\/\/www.mysexualfantasy.eu\/en\/wp-json\/wp\/v2\/comments?post=65792"}],"wp:featuredmedia":[{"embeddable":true,"href":"https:\/\/www.mysexualfantasy.eu\/en\/wp-json\/wp\/v2\/media\/65794"}],"wp:attachment":[{"href":"https:\/\/www.mysexualfantasy.eu\/en\/wp-json\/wp\/v2\/media?parent=65792"}],"wp:term":[{"taxonomy":"product_brand","embeddable":true,"href":"https:\/\/www.mysexualfantasy.eu\/en\/wp-json\/wp\/v2\/product_brand?post=65792"},{"taxonomy":"product_cat","embeddable":true,"href":"https:\/\/www.mysexualfantasy.eu\/en\/wp-json\/wp\/v2\/product_cat?post=65792"},{"taxonomy":"product_tag","embeddable":true,"href":"https:\/\/www.mysexualfantasy.eu\/en\/wp-json\/wp\/v2\/product_tag?post=65792"}],"curies":[{"name":"wp","href":"https:\/\/api.w.org\/{rel}","templated":true}]}}