{"id":65815,"date":"2023-01-13T14:13:00","date_gmt":"2023-01-13T14:13:00","guid":{"rendered":"https:\/\/www.mysexualfantasy.eu\/?post_type=product&#038;p=65815"},"modified":"2023-12-06T17:26:07","modified_gmt":"2023-12-06T17:26:07","slug":"obsessive-mr-claus-set-s-m","status":"publish","type":"product","link":"https:\/\/www.mysexualfantasy.eu\/en\/product\/obsessive-mr-claus-set-s-m\/","title":{"rendered":"OBSESSIVE &#8211; MR CLAUS SET S\/M"},"content":{"rendered":"<p>\u00a1Dale a tu hombre un gran regalo para Navidad! Gracias al set de Pap\u00e1 Noel, crean juntos un ambiente navide\u00f1o inolvidable que te acompa\u00f1ar\u00e1 durante mucho tiempo. \u00a1Los calzoncillos rojos con tirantes y un cl\u00e1sico gorro de Pap\u00e1 Noel iluminar\u00e1n no solo tu ma\u00f1ana de Navidad! Qui\u00e9n no querr\u00eda un Pap\u00e1 Noel as\u00ed en su dormitorio?)<\/p>\n<p>Descubre m\u00e1s detalles:<\/p>\n<p>&#8211; el conjunto incluye un gorro y un b\u00f3xer con tirantes<\/p>\n<p>&#8211; tirantes ajustables, no removibles<\/p>\n<p>&#8211; los calzoncillos masculinos enfatizar\u00e1n los activos de cada hombre<\/p>\n<p>&#8211; un corte sutil en la espalda de los boxers<\/p>\n<p>&#8211; gorro cl\u00e1sico con pomp\u00f3n rojo<\/p>\n<p>&#8211; material agradable que se adapta al cuerpo (90% poliamida, 10% elastano)<\/p>\n<p>\u00a1Obsessive significa inspiraci\u00f3n!\u00a0 Elegancia, sensualidad, amor a la costura&#8230;.significa mucho para la mujer, pocos son los adjetivos que pueden calificar a Obsessive, donde una labor de a\u00f1os\u00a0ha\u00a0conseguido unir la mejor relaci\u00f3n calidad-precio.<\/p>\n<p>\u00a1L\u00edderes mundiales en lencer\u00eda, nadie lo hace mejor!<\/p>\n<p><img decoding=\"async\" alt=\"\" src=\"https:\/\/interno.dreamlove.es\/UserFiles\/images\/SIZE%20CHART%20OBSESSIVE.jpg\" style=\"width: 900px; height: 900px; float: center;\" \/><\/p>","protected":false},"excerpt":{"rendered":"<p>OBSESSIVE &#8211; MR CLAUS SET S\/M<\/p>","protected":false},"featured_media":65817,"comment_status":"open","ping_status":"closed","template":"","meta":{"_monsterinsights_skip_tracking":false,"_monsterinsights_sitenote_active":false,"_monsterinsights_sitenote_note":"","_monsterinsights_sitenote_category":0,"_joinchat":[]},"product_brand":[],"product_cat":[1257,1262,1252,1196,1263,1166],"product_tag":[],"class_list":{"0":"post-65815","1":"product","2":"type-product","3":"status-publish","4":"has-post-thumbnail","6":"product_cat-moda-lencerialenceria-hombredisfraces-hombre","7":"product_cat-moda-lencerialenceria-mujerdisfraces-mujer","8":"product_cat-moda-lencerialenceria-hombre","9":"product_cat-moda-lencerialenceria-mujer","10":"product_cat-moda-lencerialenceria-mujerdisfraces-mujerlenceria-navidad","11":"product_cat-moda-lenceria","12":"yith_product_brand-obsessive","13":"yith_product_brand-obsessiveobsessive-xmas","15":"first","16":"instock","17":"taxable","18":"shipping-taxable","19":"purchasable","20":"product-type-variable"},"aioseo_notices":[],"_links":{"self":[{"href":"https:\/\/www.mysexualfantasy.eu\/en\/wp-json\/wp\/v2\/product\/65815","targetHints":{"allow":["GET"]}}],"collection":[{"href":"https:\/\/www.mysexualfantasy.eu\/en\/wp-json\/wp\/v2\/product"}],"about":[{"href":"https:\/\/www.mysexualfantasy.eu\/en\/wp-json\/wp\/v2\/types\/product"}],"replies":[{"embeddable":true,"href":"https:\/\/www.mysexualfantasy.eu\/en\/wp-json\/wp\/v2\/comments?post=65815"}],"wp:featuredmedia":[{"embeddable":true,"href":"https:\/\/www.mysexualfantasy.eu\/en\/wp-json\/wp\/v2\/media\/65817"}],"wp:attachment":[{"href":"https:\/\/www.mysexualfantasy.eu\/en\/wp-json\/wp\/v2\/media?parent=65815"}],"wp:term":[{"taxonomy":"product_brand","embeddable":true,"href":"https:\/\/www.mysexualfantasy.eu\/en\/wp-json\/wp\/v2\/product_brand?post=65815"},{"taxonomy":"product_cat","embeddable":true,"href":"https:\/\/www.mysexualfantasy.eu\/en\/wp-json\/wp\/v2\/product_cat?post=65815"},{"taxonomy":"product_tag","embeddable":true,"href":"https:\/\/www.mysexualfantasy.eu\/en\/wp-json\/wp\/v2\/product_tag?post=65815"}],"curies":[{"name":"wp","href":"https:\/\/api.w.org\/{rel}","templated":true}]}}