{"id":66416,"date":"2023-01-13T14:15:39","date_gmt":"2023-01-13T14:15:39","guid":{"rendered":"https:\/\/www.mysexualfantasy.eu\/?post_type=product&#038;p=66416"},"modified":"2023-12-06T17:26:08","modified_gmt":"2023-12-06T17:26:08","slug":"obsessive-arienna-sujetador-xs-s","status":"publish","type":"product","link":"https:\/\/www.mysexualfantasy.eu\/en\/product\/obsessive-arienna-sujetador-xs-s\/","title":{"rendered":"OBSESSIVE &#8211; ARIENNA SUJETADOR XS\/S"},"content":{"rendered":"<p>Este sujetador femenino y elegante de la colecci\u00f3n Arienna es la elecci\u00f3n perfecta para una velada rom\u00e1ntica con tu pareja. El tentador material transl\u00facido enciende la imaginaci\u00f3n y agrega atractivo sexual, y los aros sostienen y exponen perfectamente el busto. El sujetador crear\u00e1 un d\u00fao fant\u00e1stico con las bragas de la misma colecci\u00f3n.<\/p>\n<p>Descubre m\u00e1s detalles:<\/p>\n<p>-elegante sujetador Arienna en negro<\/p>\n<p>-material sensual y transl\u00facido: un aspecto \u00fanico<\/p>\n<p>-Aros  hermosa apariencia del busto<\/p>\n<p>-Correas dobles ajustables para los hombros: un toque de modernidad y total comodidad<\/p>\n<p>-cierre en la espalda &#8211; comodidad y un ajuste perfecto<\/p>\n<p>-colgante de plata en el busto: un elemento elegante<\/p>\n<p>-material agradable y delicado ( 90% poliamida, 10% elastano)<\/p>\n<p>\u00a1Obsessive significa inspiraci\u00f3n!\u00a0 Elegancia, sensualidad, amor a la costura&#8230;.significa mucho para la mujer, pocos son los adjetivos que pueden calificar a Obsessive, donde una labor de a\u00f1os\u00a0ha\u00a0conseguido unir la mejor relaci\u00f3n calidad-precio.<\/p>\n<p>\u00a1L\u00edderes mundiales en lencer\u00eda, nadie lo hace mejor!<\/p>\n<p><img decoding=\"async\" alt=\"\" src=\"https:\/\/interno.dreamlove.es\/UserFiles\/images\/SIZE%20CHART%20OBSESSIVE.jpg\" style=\"width: 900px; height: 900px; float: center;\" \/><\/p>","protected":false},"excerpt":{"rendered":"<p>OBSESSIVE &#8211; ARIENNA BRA XS\/S<\/p>","protected":false},"featured_media":66418,"comment_status":"open","ping_status":"closed","template":"","meta":{"_monsterinsights_skip_tracking":false,"_monsterinsights_sitenote_active":false,"_monsterinsights_sitenote_note":"","_monsterinsights_sitenote_category":0,"_joinchat":[]},"product_brand":[],"product_cat":[1196,1199,1166,1286],"product_tag":[],"class_list":{"0":"post-66416","1":"product","2":"type-product","3":"status-publish","4":"has-post-thumbnail","6":"product_cat-moda-lencerialenceria-mujer","7":"product_cat-moda-lencerialenceria-mujerlenceria-sexy","8":"product_cat-moda-lenceria","9":"product_cat-moda-lencerialenceria-mujerlenceria-sexysujetadores","10":"yith_product_brand-obsessive","11":"yith_product_brand-obsessiveobsessive-sets","13":"first","14":"instock","15":"taxable","16":"shipping-taxable","17":"purchasable","18":"product-type-variable"},"aioseo_notices":[],"_links":{"self":[{"href":"https:\/\/www.mysexualfantasy.eu\/en\/wp-json\/wp\/v2\/product\/66416","targetHints":{"allow":["GET"]}}],"collection":[{"href":"https:\/\/www.mysexualfantasy.eu\/en\/wp-json\/wp\/v2\/product"}],"about":[{"href":"https:\/\/www.mysexualfantasy.eu\/en\/wp-json\/wp\/v2\/types\/product"}],"replies":[{"embeddable":true,"href":"https:\/\/www.mysexualfantasy.eu\/en\/wp-json\/wp\/v2\/comments?post=66416"}],"wp:featuredmedia":[{"embeddable":true,"href":"https:\/\/www.mysexualfantasy.eu\/en\/wp-json\/wp\/v2\/media\/66418"}],"wp:attachment":[{"href":"https:\/\/www.mysexualfantasy.eu\/en\/wp-json\/wp\/v2\/media?parent=66416"}],"wp:term":[{"taxonomy":"product_brand","embeddable":true,"href":"https:\/\/www.mysexualfantasy.eu\/en\/wp-json\/wp\/v2\/product_brand?post=66416"},{"taxonomy":"product_cat","embeddable":true,"href":"https:\/\/www.mysexualfantasy.eu\/en\/wp-json\/wp\/v2\/product_cat?post=66416"},{"taxonomy":"product_tag","embeddable":true,"href":"https:\/\/www.mysexualfantasy.eu\/en\/wp-json\/wp\/v2\/product_tag?post=66416"}],"curies":[{"name":"wp","href":"https:\/\/api.w.org\/{rel}","templated":true}]}}