{"id":67382,"date":"2023-01-13T14:25:10","date_gmt":"2023-01-13T14:25:10","guid":{"rendered":"https:\/\/www.mysexualfantasy.eu\/?post_type=product&#038;p=67382"},"modified":"2023-12-06T16:09:46","modified_gmt":"2023-12-06T16:09:46","slug":"mr-boss-dumas-kegel-bolas-vibradoras-control-remoto","status":"publish","type":"product","link":"https:\/\/www.mysexualfantasy.eu\/en\/product\/mr-boss-dumas-kegel-bolas-vibradoras-control-remoto\/","title":{"rendered":"MR BOSS- DUMAS KEGEL BOLAS VIBRADORAS CONTROL REMOTO"},"content":{"rendered":"<p>MR BOSS\u00a0lanza la nueva colecci\u00f3n de vibradores y rotadores que cuentan con motores de nueva generaci\u00f3n, consiguiendo un aumento de potencia con mayor durabilidad. Todos los vibradores y rotadores de la nueva colecci\u00f3n de MR BOSS\u00a0se recargan v\u00eda USB, son elegantes y su acabado premium de silicona s\u00faper suave e hipoalerg\u00e9nica es un plus para los orgasmos m\u00e1s exigentes.<\/p>\n<p>La gama\u00a0<span style=\"font-size: 13px;\">DUMAS KEGEL BEADS<\/span>\u00a0incorpora bolas vaginales vibradoras\u00a0recargables que ayudan a fortalecer el suelo p\u00e9lvico. Son un magn\u00edfico entrenador del suelo p\u00e9lvico que contribuye a prevenir problemas de salud como la incontinencia urinaria o el vaginismo, adem\u00e1s de mejorar la satisfacci\u00f3n sexual.<\/p>\n<p><strong>Especificaciones:<\/strong><\/p>\n<ul>\n<li>10 modos de vibraci\u00f3n<\/li>\n<li>Motor super\u00a0potente<\/li>\n<li>Control remoto<\/li>\n<li>9.5\u00a0cm x 3.5\u00a0cm<\/li>\n<li>58 gr<\/li>\n<li>Recargable por USB<\/li>\n<li>Impermeable IPX7<\/li>\n<li>Silicona s\u00faper suave y ABS<\/li>\n<li>Material seguro para el cuerpo<\/li>\n<li>Libre de\u00a0ftalatos<\/li>\n<li><strong>Regalo\u00a0<\/strong>Lubricante WATERFEEL Neutro 6 ml<\/li>\n<\/ul>\n<p>MR BOSS es una marca premium adaptada\u00a0para todos los bolsillos, con todos los est\u00e1ndares de calidad de los juguetes er\u00f3ticos de gama media-alta. Las formas y curvas de cada vibrador MR BOSS son formidables, dise\u00f1ados perfectamente para proporcionar goce y placer.<\/p>","protected":false},"excerpt":{"rendered":"<p>MR BOSS- DUMAS VIBRATING KEGEL BEADS REMOTE CONTROL<\/p>","protected":false},"featured_media":67383,"comment_status":"open","ping_status":"closed","template":"","meta":{"_monsterinsights_skip_tracking":false,"_monsterinsights_sitenote_active":false,"_monsterinsights_sitenote_note":"","_monsterinsights_sitenote_category":0,"_joinchat":[]},"product_brand":[],"product_cat":[1158,1264,1265,1156,1157,1152,1155,1153,1154],"product_tag":[],"class_list":{"0":"post-67382","1":"product","2":"type-product","3":"status-publish","4":"has-post-thumbnail","6":"product_cat-juguetes-bienestar-bolas","7":"product_cat-juguetes-bienestar-bolasbolas-basicas","8":"product_cat-juguetes-bienestar-bolasbolas-silicona","9":"product_cat-juguetes-bienestar-juguetes-para-mujeresestimuladores","10":"product_cat-juguetes-bienestar-juguetes-para-mujeresestimuladoreshuevos-vibradores","11":"product_cat-juguetes-bienestar","12":"product_cat-juguetes-bienestar-juguetes-para-mujeres","13":"product_cat-juguetes-bienestar-vibradores","14":"product_cat-juguetes-bienestar-vibradoresvibradores-control-remoto","15":"yith_product_brand-mr-boss","17":"first","18":"instock","19":"taxable","20":"shipping-taxable","21":"purchasable","22":"product-type-simple"},"aioseo_notices":[],"_links":{"self":[{"href":"https:\/\/www.mysexualfantasy.eu\/en\/wp-json\/wp\/v2\/product\/67382","targetHints":{"allow":["GET"]}}],"collection":[{"href":"https:\/\/www.mysexualfantasy.eu\/en\/wp-json\/wp\/v2\/product"}],"about":[{"href":"https:\/\/www.mysexualfantasy.eu\/en\/wp-json\/wp\/v2\/types\/product"}],"replies":[{"embeddable":true,"href":"https:\/\/www.mysexualfantasy.eu\/en\/wp-json\/wp\/v2\/comments?post=67382"}],"wp:featuredmedia":[{"embeddable":true,"href":"https:\/\/www.mysexualfantasy.eu\/en\/wp-json\/wp\/v2\/media\/67383"}],"wp:attachment":[{"href":"https:\/\/www.mysexualfantasy.eu\/en\/wp-json\/wp\/v2\/media?parent=67382"}],"wp:term":[{"taxonomy":"product_brand","embeddable":true,"href":"https:\/\/www.mysexualfantasy.eu\/en\/wp-json\/wp\/v2\/product_brand?post=67382"},{"taxonomy":"product_cat","embeddable":true,"href":"https:\/\/www.mysexualfantasy.eu\/en\/wp-json\/wp\/v2\/product_cat?post=67382"},{"taxonomy":"product_tag","embeddable":true,"href":"https:\/\/www.mysexualfantasy.eu\/en\/wp-json\/wp\/v2\/product_tag?post=67382"}],"curies":[{"name":"wp","href":"https:\/\/api.w.org\/{rel}","templated":true}]}}