{"id":67806,"date":"2023-01-13T14:27:41","date_gmt":"2023-01-13T14:27:41","guid":{"rendered":"https:\/\/www.mysexualfantasy.eu\/?post_type=product&#038;p=67806"},"modified":"2023-12-06T16:10:21","modified_gmt":"2023-12-06T16:10:21","slug":"ohmama-mini-bala-vibradora-9-cm-negro","status":"publish","type":"product","link":"https:\/\/www.mysexualfantasy.eu\/en\/product\/ohmama-mini-bala-vibradora-9-cm-negro\/","title":{"rendered":"OHMAMA &#8211; MINI BALA VIBRADORA 9 CM NEGRO"},"content":{"rendered":"<p>\u00a1Oh mama! Sabemos que hay pocas cosas mejores que un buen orgasmo y de la importancia de mantener una buena salud sexual\u00a0por sus numerosas ventajas:\u00a0mejora el flujo sangu\u00edneo, levanta el \u00e1nimo, favorece el sue\u00f1o, mantiene sano el cerebro, es un analg\u00e9sico natural, disminuye el estr\u00e9s, ademas de otorgar bienestar y mejorar la salud emocional.<\/p>\n<p>\u00a1Somos conscientes de todo esto, por eso con la gama de juguetes para hombre de\u00a0<strong>Ohmama<\/strong>\u00a0te ayudaremos para que puedas conseguirlo!<\/p>\n<p><strong>Caracter\u00edsticas\u00a0<\/strong><\/p>\n<ul>\n<li>Mini bala vibradora\u00a0<\/li>\n<li>Increible potencia\u00a0<\/li>\n<li>1 modo\u00a0de vibraci\u00f3n<\/li>\n<li>Dimensiones 9 cm<\/li>\n<li>Pila AAA (no incluida)<\/li>\n<li>Presentaci\u00f3n en bolsa higi\u00e9nica precintada\u00a0<\/li>\n<li>Bodysafe: sin ftalatos\u00a0<\/li>\n<\/ul>\n<p><strong>LA MARCA<\/strong><\/p>\n<p>La gama de productos OHMAMA es perfecta para regalar. Un producto al alcance de todos con una calidad perfecta. Una combinaci\u00f3n \u00fanica en esta l\u00ednea de juguetes especial para adultos\u00a0<\/p>","protected":false},"excerpt":{"rendered":"<p>OHMAMA &#8211; MINI VIBRATING BULLET 9 CM  BLACK<\/p>","protected":false},"featured_media":67807,"comment_status":"open","ping_status":"closed","template":"","meta":{"_monsterinsights_skip_tracking":false,"_monsterinsights_sitenote_active":false,"_monsterinsights_sitenote_note":"","_monsterinsights_sitenote_category":0,"_joinchat":[]},"product_brand":[],"product_cat":[1311,1156,1152,1155,1310,1165,1294,1153,1292],"product_tag":[],"class_list":{"0":"post-67806","1":"product","2":"type-product","3":"status-publish","4":"has-post-thumbnail","6":"product_cat-juguetes-bienestar-juguetes-para-mujeresestimuladoresbalas-vibradoras","7":"product_cat-juguetes-bienestar-juguetes-para-mujeresestimuladores","8":"product_cat-juguetes-bienestar","9":"product_cat-juguetes-bienestar-juguetes-para-mujeres","10":"product_cat-juguetes-bienestar-juguetes-para-mujeresmasajeadores","11":"product_cat-juguetes-bienestar-juguetes-para-mujeresmasturbadores-para-ellas","12":"product_cat-juguetes-bienestar-vibradoresmini-vibradores","13":"product_cat-juguetes-bienestar-vibradores","14":"product_cat-juguetes-bienestar-vibradoresvibradores-clasicos-anales-o-vaginales","15":"yith_product_brand-ohmama","16":"yith_product_brand-ohmamaohmama-vibrators","18":"first","19":"instock","20":"taxable","21":"shipping-taxable","22":"purchasable","23":"product-type-simple"},"aioseo_notices":[],"_links":{"self":[{"href":"https:\/\/www.mysexualfantasy.eu\/en\/wp-json\/wp\/v2\/product\/67806","targetHints":{"allow":["GET"]}}],"collection":[{"href":"https:\/\/www.mysexualfantasy.eu\/en\/wp-json\/wp\/v2\/product"}],"about":[{"href":"https:\/\/www.mysexualfantasy.eu\/en\/wp-json\/wp\/v2\/types\/product"}],"replies":[{"embeddable":true,"href":"https:\/\/www.mysexualfantasy.eu\/en\/wp-json\/wp\/v2\/comments?post=67806"}],"wp:featuredmedia":[{"embeddable":true,"href":"https:\/\/www.mysexualfantasy.eu\/en\/wp-json\/wp\/v2\/media\/67807"}],"wp:attachment":[{"href":"https:\/\/www.mysexualfantasy.eu\/en\/wp-json\/wp\/v2\/media?parent=67806"}],"wp:term":[{"taxonomy":"product_brand","embeddable":true,"href":"https:\/\/www.mysexualfantasy.eu\/en\/wp-json\/wp\/v2\/product_brand?post=67806"},{"taxonomy":"product_cat","embeddable":true,"href":"https:\/\/www.mysexualfantasy.eu\/en\/wp-json\/wp\/v2\/product_cat?post=67806"},{"taxonomy":"product_tag","embeddable":true,"href":"https:\/\/www.mysexualfantasy.eu\/en\/wp-json\/wp\/v2\/product_tag?post=67806"}],"curies":[{"name":"wp","href":"https:\/\/api.w.org\/{rel}","templated":true}]}}