{"id":67821,"date":"2023-01-13T14:27:45","date_gmt":"2023-01-13T14:27:45","guid":{"rendered":"https:\/\/www.mysexualfantasy.eu\/?post_type=product&#038;p=67821"},"modified":"2023-12-06T16:10:29","modified_gmt":"2023-12-06T16:10:29","slug":"satisfyer-viva-la-vulva-3-vibrador-lay-on-violeta","status":"publish","type":"product","link":"https:\/\/www.mysexualfantasy.eu\/en\/product\/satisfyer-viva-la-vulva-3-vibrador-lay-on-violeta\/","title":{"rendered":"SATISFYER VIVA LA VULVA 3 VIBRADOR LAY-ON &#8211; VIOLETA"},"content":{"rendered":"<p>\u00a1Disfruta de la vida al m\u00e1ximo! Viva La Vulva 3, un estimulador de cl\u00edtoris de contacto con vibraci\u00f3n de dise\u00f1o divertido, est\u00e1 aqu\u00ed para mejorar tu vida.<\/p>\n<p><strong>Informaci\u00f3n del producto \u00abSatisfyer Viva La Vulva 3\u00bb<\/strong><\/p>\n<ul>\n<li>Los potentes patrones de vibraci\u00f3n proporcionan una intensa estimulaci\u00f3n del cl\u00edtoris<\/li>\n<li>Fabricado con silicona de grado m\u00e9dico supersuave, agradable para la piel, suave al tacto y extremadamente higi\u00e9nica<\/li>\n<li>Gracias a su acabado impermeable (IPX7), este juguete se puede usar de forma segura en el agua, adem\u00e1s de ser f\u00e1cil de limpiar<\/li>\n<li>12 programas de vibraci\u00f3n<\/li>\n<li>Estimulaci\u00f3n del clitoris<\/li>\n<li>Super flexible<\/li>\n<li>Modo susurro<\/li>\n<li>15 a\u00f1os de garant\u00eda<\/li>\n<li>Fabricadas con silicona m\u00e9dica s\u00faper suave e inocua para la piel y con un tacto sedoso<\/li>\n<li>Bater\u00eda recargable de iones de litio<\/li>\n<li>Cable de carga USB magn\u00e9tico incluido<\/li>\n<li>F\u00e1cil de limpiar<\/li>\n<\/ul>\n<p><strong>Cu\u00e1les son las caracter\u00edsticas especiales de Viva La Vulva 3?<\/strong><\/p>\n<p>Gracias a su superficie redonda que vibra, \u00a1disfruta de una estimulaci\u00f3n m\u00e1s intensa del cl\u00edtoris y de los labios! Su mango en forma de cola de pez te facilita el uso, permiti\u00e9ndote experimentar la m\u00e1xima comodidad gracias a su excelente agarre durante el uso del dispositivo generador de placer. El sistema integrado de muelles hace que las vibraciones est\u00e9n hiperconcentradas, de modo que las vibraciones del mango sean m\u00ednimas. Utiliza el bot\u00f3n de un solo toque para descubrir los 12 programas de vibraci\u00f3n diferentes e intensos. Viva La Vulva 3 est\u00e1 fabricado con silicona inocua para el cuerpo, es recargable e impermeable (IPX7).<\/p>\n<p>\u00a1Viva La Revoluci\u00f3n, Viva La Vulva!<\/p>","protected":false},"excerpt":{"rendered":"<p>SATISFYER VIVA LA VULVA 3 LAY-ON VIBRATOR &#8211; VIOLET<\/p>","protected":false},"featured_media":67822,"comment_status":"open","ping_status":"closed","template":"","meta":{"_monsterinsights_skip_tracking":false,"_monsterinsights_sitenote_active":false,"_monsterinsights_sitenote_note":"","_monsterinsights_sitenote_category":0,"_joinchat":[]},"product_brand":[],"product_cat":[121,189,119,838,245,258],"product_tag":[],"class_list":{"0":"post-67821","1":"product","2":"type-product","3":"status-publish","4":"has-post-thumbnail","6":"product_cat-juguetes-sexuales-xxxacuaticos","7":"product_cat-juguetes-sexuales-xxxestimuladores","8":"product_cat-juguetes-sexuales-xxx","9":"product_cat-juguetes-sexuales-xxxmasajeadores","10":"product_cat-juguetes-sexuales-xxxmasturbadores-para-ellas","11":"product_cat-juguetes-sexuales-xxxvibradores","12":"yith_product_brand-satisfyer","13":"yith_product_brand-satisfyer-satisfyer-layons","15":"first","16":"instock","17":"taxable","18":"shipping-taxable","19":"purchasable","20":"product-type-simple"},"aioseo_notices":[],"_links":{"self":[{"href":"https:\/\/www.mysexualfantasy.eu\/en\/wp-json\/wp\/v2\/product\/67821","targetHints":{"allow":["GET"]}}],"collection":[{"href":"https:\/\/www.mysexualfantasy.eu\/en\/wp-json\/wp\/v2\/product"}],"about":[{"href":"https:\/\/www.mysexualfantasy.eu\/en\/wp-json\/wp\/v2\/types\/product"}],"replies":[{"embeddable":true,"href":"https:\/\/www.mysexualfantasy.eu\/en\/wp-json\/wp\/v2\/comments?post=67821"}],"wp:featuredmedia":[{"embeddable":true,"href":"https:\/\/www.mysexualfantasy.eu\/en\/wp-json\/wp\/v2\/media\/67822"}],"wp:attachment":[{"href":"https:\/\/www.mysexualfantasy.eu\/en\/wp-json\/wp\/v2\/media?parent=67821"}],"wp:term":[{"taxonomy":"product_brand","embeddable":true,"href":"https:\/\/www.mysexualfantasy.eu\/en\/wp-json\/wp\/v2\/product_brand?post=67821"},{"taxonomy":"product_cat","embeddable":true,"href":"https:\/\/www.mysexualfantasy.eu\/en\/wp-json\/wp\/v2\/product_cat?post=67821"},{"taxonomy":"product_tag","embeddable":true,"href":"https:\/\/www.mysexualfantasy.eu\/en\/wp-json\/wp\/v2\/product_tag?post=67821"}],"curies":[{"name":"wp","href":"https:\/\/api.w.org\/{rel}","templated":true}]}}