{"id":68,"date":"2023-01-13T12:01:47","date_gmt":"2023-01-13T12:01:47","guid":{"rendered":"https:\/\/www.mysexualfantasy.eu\/?post_type=product&#038;p=68"},"modified":"2023-12-06T15:58:44","modified_gmt":"2023-12-06T15:58:44","slug":"arnes-sin-cuerda-tpr-con-vibracion-y-estimulacion-anal-25-4cm","status":"publish","type":"product","link":"https:\/\/www.mysexualfantasy.eu\/en\/product\/arnes-sin-cuerda-tpr-con-vibracion-y-estimulacion-anal-25-4cm\/","title":{"rendered":"BAILE &#8211; ARNES SIN CUERDA TPR CON VIBRACION Y ESTIMULACION ANAL 25.4CM"},"content":{"rendered":"<p>Es un revolucionario arn\u00e9s para la mujer sin correas y con vibrador incorporado ademas de un stimulador anal.<\/p>\n<p>Olv\u00eddate de las correas a la hora de utilizarlo, tan solo tienes que introducir el extremo m\u00e1s corto en la zona vaginal y penetrar a tu pareja con el otro extremo, un pene muy suave y flexible de gelatina.<\/p>\n<ul>\n<li>Incorpora un potente vibrador con regulador de velocidad.<\/li>\n<li>Pensado para dar placer tanto a la persona que lo lleva, como a la que se penetra.<\/li>\n<li>Tambi\u00e9n se puede disfrutar en soledad, utiliz\u00e1ndolo como un vibrador.<\/li>\n<li>Sin duda un juguete novedoso, en comparaci\u00f3n con el resto de arneses del mercado.<\/li>\n<li>Di\u00e1metro: 3.5 cm<\/li>\n<\/ul>\n<p>Gracias a su forma contorneada se adapta perfectamente al cuerpo. La punta redondeada del juguete se sujeta dentro de la vagina a trav\u00e9s de la contracci\u00f3n de los m\u00fasculos vaginales, la parte ribeteada estimula el cl\u00edtoris de la que lo lleva puesto mientras que el juguete queda en el \u00e1ngulo perfecto para penetrar a tu pareja.<\/p>\n<p>Con este juguete desarrollas tus m\u00fasculos anales y vaginales, ayud\u00e1ndote a conseguir orgasmos m\u00e1s intensos ademas de estimularte la zona anal.<\/p>\n<p>Funciona con 2 pilas LR03\/AAA que puedes encontrar en la secci\u00f3n Pilas.<\/p>","protected":false},"excerpt":{"rendered":"<p>BAILE &#8211; TPR ROPELESS HARNESS WITH VIBRATION AND ANAL STIMULATION 25.4CM<\/p>","protected":false},"featured_media":44681,"comment_status":"open","ping_status":"closed","template":"","meta":{"_monsterinsights_skip_tracking":false,"_monsterinsights_sitenote_active":false,"_monsterinsights_sitenote_note":"","_monsterinsights_sitenote_category":0,"_joinchat":[]},"product_brand":[],"product_cat":[1173,1279,1282,1152,1155,1165,1153,1292,1295],"product_tag":[],"class_list":{"0":"post-68","1":"product","2":"type-product","3":"status-publish","4":"has-post-thumbnail","6":"product_cat-juguetes-bienestar-arneses","7":"product_cat-juguetes-bienestar-arnesesarneses-con-vibracion","8":"product_cat-juguetes-bienestar-arnesesarneses-sin-correas","9":"product_cat-juguetes-bienestar","10":"product_cat-juguetes-bienestar-juguetes-para-mujeres","11":"product_cat-juguetes-bienestar-juguetes-para-mujeresmasturbadores-para-ellas","12":"product_cat-juguetes-bienestar-vibradores","13":"product_cat-juguetes-bienestar-vibradoresvibradores-clasicos-anales-o-vaginales","14":"product_cat-juguetes-bienestar-vibradoresvibradores-realisticos","15":"yith_product_brand-baile","16":"yith_product_brand-bailebaile-vibrators","18":"first","19":"instock","20":"taxable","21":"shipping-taxable","22":"purchasable","23":"product-type-simple"},"aioseo_notices":[],"_links":{"self":[{"href":"https:\/\/www.mysexualfantasy.eu\/en\/wp-json\/wp\/v2\/product\/68","targetHints":{"allow":["GET"]}}],"collection":[{"href":"https:\/\/www.mysexualfantasy.eu\/en\/wp-json\/wp\/v2\/product"}],"about":[{"href":"https:\/\/www.mysexualfantasy.eu\/en\/wp-json\/wp\/v2\/types\/product"}],"replies":[{"embeddable":true,"href":"https:\/\/www.mysexualfantasy.eu\/en\/wp-json\/wp\/v2\/comments?post=68"}],"wp:featuredmedia":[{"embeddable":true,"href":"https:\/\/www.mysexualfantasy.eu\/en\/wp-json\/wp\/v2\/media\/44681"}],"wp:attachment":[{"href":"https:\/\/www.mysexualfantasy.eu\/en\/wp-json\/wp\/v2\/media?parent=68"}],"wp:term":[{"taxonomy":"product_brand","embeddable":true,"href":"https:\/\/www.mysexualfantasy.eu\/en\/wp-json\/wp\/v2\/product_brand?post=68"},{"taxonomy":"product_cat","embeddable":true,"href":"https:\/\/www.mysexualfantasy.eu\/en\/wp-json\/wp\/v2\/product_cat?post=68"},{"taxonomy":"product_tag","embeddable":true,"href":"https:\/\/www.mysexualfantasy.eu\/en\/wp-json\/wp\/v2\/product_tag?post=68"}],"curies":[{"name":"wp","href":"https:\/\/api.w.org\/{rel}","templated":true}]}}