{"id":68096,"date":"2023-01-13T14:29:09","date_gmt":"2023-01-13T14:29:09","guid":{"rendered":"https:\/\/www.mysexualfantasy.eu\/?post_type=product&#038;p=68096"},"modified":"2023-12-06T15:27:00","modified_gmt":"2023-12-06T15:27:00","slug":"passion-erotic-line-azalia-chemise-s-m","status":"publish","type":"product","link":"https:\/\/www.mysexualfantasy.eu\/en\/product\/passion-erotic-line-azalia-chemise-s-m\/","title":{"rendered":"PASSION EROTIC LINE AZALIA CHEMISE S\/M"},"content":{"rendered":"<p>Este corset es una fabulosa pieza de lencer\u00eda\u00a0con un dise\u00f1o espectacularmente sexy con el que te convertir\u00e1s en una bomba de seducci\u00f3n,\u00a0fabricado por la prestigiosa marca de lencer\u00eda sexy Passion.\u00a0<\/p>\n<p style=\"line-height: 20.8px;\">Erotic Line es la l\u00ednea m\u00e1s atrevida y er\u00f3tica de tu marca de lencer\u00eda favorita, Passion.\u00a0<\/p>\n<ul>\n<li>Chemise\u00a0Erotic line Azalia\u00a0<\/li>\n<li>Tirantas ajustables\u00a0<\/li>\n<li>Material el\u00e1stico<\/li>\n<li>Sensuales encajes\u00a0<\/li>\n<li>Panties a juego incluidos\u00a0<\/li>\n<li>Color: Negro<\/li>\n<li>Presentaci\u00f3n en\u00a0caja\u00a0<\/li>\n<li>Talla S\/M<\/li>\n<\/ul>\n<p style=\"line-height: 20.8px;\">Passion es lenceria fabricada en la Union Europea con estrictos controles de calidad, cuidando el maximo detalle tanto en la fabricacion como en sus elementos decorativos, pensado para el mundo actual, personas dinamicas con ganas de innovar y sentirse siempre al dia.<\/p>\n<p style=\"text-align: center;\"><img decoding=\"async\" alt=\"\" src=\"https:\/\/store.dreamlove.es\/UserFiles\/images\/PASIOM.png\" style=\"line-height: 20.8px; outline: 0px; box-sizing: border-box; vertical-align: middle; border: 0px; max-width: 100%; width: 512px; height: 167px;\" \/><\/p>","protected":false},"excerpt":{"rendered":"<p>PASSION EROTIC LINE AZALIA CHEMISE S\/M<\/p>","protected":false},"featured_media":68098,"comment_status":"open","ping_status":"closed","template":"","meta":{"_monsterinsights_skip_tracking":false,"_monsterinsights_sitenote_active":false,"_monsterinsights_sitenote_note":"","_monsterinsights_sitenote_category":0,"_joinchat":[]},"product_brand":[],"product_cat":[1284,1196,1199,1166],"product_tag":[],"class_list":{"0":"post-68096","1":"product","2":"type-product","3":"status-publish","4":"has-post-thumbnail","6":"product_cat-moda-lencerialenceria-mujerlenceria-sexycamisones","7":"product_cat-moda-lencerialenceria-mujer","8":"product_cat-moda-lencerialenceria-mujerlenceria-sexy","9":"product_cat-moda-lenceria","10":"yith_product_brand-passion","11":"yith_product_brand-passionpassion-woman","12":"yith_product_brand-passionpassion-womanpassion-woman-chemise","14":"first","15":"instock","16":"taxable","17":"shipping-taxable","18":"purchasable","19":"product-type-variable"},"aioseo_notices":[],"_links":{"self":[{"href":"https:\/\/www.mysexualfantasy.eu\/en\/wp-json\/wp\/v2\/product\/68096","targetHints":{"allow":["GET"]}}],"collection":[{"href":"https:\/\/www.mysexualfantasy.eu\/en\/wp-json\/wp\/v2\/product"}],"about":[{"href":"https:\/\/www.mysexualfantasy.eu\/en\/wp-json\/wp\/v2\/types\/product"}],"replies":[{"embeddable":true,"href":"https:\/\/www.mysexualfantasy.eu\/en\/wp-json\/wp\/v2\/comments?post=68096"}],"wp:featuredmedia":[{"embeddable":true,"href":"https:\/\/www.mysexualfantasy.eu\/en\/wp-json\/wp\/v2\/media\/68098"}],"wp:attachment":[{"href":"https:\/\/www.mysexualfantasy.eu\/en\/wp-json\/wp\/v2\/media?parent=68096"}],"wp:term":[{"taxonomy":"product_brand","embeddable":true,"href":"https:\/\/www.mysexualfantasy.eu\/en\/wp-json\/wp\/v2\/product_brand?post=68096"},{"taxonomy":"product_cat","embeddable":true,"href":"https:\/\/www.mysexualfantasy.eu\/en\/wp-json\/wp\/v2\/product_cat?post=68096"},{"taxonomy":"product_tag","embeddable":true,"href":"https:\/\/www.mysexualfantasy.eu\/en\/wp-json\/wp\/v2\/product_tag?post=68096"}],"curies":[{"name":"wp","href":"https:\/\/api.w.org\/{rel}","templated":true}]}}